{"id":7167,"date":"2025-05-05T16:49:09","date_gmt":"2025-05-05T14:49:09","guid":{"rendered":"https:\/\/www.kaspar-spirituosen.de\/shop\/produkt\/cognac-jean-fillioux-tres-vieux-07-lt\/"},"modified":"2025-10-24T16:18:50","modified_gmt":"2025-10-24T14:18:50","slug":"cognac-jean-fillioux-tres-vieux-07-lt","status":"publish","type":"product","link":"https:\/\/www.kaspar-spirituosen.de\/shop\/produkt\/cognac-jean-fillioux-tres-vieux-07-lt\/","title":{"rendered":"Cognac Jean Fillioux Tr\u00e9s vieux 0,7 lt"},"content":{"rendered":"","protected":false},"excerpt":{"rendered":"<p>Sehr volumin\u00f6ser, nobler Cognac der klassischen Art! Der Tr\u00e8s Vieux besticht durch seinen appetitanregenden Duft nach Orangenkonfit\u00fcre, Birne, Quitte, Banane, Zitrus, Sandelholz. Auch eine leicht salzige Ader ist zu finden. Im Mund ist er weinig mit kr\u00e4ftigem Bitterton. Sehr trockener Abgang mit Ankl\u00e4ngen an exotische Fr\u00fcchten, die an Maracuja und Mango erinnern.<\/p>\n<p>Cognac<br \/>\nAlkoholgehalt 40%vol.<br \/>\nCognac Jean Fillioux, La Pouyade F.16130 Juillace-Le-Coq<\/p>\n","protected":false},"featured_media":31222,"comment_status":"closed","ping_status":"closed","template":"","meta":{"_acf_changed":false},"product_brand":[],"product_cat":[1585,1586,1591],"product_tag":[854,856,855,857,858,853],"class_list":{"0":"post-7167","1":"product","2":"type-product","3":"status-publish","4":"has-post-thumbnail","6":"product_cat-cognac-calvados-armagnac","7":"product_cat-cognac","8":"product_cat-jean-fillioux","9":"product_tag-cognac","10":"product_tag-domaine-de-la-pouyade","11":"product_tag-jean-fillioux","12":"product_tag-kaspar-rolf","13":"product_tag-nrw-essen-fine-champagne","14":"product_tag-tres-vieux","16":"first","17":"outofstock","18":"taxable","19":"shipping-taxable","20":"purchasable","21":"product-type-simple"},"acf":[],"_links":{"self":[{"href":"https:\/\/www.kaspar-spirituosen.de\/shop\/wp-json\/wp\/v2\/product\/7167","targetHints":{"allow":["GET"]}}],"collection":[{"href":"https:\/\/www.kaspar-spirituosen.de\/shop\/wp-json\/wp\/v2\/product"}],"about":[{"href":"https:\/\/www.kaspar-spirituosen.de\/shop\/wp-json\/wp\/v2\/types\/product"}],"replies":[{"embeddable":true,"href":"https:\/\/www.kaspar-spirituosen.de\/shop\/wp-json\/wp\/v2\/comments?post=7167"}],"wp:featuredmedia":[{"embeddable":true,"href":"https:\/\/www.kaspar-spirituosen.de\/shop\/wp-json\/wp\/v2\/media\/31222"}],"wp:attachment":[{"href":"https:\/\/www.kaspar-spirituosen.de\/shop\/wp-json\/wp\/v2\/media?parent=7167"}],"wp:term":[{"taxonomy":"product_brand","embeddable":true,"href":"https:\/\/www.kaspar-spirituosen.de\/shop\/wp-json\/wp\/v2\/product_brand?post=7167"},{"taxonomy":"product_cat","embeddable":true,"href":"https:\/\/www.kaspar-spirituosen.de\/shop\/wp-json\/wp\/v2\/product_cat?post=7167"},{"taxonomy":"product_tag","embeddable":true,"href":"https:\/\/www.kaspar-spirituosen.de\/shop\/wp-json\/wp\/v2\/product_tag?post=7167"}],"curies":[{"name":"wp","href":"https:\/\/api.w.org\/{rel}","templated":true}]}}