{"id":7177,"date":"2025-05-05T16:49:09","date_gmt":"2025-05-05T14:49:09","guid":{"rendered":"https:\/\/www.kaspar-spirituosen.de\/shop\/produkt\/cognac-francois-voyer-napoleon-07-lt\/"},"modified":"2025-10-24T16:18:52","modified_gmt":"2025-10-24T14:18:52","slug":"cognac-francois-voyer-napoleon-07-lt","status":"publish","type":"product","link":"https:\/\/www.kaspar-spirituosen.de\/shop\/produkt\/cognac-francois-voyer-napoleon-07-lt\/","title":{"rendered":"Cognac Fran\u00e7ois Voyer Napol\u00e9on 0,7 lt."},"content":{"rendered":"<p>Der <strong>Napol\u00e9on<\/strong>, amberfarben und mit Altgold durchzogen, sticht dem Genie\u00dfer mitten in sein Cognac-Herz. Die pr\u00e4zise Definition floraler Aromen im Duft: Rosen, Jasmin und Nelken verwirren und bet\u00f6ren. Dazu gesellen sich die appetitanregenden Fruchtkomponenten von Pfirsichen und Pflaumen. Die Reifung in Holzf\u00e4ssern, die 17 Jahre andauerte, schenkte dem Napol\u00e9on seinen Duft nach feinster Vanille. Im Bouquet sind erste Anzeichen <strong>eines reifen Cognacs<\/strong> zu finden. Im Mund dominiert die au\u00dfergew\u00f6hnliche Eleganz dieses gro\u00dfen Destillats, ganz wie es sich f\u00fcr einen Premier Cru geziemt.\u00a0Destilliert aus Weinen eigenen Anbaus!<\/p>\n<p>Hier erleben Sie, was ein gro\u00dfer Cognac zu leisten im Stande ist!<\/p>\n<p>Cognac<br \/>\nAlkoholgehalt 40%vol.<br \/>\nCognac Francois Voyer Le Maine Verret 16130 Verrieres, France<\/p>\n","protected":false},"excerpt":{"rendered":"<p>Der <strong>Napol\u00e9on<\/strong>, amberfarben und mit Altgold durchzogen, sticht dem Genie\u00dfer mitten in sein Cognac-Herz. Die pr\u00e4zise Definition floraler Aromen im Duft: Rosen, Jasmin und Nelken verwirren und bet\u00f6ren. Dazu gesellen sich die appetitanregenden Fruchtkomponenten von Pfirsichen und Pflaumen. Die Reifung in Holzf\u00e4ssern, die 17 Jahre andauerte, schenkte dem Napol\u00e9on seinen Duft nach feinster Vanille. Im Bouquet sind erste Anzeichen <strong>eines reifen Cognacs<\/strong> zu finden. Im Mund dominiert die au\u00dfergew\u00f6hnliche Eleganz dieses gro\u00dfen Destillats, ganz wie es sich f\u00fcr einen Premier Cru geziemt.\u00a0Destilliert aus Weinen eigenen Anbaus!<\/p>\n<p>Hier erleben Sie, was ein gro\u00dfer Cognac zu leisten im Stande ist!<\/p>\n<p>Cognac<br \/>\nAlkoholgehalt 40%vol.<br \/>\nCognac Francois Voyer Le Maine Verret 16130 Verrieres, France<\/p>\n","protected":false},"featured_media":31227,"comment_status":"closed","ping_status":"closed","template":"","meta":{"_acf_changed":false},"product_brand":[],"product_cat":[1585,1586,1589],"product_tag":[864],"class_list":{"0":"post-7177","1":"product","2":"type-product","3":"status-publish","4":"has-post-thumbnail","6":"product_cat-cognac-calvados-armagnac","7":"product_cat-cognac","8":"product_cat-francois-voyer","9":"product_tag-napoleon-napoleon-cognac-voyer-francois-rolf-kaspar-essen-nrw-francois","11":"first","12":"instock","13":"taxable","14":"shipping-taxable","15":"purchasable","16":"product-type-simple"},"acf":[],"_links":{"self":[{"href":"https:\/\/www.kaspar-spirituosen.de\/shop\/wp-json\/wp\/v2\/product\/7177","targetHints":{"allow":["GET"]}}],"collection":[{"href":"https:\/\/www.kaspar-spirituosen.de\/shop\/wp-json\/wp\/v2\/product"}],"about":[{"href":"https:\/\/www.kaspar-spirituosen.de\/shop\/wp-json\/wp\/v2\/types\/product"}],"replies":[{"embeddable":true,"href":"https:\/\/www.kaspar-spirituosen.de\/shop\/wp-json\/wp\/v2\/comments?post=7177"}],"wp:featuredmedia":[{"embeddable":true,"href":"https:\/\/www.kaspar-spirituosen.de\/shop\/wp-json\/wp\/v2\/media\/31227"}],"wp:attachment":[{"href":"https:\/\/www.kaspar-spirituosen.de\/shop\/wp-json\/wp\/v2\/media?parent=7177"}],"wp:term":[{"taxonomy":"product_brand","embeddable":true,"href":"https:\/\/www.kaspar-spirituosen.de\/shop\/wp-json\/wp\/v2\/product_brand?post=7177"},{"taxonomy":"product_cat","embeddable":true,"href":"https:\/\/www.kaspar-spirituosen.de\/shop\/wp-json\/wp\/v2\/product_cat?post=7177"},{"taxonomy":"product_tag","embeddable":true,"href":"https:\/\/www.kaspar-spirituosen.de\/shop\/wp-json\/wp\/v2\/product_tag?post=7177"}],"curies":[{"name":"wp","href":"https:\/\/api.w.org\/{rel}","templated":true}]}}