{"id":7183,"date":"2025-05-05T16:49:22","date_gmt":"2025-05-05T14:49:22","guid":{"rendered":"https:\/\/www.kaspar-spirituosen.de\/shop\/produkt\/cognac-vaudon-vs-07-lt\/"},"modified":"2025-10-24T16:18:37","modified_gmt":"2025-10-24T14:18:37","slug":"cognac-vaudon-vs-07-lt","status":"publish","type":"product","link":"https:\/\/www.kaspar-spirituosen.de\/shop\/produkt\/cognac-vaudon-vs-07-lt\/","title":{"rendered":"Cognac Vaudon VS 0,7 lt."},"content":{"rendered":"<p><strong><span style=\"font-family: Arial, Verdana, Helvetica; font-size: 18px;\">VS<\/span><\/strong><br style=\"font-family: Arial, Verdana, Helvetica; font-size: 18px;\" \/><span style=\"font-family: Arial, Verdana, Helvetica; font-size: 18px;\">Die \u201e<strong>Fins Bois\u201c-Eaux-de-vie<\/strong> bringen komplexe Aromen von frischen Beeren hervor, unterlegt von cremigen Vanillenoten und erg\u00e4nzt durch ein harmonisches Bouquet fruchtiger Birne und Aprikose &#8211; eine wundersch\u00f6ne Verbindung zwischen wei\u00dfem Obstkorb und dezenten Lakritznoten<\/span><\/p>\n<p><span style=\"color: #353332; font-family: Arial, Verdana, Helvetica; font-size: 18px; background-color: #feefe0;\">VS<\/span><br style=\"color: #353332; font-family: Arial, Verdana, Helvetica; font-size: 18px; background-color: #feefe0;\" \/><span style=\"color: #353332; font-family: Arial, Verdana, Helvetica; font-size: 18px; background-color: #feefe0;\">Die<strong> \u201eFins Bois\u201c-Eaux-de-vie<\/strong> bringen komplexe Aromen von frischen Beeren hervor, unterlegt von cremigen Vanillenoten und erg\u00e4nzt durch ein harmonisches Bouquet fruchtiger Birne und Aprikose &#8211; eine wundersch\u00f6ne Verbindung zwischen wei\u00dfem Obstkorb und dezenten Lakritznoten<\/span><\/p>\n<p>Alles begann im Jahr 1771, als Francois Gaborit sein Anwesen und seine Weinberge in M\u00e9rignac seinem Stiefsohn Pierre Nalbert vermachte. \u00dcber Generationen hinweg wuchs und entwickelte sich das Anwesen. Heute sind <strong>Anne-Marie Vaudon<\/strong> und <strong>Pierre Vaudon<\/strong> die H\u00fcter dieser Geschichte und dieses Know-hows.<br \/>\nCognac Vaudon konzentriert sich auf einen einzigen <strong>\u201eCru\u201c Cognac<\/strong>: den <strong>Fins Bois<\/strong>, den breitesten Cru der Region. Es verleiht unseren Cognacs K\u00f6rper und Weichheit. Aber das Fantastischste, was kein Winzer einer anderen Appellation riskieren k\u00f6nnte, ist, dass sie ihren Weinen keinen Schwefel hinzuf\u00fcgen. Dadurch sind sie fruchtig \u2013 mit reifen, frischen Birnennoten \u2013 und zarten Brioche-Aromen durch die Reifung auf der Hefe vor der Destillation. Nach der Destillation in Charentais-Destillierapparaten erfolgt die Lagerung in <strong>Limousin-Eichenf\u00e4ssern<\/strong>. Die Herkunft des Holzes und die Qualit\u00e4t des Fassmachers sind von gr\u00f6\u00dfter Bedeutung. Auch die Atmosph\u00e4re im Keller spielt eine wichtige Rolle. Durch die Reifung k\u00f6nnen manchmal hervorragende Jahrg\u00e4nge entstehen, w\u00e4hrend die Mischung Komplexit\u00e4t und Regelm\u00e4\u00dfigkeit mit sich bringt.<br \/>\nDas Streben nach Harmonie kann beschwerliche Wege einschlagen, die \u201ePont de Coup\u00e9\u201c oder \u201ePetites Eaux\u201c genannt werden.<\/p>\n<p><span style=\"font-family: Arial, Verdana, Helvetica; font-size: 18px;\">Cognac<\/span><br style=\"font-family: Arial, Verdana, Helvetica; font-size: 18px;\" \/><span style=\"font-family: Arial, Verdana, Helvetica; font-size: 18px;\">Alkoholgehalt 40%vol.<\/span><br style=\"font-family: Arial, Verdana, Helvetica; font-size: 18px;\" \/><span style=\"font-family: Arial, Verdana, Helvetica; font-size: 18px;\">Hersteller: Les Domaines des de Bibardies &#8211; Sarl de Bibardies \u2013 Le Maine Verret \u2013 16130 VERRIERES \u2013 France<\/span><\/p>\n","protected":false},"excerpt":{"rendered":"<p>VS<br \/>\nDie \u201eFins Bois\u201c-Eaux-de-vie bringen komplexe Aromen\u00a0<span style=\"font-family: Arial, Verdana, Helvetica; font-size: 18px;\">von frischen Beeren hervor, unterlegt von cremigen Vanillenoten<\/span><\/p>\n","protected":false},"featured_media":31230,"comment_status":"closed","ping_status":"closed","template":"","meta":{"_acf_changed":false},"product_brand":[],"product_cat":[1585,1586,1592],"product_tag":[866],"class_list":{"0":"post-7183","1":"product","2":"type-product","3":"status-publish","4":"has-post-thumbnail","6":"product_cat-cognac-calvados-armagnac","7":"product_cat-cognac","8":"product_cat-andere-cognac-produzenten","9":"product_tag-cognac-voyer-xo-francois-francois-rolf-kaspar-nrw-essen-cognacproduzent-champagne-vaudon","11":"first","12":"instock","13":"taxable","14":"shipping-taxable","15":"purchasable","16":"product-type-simple"},"acf":[],"_links":{"self":[{"href":"https:\/\/www.kaspar-spirituosen.de\/shop\/wp-json\/wp\/v2\/product\/7183","targetHints":{"allow":["GET"]}}],"collection":[{"href":"https:\/\/www.kaspar-spirituosen.de\/shop\/wp-json\/wp\/v2\/product"}],"about":[{"href":"https:\/\/www.kaspar-spirituosen.de\/shop\/wp-json\/wp\/v2\/types\/product"}],"replies":[{"embeddable":true,"href":"https:\/\/www.kaspar-spirituosen.de\/shop\/wp-json\/wp\/v2\/comments?post=7183"}],"wp:featuredmedia":[{"embeddable":true,"href":"https:\/\/www.kaspar-spirituosen.de\/shop\/wp-json\/wp\/v2\/media\/31230"}],"wp:attachment":[{"href":"https:\/\/www.kaspar-spirituosen.de\/shop\/wp-json\/wp\/v2\/media?parent=7183"}],"wp:term":[{"taxonomy":"product_brand","embeddable":true,"href":"https:\/\/www.kaspar-spirituosen.de\/shop\/wp-json\/wp\/v2\/product_brand?post=7183"},{"taxonomy":"product_cat","embeddable":true,"href":"https:\/\/www.kaspar-spirituosen.de\/shop\/wp-json\/wp\/v2\/product_cat?post=7183"},{"taxonomy":"product_tag","embeddable":true,"href":"https:\/\/www.kaspar-spirituosen.de\/shop\/wp-json\/wp\/v2\/product_tag?post=7183"}],"curies":[{"name":"wp","href":"https:\/\/api.w.org\/{rel}","templated":true}]}}