{"id":7187,"date":"2025-05-05T16:49:22","date_gmt":"2025-05-05T14:49:22","guid":{"rendered":"https:\/\/www.kaspar-spirituosen.de\/shop\/produkt\/cognac-francois-voyer-xo-gold-07-lt\/"},"modified":"2026-03-22T17:29:00","modified_gmt":"2026-03-22T16:29:00","slug":"cognac-francois-voyer-xo-gold-07-lt","status":"publish","type":"product","link":"https:\/\/www.kaspar-spirituosen.de\/shop\/produkt\/cognac-francois-voyer-xo-gold-07-lt\/","title":{"rendered":"Cognac Fran\u00e7ois Voyer XO Gold 0,7 lt."},"content":{"rendered":"<p>Auch von diesem kleinen, aber feinen Cognac-Haus k\u00f6nnen Sie Gro\u00dfes erwarten. Auf nur 28 Hektar ausschlie\u00dflich in <strong>1er-Cru-Lagen <\/strong>wird der Wein angebaut, der sp\u00e4ter dann auch destilliert wird. Es wird nichts hinzugekauft und schon gar nicht aus weniger guten Lagen! Von einem solch exquisiten Haus d\u00fcrfen Sie \u00fcberaus delikate Aromen, einen lang anhaltenden Nachhall und superbe Eleganz erwarten. Der \u00e4u\u00dferst weiche Terres de Grandes Champagne macht ihnen den Einstieg sehr leicht. Beim VSOP geht es dann schon etwas strammer zu, der Napoleon ist einer der fruchtbetontesten seiner Art und der XO ein dicker, tiefer Cognac.<\/p>\n<p><strong>Cognac XO Gold<\/strong><\/p>\n<p>Aromen: Duft von Vanille und Trockenfr\u00fcchten (Waln\u00fcsse, Haseln\u00fcsse) gemischt mit w\u00fcrzigen, pfeffrigen D\u00fcften &#8211; eine au\u00dfergew\u00f6hnliche L\u00e4nge im Mund und eine aromatische S\u00fc\u00dfe, die sein gro\u00dfes Alter verr\u00e4t<br \/>\nAppellation: Grande Champagne 1er Cru<br \/>\nAlter: Mischung von mehr als 10 bis 30 Jahren.<br \/>\nRebsorte: Ugni Blanc<\/p>\n<p>Cognac<br \/>\nAlkoholgehalt 40%vol.<br \/>\nCognac Francois Voyer Le Maine Verret 16130 Verrieres, France<\/p>\n","protected":false},"excerpt":{"rendered":"<p><span style=\"font-family: Arial, Verdana, Helvetica; font-size: 18px;\">Vanille und Trockenfr\u00fcchte\u00a0gemischt mit w\u00fcrzigen, pfeffrigen D\u00fcften &#8211; eine au\u00dfergew\u00f6hnliche L\u00e4nge im Mund und eine aromatische S\u00fc\u00dfe<\/span><\/p>\n","protected":false},"featured_media":31231,"comment_status":"closed","ping_status":"closed","template":"","meta":{"_acf_changed":false},"product_brand":[],"product_cat":[1585,1586,1589],"product_tag":[865],"class_list":{"0":"post-7187","1":"product","2":"type-product","3":"status-publish","4":"has-post-thumbnail","6":"product_cat-cognac-calvados-armagnac","7":"product_cat-cognac","8":"product_cat-francois-voyer","9":"product_tag-cognac-voyer-xo-francois-francois-rolf-kaspar-nrw-essen-cognacproduzent-champagne","11":"first","12":"outofstock","13":"taxable","14":"shipping-taxable","15":"purchasable","16":"product-type-simple"},"acf":[],"_links":{"self":[{"href":"https:\/\/www.kaspar-spirituosen.de\/shop\/wp-json\/wp\/v2\/product\/7187","targetHints":{"allow":["GET"]}}],"collection":[{"href":"https:\/\/www.kaspar-spirituosen.de\/shop\/wp-json\/wp\/v2\/product"}],"about":[{"href":"https:\/\/www.kaspar-spirituosen.de\/shop\/wp-json\/wp\/v2\/types\/product"}],"replies":[{"embeddable":true,"href":"https:\/\/www.kaspar-spirituosen.de\/shop\/wp-json\/wp\/v2\/comments?post=7187"}],"wp:featuredmedia":[{"embeddable":true,"href":"https:\/\/www.kaspar-spirituosen.de\/shop\/wp-json\/wp\/v2\/media\/31231"}],"wp:attachment":[{"href":"https:\/\/www.kaspar-spirituosen.de\/shop\/wp-json\/wp\/v2\/media?parent=7187"}],"wp:term":[{"taxonomy":"product_brand","embeddable":true,"href":"https:\/\/www.kaspar-spirituosen.de\/shop\/wp-json\/wp\/v2\/product_brand?post=7187"},{"taxonomy":"product_cat","embeddable":true,"href":"https:\/\/www.kaspar-spirituosen.de\/shop\/wp-json\/wp\/v2\/product_cat?post=7187"},{"taxonomy":"product_tag","embeddable":true,"href":"https:\/\/www.kaspar-spirituosen.de\/shop\/wp-json\/wp\/v2\/product_tag?post=7187"}],"curies":[{"name":"wp","href":"https:\/\/api.w.org\/{rel}","templated":true}]}}