{"id":7212,"date":"2025-05-05T16:49:22","date_gmt":"2025-05-05T14:49:22","guid":{"rendered":"https:\/\/www.kaspar-spirituosen.de\/shop\/produkt\/rum-botucal-07-lt\/"},"modified":"2025-10-24T16:18:43","modified_gmt":"2025-10-24T14:18:43","slug":"rum-botucal-07-lt","status":"publish","type":"product","link":"https:\/\/www.kaspar-spirituosen.de\/shop\/produkt\/rum-botucal-07-lt\/","title":{"rendered":"Rum Botucal, 0,7 lt"},"content":{"rendered":"<p><b>Rum <\/b><\/p>\n<p>Rum wird aus Melasse, seltener aus frischem Zuckerrohrsaft gewonnen. Produktionsorte sind unter anderem die Karibik und Kanaren, Mittel-und S\u00fcdamerika, Philippinen, Australien, Madagaskar, Martinique, Mauritius, Indien, R\u00e9union sowie Kap Verde. In Deutschland und Skandinavien erlangte Rum durch die starken Handelsaktivit\u00e4ten der sogenannten Westindienflotte an Popularit\u00e4t. Sie hatte ihren Sitz im 18. Jahrhundert in der damals d\u00e4nischen Rumhandelsstadt Flensburg und brachte durch Handelsschiffe Rum aus der Karibik und extra von den Jungferninseln nach Europa. Im Europa des 15. Jahrhundert war Rum zwar bekannt, denn nachdem die Christen Granada erobert hatten, kannten sie das Getr\u00e4nk, sie waren aber nicht in der Lage, den s\u00fc\u00dfen Saft aus der Melasse des Zuckerrohrs herzustellen, weil ihnen im Gegensatz zu den Arabern das Zuckerrohr noch unbekannt war. Christoph Columbus hatte die Pflanze auf seiner zweiten Reise nach Amerika (1493) auf Hispaniola eingef\u00fchrt.<\/p>\n<p>Der erste Schritt der Rum Herstellung ist die Produktion der Maische. Sie ist ein Gemisch aus Melasse oder geh\u00e4ckseltem Zuckerrohr, Zuckerrohrsaft und Wasser. Die Maische wird fermentiert und damit zur G\u00e4rung gebracht. Der entstandene Zuckerwein ergibt nach der Destillation und Verd\u00fcnnung mit Wasser wei\u00dfen Rum. Der eigentliche Rum ist somit hergestellt. F\u00fcr eigene Noten sorgt die Lagerung in gebrauchten Holzf\u00e4ssern und f\u00fcr bessere Qualit\u00e4t bei wei\u00dfen Rums die mehrmonatige Lagerung in Edelstahlf\u00e4ssern. Die Eichenholzf\u00e4sser f\u00e4rben den Rum dunkler. Bei braunem Rum wird auch meist Karamell-Sirup zum F\u00e4rben benutzt.<\/p>\n<p>40% Vol., 700 ml<\/p>\n<p>Importeur Deutschland: Sierra Madre Trend Food GmbH, Rohrstr. 26, 58093 Hagen, Germany<\/p>\n<p>Destilerias Unidas, S.A. RIF: J-30940783-0, Venezuela<\/p>\n","protected":false},"excerpt":{"rendered":"<p><b>Rum <\/b><\/p>\n<p>Rum wird aus Melasse, seltener aus frischem Zuckerrohrsaft gewonnen. Produktionsorte sind unter anderem die Karibik und Kanaren, Mittel-und S\u00fcdamerika, Philippinen, Australien, Madagaskar, Martinique, Mauritius, Indien, R\u00e9union sowie Kap Verde. In Deutschland und Skandinavien erlangte Rum durch die starken Handelsaktivit\u00e4ten der sogenannten Westindienflotte an Popularit\u00e4t. Sie hatte ihren Sitz im 18. Jahrhundert in der damals d\u00e4nischen Rumhandelsstadt Flensburg und brachte durch Handelsschiffe Rum aus der Karibik und extra von den Jungferninseln nach Europa. Im Europa des 15. Jahrhundert war Rum zwar bekannt, denn nachdem die Christen Granada erobert hatten, kannten sie das Getr\u00e4nk, sie waren aber nicht in der Lage, den s\u00fc\u00dfen Saft aus der Melasse des Zuckerrohrs herzustellen, weil ihnen im Gegensatz zu den Arabern das Zuckerrohr noch unbekannt war. Christoph Columbus hatte die Pflanze auf seiner zweiten Reise nach Amerika (1493) auf Hispaniola eingef\u00fchrt.<\/p>\n<p>Der erste Schritt der Rum Herstellung ist die Produktion der Maische. Sie ist ein Gemisch aus Melasse oder geh\u00e4ckseltem Zuckerrohr, Zuckerrohrsaft und Wasser. Die Maische wird fermentiert und damit zur G\u00e4rung gebracht. Der entstandene Zuckerwein ergibt nach der Destillation und Verd\u00fcnnung mit Wasser wei\u00dfen Rum. Der eigentliche Rum ist somit hergestellt. F\u00fcr eigene Noten sorgt die Lagerung in gebrauchten Holzf\u00e4ssern und f\u00fcr bessere Qualit\u00e4t bei wei\u00dfen Rums die mehrmonatige Lagerung in Edelstahlf\u00e4ssern. Die Eichenholzf\u00e4sser f\u00e4rben den Rum dunkler. Bei braunem Rum wird auch meist Karamell-Sirup zum F\u00e4rben benutzt.<\/p>\n<p>40% Vol., 700 ml<\/p>\n<p>Importeur Deutschland: Sierra Madre Trend Food GmbH, Rohrstr. 26, 58093 Hagen, Germany<\/p>\n<p>Destilerias Unidas, S.A. RIF: J-30940783-0, Venezuela<\/p>\n","protected":false},"featured_media":31242,"comment_status":"closed","ping_status":"closed","template":"","meta":{"_acf_changed":false},"product_brand":[],"product_cat":[1563,1565],"product_tag":[879],"class_list":{"0":"post-7212","1":"product","2":"type-product","3":"status-publish","4":"has-post-thumbnail","6":"product_cat-gin-rum-weitere-spirituosen-likoere","7":"product_cat-rum-cachaca","8":"product_tag-diplomatico-botucal-venezuela-rum-rolf-kaspar-essen-nrw-fachhandel-melasse-zuckerrohr-destillat-holzfass-aktion","10":"first","11":"outofstock","12":"taxable","13":"shipping-taxable","14":"purchasable","15":"product-type-simple"},"acf":[],"_links":{"self":[{"href":"https:\/\/www.kaspar-spirituosen.de\/shop\/wp-json\/wp\/v2\/product\/7212","targetHints":{"allow":["GET"]}}],"collection":[{"href":"https:\/\/www.kaspar-spirituosen.de\/shop\/wp-json\/wp\/v2\/product"}],"about":[{"href":"https:\/\/www.kaspar-spirituosen.de\/shop\/wp-json\/wp\/v2\/types\/product"}],"replies":[{"embeddable":true,"href":"https:\/\/www.kaspar-spirituosen.de\/shop\/wp-json\/wp\/v2\/comments?post=7212"}],"wp:featuredmedia":[{"embeddable":true,"href":"https:\/\/www.kaspar-spirituosen.de\/shop\/wp-json\/wp\/v2\/media\/31242"}],"wp:attachment":[{"href":"https:\/\/www.kaspar-spirituosen.de\/shop\/wp-json\/wp\/v2\/media?parent=7212"}],"wp:term":[{"taxonomy":"product_brand","embeddable":true,"href":"https:\/\/www.kaspar-spirituosen.de\/shop\/wp-json\/wp\/v2\/product_brand?post=7212"},{"taxonomy":"product_cat","embeddable":true,"href":"https:\/\/www.kaspar-spirituosen.de\/shop\/wp-json\/wp\/v2\/product_cat?post=7212"},{"taxonomy":"product_tag","embeddable":true,"href":"https:\/\/www.kaspar-spirituosen.de\/shop\/wp-json\/wp\/v2\/product_tag?post=7212"}],"curies":[{"name":"wp","href":"https:\/\/api.w.org\/{rel}","templated":true}]}}