{"id":7241,"date":"2025-05-05T16:49:34","date_gmt":"2025-05-05T14:49:34","guid":{"rendered":"https:\/\/www.kaspar-spirituosen.de\/shop\/produkt\/captain-morgan-spiced-gold-rum-07-lt\/"},"modified":"2025-10-24T16:18:32","modified_gmt":"2025-10-24T14:18:32","slug":"captain-morgan-spiced-gold-rum-07-lt","status":"publish","type":"product","link":"https:\/\/www.kaspar-spirituosen.de\/shop\/produkt\/captain-morgan-spiced-gold-rum-07-lt\/","title":{"rendered":"Captain Morgan Spiced Gold Rum 0,7 lt."},"content":{"rendered":"","protected":false},"excerpt":{"rendered":"<p>Goldener Rum, aromatisiert mit den exotischen Gew\u00fcrzen der Karibik, viel S\u00fc\u00dfe, w\u00fcrzig, vanillig!<\/p>\n<p><span style=\"color: #cc0000;\"><strong><span style=\"font-size: 10px;\">mit Farbstoff<\/span><\/strong><\/span><\/p>\n<p>35 % Alkohol<\/p>\n<p>Importeur :<br \/>\nDiageo Germany GmbH<br \/>\nReeperbahn 1<br \/>\n20359 Hamburg<br \/>\nTelefon: +49 (0) 40 -236486 &#8211; 0<\/p>\n","protected":false},"featured_media":31250,"comment_status":"closed","ping_status":"closed","template":"","meta":{"_acf_changed":false},"product_brand":[],"product_cat":[1563,1565],"product_tag":[897],"class_list":{"0":"post-7241","1":"product","2":"type-product","3":"status-publish","4":"has-post-thumbnail","6":"product_cat-gin-rum-weitere-spirituosen-likoere","7":"product_cat-rum-cachaca","8":"product_tag-captain-morgan-spiced-gold-caribean-karibisch-karibik-rum","10":"first","11":"instock","12":"taxable","13":"shipping-taxable","14":"purchasable","15":"product-type-simple"},"acf":[],"_links":{"self":[{"href":"https:\/\/www.kaspar-spirituosen.de\/shop\/wp-json\/wp\/v2\/product\/7241","targetHints":{"allow":["GET"]}}],"collection":[{"href":"https:\/\/www.kaspar-spirituosen.de\/shop\/wp-json\/wp\/v2\/product"}],"about":[{"href":"https:\/\/www.kaspar-spirituosen.de\/shop\/wp-json\/wp\/v2\/types\/product"}],"replies":[{"embeddable":true,"href":"https:\/\/www.kaspar-spirituosen.de\/shop\/wp-json\/wp\/v2\/comments?post=7241"}],"wp:featuredmedia":[{"embeddable":true,"href":"https:\/\/www.kaspar-spirituosen.de\/shop\/wp-json\/wp\/v2\/media\/31250"}],"wp:attachment":[{"href":"https:\/\/www.kaspar-spirituosen.de\/shop\/wp-json\/wp\/v2\/media?parent=7241"}],"wp:term":[{"taxonomy":"product_brand","embeddable":true,"href":"https:\/\/www.kaspar-spirituosen.de\/shop\/wp-json\/wp\/v2\/product_brand?post=7241"},{"taxonomy":"product_cat","embeddable":true,"href":"https:\/\/www.kaspar-spirituosen.de\/shop\/wp-json\/wp\/v2\/product_cat?post=7241"},{"taxonomy":"product_tag","embeddable":true,"href":"https:\/\/www.kaspar-spirituosen.de\/shop\/wp-json\/wp\/v2\/product_tag?post=7241"}],"curies":[{"name":"wp","href":"https:\/\/api.w.org\/{rel}","templated":true}]}}