{"id":7247,"date":"2025-05-05T16:49:34","date_gmt":"2025-05-05T14:49:34","guid":{"rendered":"https:\/\/www.kaspar-spirituosen.de\/shop\/produkt\/daktari-white-rum-07-lt\/"},"modified":"2025-12-05T19:09:53","modified_gmt":"2025-12-05T18:09:53","slug":"daktari-white-rum-07-lt","status":"publish","type":"product","link":"https:\/\/www.kaspar-spirituosen.de\/shop\/produkt\/daktari-white-rum-07-lt\/","title":{"rendered":"Daktari White Rum 0,7 lt."},"content":{"rendered":"","protected":false},"excerpt":{"rendered":"<p><strong>Daktari White Rum<\/strong> &#8211; in Zusammenarbeit mit einer der besten Cocktailbars Essens<\/p>\n<p>Frischer vollmundiger Rum mit einem ganzen Obstkorp tropischer Fr\u00fcchte der Caribik und der milden S\u00fc\u00dfe des Rohrzuckers, vanillige, cremige Noten im langen Nachklang &#8211; purer Genuss mit etwas Eis oder die perfekte Grundlage f\u00fcr komplexe Cocktails.<\/p>\n<p><strong>Wei\u00dfer Rum<\/strong><\/p>\n<p>41% Alkohol<\/p>\n<p>Rolf Kaspar GmbH, Ruhrallee 59, 45138 Essen<\/p>\n","protected":false},"featured_media":31252,"comment_status":"closed","ping_status":"closed","template":"","meta":{"_acf_changed":false},"product_brand":[],"product_cat":[1563,1565],"product_tag":[903],"class_list":{"0":"post-7247","1":"product","2":"type-product","3":"status-publish","4":"has-post-thumbnail","6":"product_cat-gin-rum-weitere-spirituosen-likoere","7":"product_cat-rum-cachaca","8":"product_tag-daktari-white-weiss-rum-zuckerrohr-melasse-zuckerruebe-rolf-kaspar-essen-nrw","10":"first","11":"instock","12":"taxable","13":"shipping-taxable","14":"purchasable","15":"product-type-simple"},"acf":[],"_links":{"self":[{"href":"https:\/\/www.kaspar-spirituosen.de\/shop\/wp-json\/wp\/v2\/product\/7247","targetHints":{"allow":["GET"]}}],"collection":[{"href":"https:\/\/www.kaspar-spirituosen.de\/shop\/wp-json\/wp\/v2\/product"}],"about":[{"href":"https:\/\/www.kaspar-spirituosen.de\/shop\/wp-json\/wp\/v2\/types\/product"}],"replies":[{"embeddable":true,"href":"https:\/\/www.kaspar-spirituosen.de\/shop\/wp-json\/wp\/v2\/comments?post=7247"}],"wp:featuredmedia":[{"embeddable":true,"href":"https:\/\/www.kaspar-spirituosen.de\/shop\/wp-json\/wp\/v2\/media\/31252"}],"wp:attachment":[{"href":"https:\/\/www.kaspar-spirituosen.de\/shop\/wp-json\/wp\/v2\/media?parent=7247"}],"wp:term":[{"taxonomy":"product_brand","embeddable":true,"href":"https:\/\/www.kaspar-spirituosen.de\/shop\/wp-json\/wp\/v2\/product_brand?post=7247"},{"taxonomy":"product_cat","embeddable":true,"href":"https:\/\/www.kaspar-spirituosen.de\/shop\/wp-json\/wp\/v2\/product_cat?post=7247"},{"taxonomy":"product_tag","embeddable":true,"href":"https:\/\/www.kaspar-spirituosen.de\/shop\/wp-json\/wp\/v2\/product_tag?post=7247"}],"curies":[{"name":"wp","href":"https:\/\/api.w.org\/{rel}","templated":true}]}}