{"id":7265,"date":"2025-05-05T16:49:47","date_gmt":"2025-05-05T14:49:47","guid":{"rendered":"https:\/\/www.kaspar-spirituosen.de\/shop\/produkt\/woodland-sauerland-dry-gin-05l-453-alkohol\/"},"modified":"2026-01-28T08:52:33","modified_gmt":"2026-01-28T07:52:33","slug":"woodland-sauerland-dry-gin-05l-453-alkohol","status":"publish","type":"product","link":"https:\/\/www.kaspar-spirituosen.de\/shop\/produkt\/woodland-sauerland-dry-gin-05l-453-alkohol\/","title":{"rendered":"Woodland, Sauerland Dry Gin 0,5l, 45,3 % Alkohol"},"content":{"rendered":"<p><span style=\"font-size: 14px;\">\u201e<strong>Woodland <\/strong>ist ein echter Dry Gin aus dem waldig gepr\u00e4gten Mittelgebirge des <strong>Sauerlandes<\/strong>.\u00a0 Die \u00fcberwiegend heimischen Botanicals machen den einzigartigen Geschmack dieses Sauer l\u00e4nder Destillats aus. Fichtenspitzen, Baumpilz und L\u00f6wen zahnwurzel sorgen in der K\u00f6rpernote f\u00fcr\u00a0 einen waldig-erdigen Geschmack. Eine leichte Kopfnote aus frischer Brennnessel, handgepfl\u00fccktem Sauerampfer sowie Zitrusaromen\u00a0 runden den Geschmack spritzig ab. So entsteht ein herb frischer Gin, destilliert mit eigenem fein- milden Sauerl\u00e4nder Quellwasser, der sich als Aperitif genauso hervorragend eignet wie als Longdrink <strong>mit ausgesuchten Tonics<\/strong> oder im Cocktail.\u201c<\/span><\/p>\n<p><span style=\"font-family: Arial, Verdana, Helvetica; font-size: 14px;\">Gin,\u00a0<\/span><span style=\"font-size: 14px;\">Alkoholgehalt 45,3%vol., Handcrafted &amp; Unfiltered, 100 % pure grain alcohol<\/span><\/p>\n<p><span style=\"font-size: 14px;\">0,5-l-Flasche.<\/span><\/p>\n<p><span style=\"font-size: 14px;\">Sauerland Distillers GmbH<br \/>\nTh\u00fcnenstra\u00dfe 11<br \/>\n58511 L\u00fcdenscheid<br \/>\nTel: +49 2351 665 0000<br \/>\ninfo@sauerland-distillers.de<\/span><\/p>\n","protected":false},"excerpt":{"rendered":"<p><span style=\"font-size: 14px;\"><span style=\"color: windowtext;\"><span style=\"font-family: arial,sans-serif;\">Woodland ist ein echter Dry Gin aus dem waldig gepr\u00e4gten Mittelgebirge des Sauerlandes und \u00fcberwiegend heimischen Botanicals<\/span><\/span><\/span><\/p>\n","protected":false},"featured_media":31259,"comment_status":"closed","ping_status":"closed","template":"","meta":{"_acf_changed":false},"product_brand":[],"product_cat":[1563,1564],"product_tag":[913],"class_list":{"0":"post-7265","1":"product","2":"type-product","3":"status-publish","4":"has-post-thumbnail","6":"product_cat-gin-rum-weitere-spirituosen-likoere","7":"product_cat-gin-vodka-klare","8":"product_tag-woodland-dry-gin-sauerland-handcrafted-unfiltered-wacholder-beeren-genever-tonic-london-rolf-kaspar-fachhandel-essen-nrw","10":"first","11":"instock","12":"taxable","13":"shipping-taxable","14":"purchasable","15":"product-type-simple"},"acf":[],"_links":{"self":[{"href":"https:\/\/www.kaspar-spirituosen.de\/shop\/wp-json\/wp\/v2\/product\/7265","targetHints":{"allow":["GET"]}}],"collection":[{"href":"https:\/\/www.kaspar-spirituosen.de\/shop\/wp-json\/wp\/v2\/product"}],"about":[{"href":"https:\/\/www.kaspar-spirituosen.de\/shop\/wp-json\/wp\/v2\/types\/product"}],"replies":[{"embeddable":true,"href":"https:\/\/www.kaspar-spirituosen.de\/shop\/wp-json\/wp\/v2\/comments?post=7265"}],"wp:featuredmedia":[{"embeddable":true,"href":"https:\/\/www.kaspar-spirituosen.de\/shop\/wp-json\/wp\/v2\/media\/31259"}],"wp:attachment":[{"href":"https:\/\/www.kaspar-spirituosen.de\/shop\/wp-json\/wp\/v2\/media?parent=7265"}],"wp:term":[{"taxonomy":"product_brand","embeddable":true,"href":"https:\/\/www.kaspar-spirituosen.de\/shop\/wp-json\/wp\/v2\/product_brand?post=7265"},{"taxonomy":"product_cat","embeddable":true,"href":"https:\/\/www.kaspar-spirituosen.de\/shop\/wp-json\/wp\/v2\/product_cat?post=7265"},{"taxonomy":"product_tag","embeddable":true,"href":"https:\/\/www.kaspar-spirituosen.de\/shop\/wp-json\/wp\/v2\/product_tag?post=7265"}],"curies":[{"name":"wp","href":"https:\/\/api.w.org\/{rel}","templated":true}]}}