{"id":7269,"date":"2025-05-05T16:49:47","date_gmt":"2025-05-05T14:49:47","guid":{"rendered":"https:\/\/www.kaspar-spirituosen.de\/shop\/produkt\/grasovka-wodka-10-lt\/"},"modified":"2025-10-24T16:18:21","modified_gmt":"2025-10-24T14:18:21","slug":"grasovka-wodka-10-lt","status":"publish","type":"product","link":"https:\/\/www.kaspar-spirituosen.de\/shop\/produkt\/grasovka-wodka-10-lt\/","title":{"rendered":"Grasovka Wodka 1,0 lt."},"content":{"rendered":"<div id=\"content1\" style=\"font-size: 16px;\">\n<p>Die Besonderheit der polnischen <strong>Wodka-Spezialit\u00e4t Grasovka<\/strong> beruht auf seiner Aromatisierung mit <strong>B\u00fcffelgras<\/strong>, welches in B\u00fcscheln auf den Lichtungen der W\u00e4lder des Nationalparks von Bialowieza an der Grenze zwischen Polen und Wei\u00dfrussland w\u00e4chst. Dort findet man auch noch heute die seltenen freilebenden europ\u00e4ischen B\u00fcffel.<\/p>\n<p style=\"font-size: 16px;\">Zahlreiche Versuche, dieses <strong>Gras <\/strong>in anderen Gebieten der Welt zu kultivieren, schlugen fehl. Jeder Halm B\u00fcffelgras in einer Grasovka Flasche ist also ein Geschenk aus der polnischen Natur.<\/p>\n<p style=\"font-size: 16px;\">Alkoholgehalt 40 %.<\/p>\n<p>Importeur:<br \/>\nDiversa Spezialit\u00e4ten GmbH<br \/>\nHubert-Underberg-Allee 1, 47495 Rheinberg<br \/>\nTelefon:02843 9200<\/p>\n<\/div>\n<p style=\"font-size: 16px;\">\n","protected":false},"excerpt":{"rendered":"<div id=\"content1\">Die Besonderheit der polnischen Wodka-Spezialit\u00e4t Grasovka beruht auf seiner Aromatisierung mit B\u00fcffelgras<\/div>\n","protected":false},"featured_media":31260,"comment_status":"closed","ping_status":"closed","template":"","meta":{"_acf_changed":false},"product_brand":[],"product_cat":[1563,1564],"product_tag":[917],"class_list":{"0":"post-7269","1":"product","2":"type-product","3":"status-publish","4":"has-post-thumbnail","6":"product_cat-gin-rum-weitere-spirituosen-likoere","7":"product_cat-gin-vodka-klare","8":"product_tag-grasovka-wodka-vodka-polen-polnisch-rolf-kaspar-essen","10":"first","11":"outofstock","12":"taxable","13":"shipping-taxable","14":"purchasable","15":"product-type-simple"},"acf":[],"_links":{"self":[{"href":"https:\/\/www.kaspar-spirituosen.de\/shop\/wp-json\/wp\/v2\/product\/7269","targetHints":{"allow":["GET"]}}],"collection":[{"href":"https:\/\/www.kaspar-spirituosen.de\/shop\/wp-json\/wp\/v2\/product"}],"about":[{"href":"https:\/\/www.kaspar-spirituosen.de\/shop\/wp-json\/wp\/v2\/types\/product"}],"replies":[{"embeddable":true,"href":"https:\/\/www.kaspar-spirituosen.de\/shop\/wp-json\/wp\/v2\/comments?post=7269"}],"wp:featuredmedia":[{"embeddable":true,"href":"https:\/\/www.kaspar-spirituosen.de\/shop\/wp-json\/wp\/v2\/media\/31260"}],"wp:attachment":[{"href":"https:\/\/www.kaspar-spirituosen.de\/shop\/wp-json\/wp\/v2\/media?parent=7269"}],"wp:term":[{"taxonomy":"product_brand","embeddable":true,"href":"https:\/\/www.kaspar-spirituosen.de\/shop\/wp-json\/wp\/v2\/product_brand?post=7269"},{"taxonomy":"product_cat","embeddable":true,"href":"https:\/\/www.kaspar-spirituosen.de\/shop\/wp-json\/wp\/v2\/product_cat?post=7269"},{"taxonomy":"product_tag","embeddable":true,"href":"https:\/\/www.kaspar-spirituosen.de\/shop\/wp-json\/wp\/v2\/product_tag?post=7269"}],"curies":[{"name":"wp","href":"https:\/\/api.w.org\/{rel}","templated":true}]}}