{"id":7273,"date":"2025-05-05T16:49:47","date_gmt":"2025-05-05T14:49:47","guid":{"rendered":"https:\/\/www.kaspar-spirituosen.de\/shop\/produkt\/cardenal-mendoza-solera-gran-reserva-07-lt\/"},"modified":"2025-10-24T16:18:22","modified_gmt":"2025-10-24T14:18:22","slug":"cardenal-mendoza-solera-gran-reserva-07-lt","status":"publish","type":"product","link":"https:\/\/www.kaspar-spirituosen.de\/shop\/produkt\/cardenal-mendoza-solera-gran-reserva-07-lt\/","title":{"rendered":"Cardenal Mendoza Solera Gran Reserva 0,7 lt."},"content":{"rendered":"","protected":false},"excerpt":{"rendered":"<p>Farbe: dunkles mahagoni, brillant leuchtend<br \/>\nAroma: rund, sauber, elegant, erinnert an Rosinen und Pflaumen<br \/>\nGeschmack: ausgewogen, sehr warm, sehr weich, komplex und lang anhaltend<\/p>\n<p>Bevor der bekannte &#8222;Cardenal Mendoza&#8220; in die ganze Welt ausgeliefert werden kann, durchl\u00e4uft der Wein den traditionellen Prozess der Produktion und der Reifung, welcher vom Consejo Regulador genau kontrolliert wird, um letztendlich das Siegel &#8218;Brandy de Jerez&#8216; zu erhalten. Cardenal Mendoza ist ein Solera Gran Reserva Brandy, die h\u00f6chste Kategorie im Bereich &#8218;Brandy de Jerez&#8216; und reift in amerikanischen Eichenf\u00e4ssern, die zuvor f\u00fcr die Herstellung von Pedro-Xim\u00e9nez- und Oloroso-Weine verwendet wurden.<br \/>\nAlkoholgehalt 40% vol.<\/p>\n<p>Importeur:<br \/>\nHenkell &amp; Co. Sektkellerei KG<br \/>\nBereich Unternehmens-Kommunikation und PR<br \/>\nBiebricher Allee 142<br \/>\n65187 Wiesbaden<br \/>\nTelefon: 0611\/63-0<br \/>\nE-Mail: Presse@Henkell-Sektkellerei.de<\/p>\n","protected":false},"featured_media":31262,"comment_status":"closed","ping_status":"closed","template":"","meta":{"_acf_changed":false},"product_brand":[],"product_cat":[1563,1566],"product_tag":[921],"class_list":{"0":"post-7273","1":"product","2":"type-product","3":"status-publish","4":"has-post-thumbnail","6":"product_cat-gin-rum-weitere-spirituosen-likoere","7":"product_cat-brandy","8":"product_tag-cardenal-mendoza-brandy-jerez-reserva-rolf-kaspar-fachhandel-essen-nrw-spirituosen-weinbrand-spanien-solera","10":"first","11":"outofstock","12":"taxable","13":"shipping-taxable","14":"purchasable","15":"product-type-simple"},"acf":[],"_links":{"self":[{"href":"https:\/\/www.kaspar-spirituosen.de\/shop\/wp-json\/wp\/v2\/product\/7273","targetHints":{"allow":["GET"]}}],"collection":[{"href":"https:\/\/www.kaspar-spirituosen.de\/shop\/wp-json\/wp\/v2\/product"}],"about":[{"href":"https:\/\/www.kaspar-spirituosen.de\/shop\/wp-json\/wp\/v2\/types\/product"}],"replies":[{"embeddable":true,"href":"https:\/\/www.kaspar-spirituosen.de\/shop\/wp-json\/wp\/v2\/comments?post=7273"}],"wp:featuredmedia":[{"embeddable":true,"href":"https:\/\/www.kaspar-spirituosen.de\/shop\/wp-json\/wp\/v2\/media\/31262"}],"wp:attachment":[{"href":"https:\/\/www.kaspar-spirituosen.de\/shop\/wp-json\/wp\/v2\/media?parent=7273"}],"wp:term":[{"taxonomy":"product_brand","embeddable":true,"href":"https:\/\/www.kaspar-spirituosen.de\/shop\/wp-json\/wp\/v2\/product_brand?post=7273"},{"taxonomy":"product_cat","embeddable":true,"href":"https:\/\/www.kaspar-spirituosen.de\/shop\/wp-json\/wp\/v2\/product_cat?post=7273"},{"taxonomy":"product_tag","embeddable":true,"href":"https:\/\/www.kaspar-spirituosen.de\/shop\/wp-json\/wp\/v2\/product_tag?post=7273"}],"curies":[{"name":"wp","href":"https:\/\/api.w.org\/{rel}","templated":true}]}}