{"id":7275,"date":"2025-05-05T16:49:47","date_gmt":"2025-05-05T14:49:47","guid":{"rendered":"https:\/\/www.kaspar-spirituosen.de\/shop\/produkt\/carlos-i-07-lt\/"},"modified":"2025-10-24T16:18:22","modified_gmt":"2025-10-24T14:18:22","slug":"carlos-i-07-lt","status":"publish","type":"product","link":"https:\/\/www.kaspar-spirituosen.de\/shop\/produkt\/carlos-i-07-lt\/","title":{"rendered":"Carlos I 0,7 lt."},"content":{"rendered":"","protected":false},"excerpt":{"rendered":"<p>Carlos I (sprich: Carlos Primero) ist ein Solera Gran Reserva Brandy von h\u00f6chster Qualit\u00e4t. Die erlesenen Grundweine, die Sonne Andalusiens und die lange Lagerzeit von 12 Jahren in Eichenholzf\u00e4ssern verleihen Carlos I seinen besonderen Geschmack: unverwechselbar, aromareich, voll und weich. Noten von Vanille, Muskatnuss und Mandeln.<\/p>\n<p>40 % vol. Alkoholgehalt !<\/p>\n<p><strong><span style=\"color: #cc0000;\"><span style=\"font-size: 10px;\">enth\u00e4lt Farbstoff<\/span><\/span><\/strong><\/p>\n<p>Importeur:<br \/>\nEggers &amp; Franke<br \/>\nImporteur Osborne Weine<br \/>\nSpeicher I, Konsul-Smidt-Str. 8J<br \/>\n28217 Bremen<br \/>\nDeutschland<br \/>\nwww.egfra.de<br \/>\nTel. 0421 3053-0<\/p>\n","protected":false},"featured_media":31263,"comment_status":"closed","ping_status":"closed","template":"","meta":{"_acf_changed":false},"product_brand":[],"product_cat":[1563,1566],"product_tag":[923],"class_list":{"0":"post-7275","1":"product","2":"type-product","3":"status-publish","4":"has-post-thumbnail","6":"product_cat-gin-rum-weitere-spirituosen-likoere","7":"product_cat-brandy","8":"product_tag-carlos-i-primero-brandy-de-jerez-reserva-rolf-kaspar-fachhandel-essen-nrw-spirituosen-weinbrand-spanien-solera","10":"first","11":"outofstock","12":"taxable","13":"shipping-taxable","14":"purchasable","15":"product-type-simple"},"acf":[],"_links":{"self":[{"href":"https:\/\/www.kaspar-spirituosen.de\/shop\/wp-json\/wp\/v2\/product\/7275","targetHints":{"allow":["GET"]}}],"collection":[{"href":"https:\/\/www.kaspar-spirituosen.de\/shop\/wp-json\/wp\/v2\/product"}],"about":[{"href":"https:\/\/www.kaspar-spirituosen.de\/shop\/wp-json\/wp\/v2\/types\/product"}],"replies":[{"embeddable":true,"href":"https:\/\/www.kaspar-spirituosen.de\/shop\/wp-json\/wp\/v2\/comments?post=7275"}],"wp:featuredmedia":[{"embeddable":true,"href":"https:\/\/www.kaspar-spirituosen.de\/shop\/wp-json\/wp\/v2\/media\/31263"}],"wp:attachment":[{"href":"https:\/\/www.kaspar-spirituosen.de\/shop\/wp-json\/wp\/v2\/media?parent=7275"}],"wp:term":[{"taxonomy":"product_brand","embeddable":true,"href":"https:\/\/www.kaspar-spirituosen.de\/shop\/wp-json\/wp\/v2\/product_brand?post=7275"},{"taxonomy":"product_cat","embeddable":true,"href":"https:\/\/www.kaspar-spirituosen.de\/shop\/wp-json\/wp\/v2\/product_cat?post=7275"},{"taxonomy":"product_tag","embeddable":true,"href":"https:\/\/www.kaspar-spirituosen.de\/shop\/wp-json\/wp\/v2\/product_tag?post=7275"}],"curies":[{"name":"wp","href":"https:\/\/api.w.org\/{rel}","templated":true}]}}