{"id":7279,"date":"2025-05-05T16:49:47","date_gmt":"2025-05-05T14:49:47","guid":{"rendered":"https:\/\/www.kaspar-spirituosen.de\/shop\/produkt\/lepanto-gran-reserva-07-lt\/"},"modified":"2025-10-24T16:18:23","modified_gmt":"2025-10-24T14:18:23","slug":"lepanto-gran-reserva-07-lt","status":"publish","type":"product","link":"https:\/\/www.kaspar-spirituosen.de\/shop\/produkt\/lepanto-gran-reserva-07-lt\/","title":{"rendered":"Lepanto Gran Reserva 0,7 lt."},"content":{"rendered":"","protected":false},"excerpt":{"rendered":"<p>Ein hochkonzentriertes Aromenspiel von getrockneten Fr\u00fcchten und Karamel bietet dieser Brandy de Jerez. Er ist sehr schmelzig, mild und saftig am Gaumen. Sein komplexer langer Abgang macht den 15 Jahre im Solera-System gereiften Tropfen zu etwas ganz besonderem.<\/p>\n<p>Nur die besten Holandas (behutsam gebrannte, niedergr\u00e4dige und deshalb hocharomatische Weindestillate) werden als w\u00fcrdig f\u00fcr Lepanto, den Spitzenbrandy des Hauses, befunden. Sie werden zu 100% aus ausgew\u00e4hlten Palomino-Trauben von Gonz\u00e1lez Byass destilliert &#8211; als Einzigem im Gebiet in den eigenen Anlagen. Die 1869 angelegte Solera von Gonz\u00e1lez ist eines der \u00e4ltesten Fasslager in Jerez. In ihren zum Teil noch aus der Anfangszeit stammenden F\u00e4ssern erlangt Lepanto durch seinen langsamen, mindestens 15 Jahre langen Reifeprozess gro\u00dfe Komplexit\u00e4t und ausgesprochen sanfte Eleganz. Der Name erinnert an eine der ber\u00fchmtesten Seeschlachten aller Zeiten, in unz\u00e4hligen Gem\u00e4lden dargestellt: 1571 bei Lepanto besiegte die Heilige Liga (Papst Pius V., Spanien und Venedig) die zahlenm\u00e4\u00dfig \u00fcberlegene osmanische Flotte und zerschlug so die Vormacht des Osmanischen Reiches im Mittelmeer.<\/p>\n<p>36 % Alkohol.<\/p>\n<p>Gonzales Byass<br \/>\nCalle de Manuel Mar\u00eda Gonz\u00e1lez, 12<br \/>\n11403 Jerez de la Frontera, C\u00e1diz<br \/>\nSpanien<br \/>\n+34 956 35 70 00<\/p>\n","protected":false},"featured_media":31265,"comment_status":"closed","ping_status":"closed","template":"","meta":{"_acf_changed":false},"product_brand":[],"product_cat":[1563,1566],"product_tag":[925],"class_list":{"0":"post-7279","1":"product","2":"type-product","3":"status-publish","4":"has-post-thumbnail","6":"product_cat-gin-rum-weitere-spirituosen-likoere","7":"product_cat-brandy","8":"product_tag-lepanto-gonzalez-byass-brandy-de-jerez-reserva-rolf-kaspar-fachhandel-essen-nrw-weinbrand-spanien-solera","10":"first","11":"outofstock","12":"taxable","13":"shipping-taxable","14":"purchasable","15":"product-type-simple"},"acf":[],"_links":{"self":[{"href":"https:\/\/www.kaspar-spirituosen.de\/shop\/wp-json\/wp\/v2\/product\/7279","targetHints":{"allow":["GET"]}}],"collection":[{"href":"https:\/\/www.kaspar-spirituosen.de\/shop\/wp-json\/wp\/v2\/product"}],"about":[{"href":"https:\/\/www.kaspar-spirituosen.de\/shop\/wp-json\/wp\/v2\/types\/product"}],"replies":[{"embeddable":true,"href":"https:\/\/www.kaspar-spirituosen.de\/shop\/wp-json\/wp\/v2\/comments?post=7279"}],"wp:featuredmedia":[{"embeddable":true,"href":"https:\/\/www.kaspar-spirituosen.de\/shop\/wp-json\/wp\/v2\/media\/31265"}],"wp:attachment":[{"href":"https:\/\/www.kaspar-spirituosen.de\/shop\/wp-json\/wp\/v2\/media?parent=7279"}],"wp:term":[{"taxonomy":"product_brand","embeddable":true,"href":"https:\/\/www.kaspar-spirituosen.de\/shop\/wp-json\/wp\/v2\/product_brand?post=7279"},{"taxonomy":"product_cat","embeddable":true,"href":"https:\/\/www.kaspar-spirituosen.de\/shop\/wp-json\/wp\/v2\/product_cat?post=7279"},{"taxonomy":"product_tag","embeddable":true,"href":"https:\/\/www.kaspar-spirituosen.de\/shop\/wp-json\/wp\/v2\/product_tag?post=7279"}],"curies":[{"name":"wp","href":"https:\/\/api.w.org\/{rel}","templated":true}]}}