{"id":7281,"date":"2025-05-05T16:49:47","date_gmt":"2025-05-05T14:49:47","guid":{"rendered":"https:\/\/www.kaspar-spirituosen.de\/shop\/produkt\/soberano-solera-07-lt\/"},"modified":"2025-10-24T16:18:24","modified_gmt":"2025-10-24T14:18:24","slug":"soberano-solera-07-lt","status":"publish","type":"product","link":"https:\/\/www.kaspar-spirituosen.de\/shop\/produkt\/soberano-solera-07-lt\/","title":{"rendered":"Soberano Solera 0,7 lt."},"content":{"rendered":"<p>Abbildung \u00e4hnlich<\/p>\n<p style=\"font-size: 18px; font-family: Arial, Verdana, Helvetica;\">Der 100% Air\u00e9n-Trauben hergestellte Brandy, welcher mindestens 2,5 Jahre im Holzfass gelagert wurde, besitzt elegante Aromen von Vanille, N\u00fcssen und jungen Holz. Auf der Zunge ist er weich, samtig und schmeichelt mit W\u00e4rme am Gaumen. \u00dcbrigens ist dieser seit 1896 produzierte Tropfen Spaniens meist verkaufter Brandy.<\/p>\n<p style=\"font-size: 18px; font-family: Arial, Verdana, Helvetica;\">36 % Alkohol<\/p>\n<p style=\"font-size: 18px; font-family: Arial, Verdana, Helvetica;\">Gonzales Byass<br \/>\nCalle de Manuel Mar\u00eda Gonz\u00e1lez, 12<br \/>\n11403 Jerez de la Frontera, C\u00e1diz<br \/>\nSpanien<br \/>\n+34 956 35 70 00<\/p>\n","protected":false},"excerpt":{"rendered":"<p>Der 100% Air\u00e9n-Trauben hergestellte Brandy, welcher mindestens 2,5 Jahre im Holzfass gelagert wurde, besitzt elegante Aromen von Vanille, N\u00fcssen und jungen Holz. Auf der Zunge ist er weich, samtig und schmeichelt mit W\u00e4rme am Gaumen. \u00dcbrigens ist dieser seit 1896 produzierte Tropfen Spaniens meist verkaufter Brandy.<\/p>\n<p>36 % Alkohol<\/p>\n<p>Gonzales Byass<br \/>\nCalle de Manuel Mar\u00eda Gonz\u00e1lez, 12<br \/>\n11403 Jerez de la Frontera, C\u00e1diz<br \/>\nSpanien<br \/>\n+34 956 35 70 00<\/p>\n","protected":false},"featured_media":31266,"comment_status":"closed","ping_status":"closed","template":"","meta":{"_acf_changed":false},"product_brand":[],"product_cat":[1563,1566],"product_tag":[927],"class_list":{"0":"post-7281","1":"product","2":"type-product","3":"status-publish","4":"has-post-thumbnail","6":"product_cat-gin-rum-weitere-spirituosen-likoere","7":"product_cat-brandy","8":"product_tag-soberano-brandy-de-jerez-reserva-rolf-kaspar-fachhandel-essen-nrw-weinbrand-spanien-solera","10":"first","11":"outofstock","12":"taxable","13":"shipping-taxable","14":"purchasable","15":"product-type-simple"},"acf":[],"_links":{"self":[{"href":"https:\/\/www.kaspar-spirituosen.de\/shop\/wp-json\/wp\/v2\/product\/7281","targetHints":{"allow":["GET"]}}],"collection":[{"href":"https:\/\/www.kaspar-spirituosen.de\/shop\/wp-json\/wp\/v2\/product"}],"about":[{"href":"https:\/\/www.kaspar-spirituosen.de\/shop\/wp-json\/wp\/v2\/types\/product"}],"replies":[{"embeddable":true,"href":"https:\/\/www.kaspar-spirituosen.de\/shop\/wp-json\/wp\/v2\/comments?post=7281"}],"wp:featuredmedia":[{"embeddable":true,"href":"https:\/\/www.kaspar-spirituosen.de\/shop\/wp-json\/wp\/v2\/media\/31266"}],"wp:attachment":[{"href":"https:\/\/www.kaspar-spirituosen.de\/shop\/wp-json\/wp\/v2\/media?parent=7281"}],"wp:term":[{"taxonomy":"product_brand","embeddable":true,"href":"https:\/\/www.kaspar-spirituosen.de\/shop\/wp-json\/wp\/v2\/product_brand?post=7281"},{"taxonomy":"product_cat","embeddable":true,"href":"https:\/\/www.kaspar-spirituosen.de\/shop\/wp-json\/wp\/v2\/product_cat?post=7281"},{"taxonomy":"product_tag","embeddable":true,"href":"https:\/\/www.kaspar-spirituosen.de\/shop\/wp-json\/wp\/v2\/product_tag?post=7281"}],"curies":[{"name":"wp","href":"https:\/\/api.w.org\/{rel}","templated":true}]}}