{"id":7297,"date":"2025-05-05T16:49:47","date_gmt":"2025-05-05T14:49:47","guid":{"rendered":"https:\/\/www.kaspar-spirituosen.de\/shop\/produkt\/linie-aquavit-10-lt\/"},"modified":"2025-10-24T16:18:26","modified_gmt":"2025-10-24T14:18:26","slug":"linie-aquavit-10-lt","status":"publish","type":"product","link":"https:\/\/www.kaspar-spirituosen.de\/shop\/produkt\/linie-aquavit-10-lt\/","title":{"rendered":"Linie Aquavit 1,0 lt."},"content":{"rendered":"","protected":false},"excerpt":{"rendered":"<p>Eine besondere Art des Aquavits ist der Linie-Aquavit. Dieser Aquavit wird in Sherry-F\u00e4ssern gelagert und reift auf Schiffen, die den \u00c4quator (die &#8222;Linie&#8220;) kreuzen. Die Legende besagt, dass im Jahre 1850 ein Schoner eine Ladung Aquavit nach &#8222;Down Under&#8220; bringen sollte. Bei der Ankunft stellte man fest, dass der Auftraggeber verstorben war. Somit wurden die F\u00e4sser wieder zur\u00fcckgeschickt. Zu Hause bemerkte man dann, dass dieser Aquavit nun deutlich milder und feiner schmeckte als vor der Abfahrt. Versehentlich wurden f\u00fcr den Transport F\u00e4sser verwendet, in denen vorher Sherry gelagert worden war. Auf der langen Reise war der Inhalt kr\u00e4ftig durchgesch\u00fcttelt worden, und das Destillat hatte durch die Sherry-R\u00fcckst\u00e4nde im Holz eine andere Farbe und Geschmacksnote bekommen. Auf der R\u00fcckseite des Etiketts wird heute das Schiff und die Reisezeit angegeben, mit der dieser Aquavit unterwegs war. Entgegen deutscher Gewohnheit wird Linie Aquavit in seinem Ursprungsland Norwegen mit Zimmertemperatur getrunken, damit sich die feinen Geschmacksnuancen besser entfalten k\u00f6nnen.<\/p>\n<p>Alkoholgehalt 41,5 %.<\/p>\n<p>Arcus-Gruppen AS<br \/>\nPO-box 64<br \/>\nN-1483 Hagan<br \/>\nVisiting address: Destilleriveien 11, Gjeller\u00e5sen<br \/>\nSwitchboard: +47 6706 5000<br \/>\nFax: +47 6706 4150<br \/>\nEmail: post@arcusgruppen.no<\/p>\n<p>&nbsp;<\/p>\n","protected":false},"featured_media":31272,"comment_status":"closed","ping_status":"closed","template":"","meta":{"_acf_changed":false},"product_brand":[],"product_cat":[1563,1573],"product_tag":[938],"class_list":{"0":"post-7297","1":"product","2":"type-product","3":"status-publish","4":"has-post-thumbnail","6":"product_cat-gin-rum-weitere-spirituosen-likoere","7":"product_cat-aquavit","8":"product_tag-linie-aquavit-akvavit-kuemmel-aequator-rolf-kaspar-nrw-essen-fachhandel","10":"first","11":"instock","12":"taxable","13":"shipping-taxable","14":"purchasable","15":"product-type-simple"},"acf":[],"_links":{"self":[{"href":"https:\/\/www.kaspar-spirituosen.de\/shop\/wp-json\/wp\/v2\/product\/7297","targetHints":{"allow":["GET"]}}],"collection":[{"href":"https:\/\/www.kaspar-spirituosen.de\/shop\/wp-json\/wp\/v2\/product"}],"about":[{"href":"https:\/\/www.kaspar-spirituosen.de\/shop\/wp-json\/wp\/v2\/types\/product"}],"replies":[{"embeddable":true,"href":"https:\/\/www.kaspar-spirituosen.de\/shop\/wp-json\/wp\/v2\/comments?post=7297"}],"wp:featuredmedia":[{"embeddable":true,"href":"https:\/\/www.kaspar-spirituosen.de\/shop\/wp-json\/wp\/v2\/media\/31272"}],"wp:attachment":[{"href":"https:\/\/www.kaspar-spirituosen.de\/shop\/wp-json\/wp\/v2\/media?parent=7297"}],"wp:term":[{"taxonomy":"product_brand","embeddable":true,"href":"https:\/\/www.kaspar-spirituosen.de\/shop\/wp-json\/wp\/v2\/product_brand?post=7297"},{"taxonomy":"product_cat","embeddable":true,"href":"https:\/\/www.kaspar-spirituosen.de\/shop\/wp-json\/wp\/v2\/product_cat?post=7297"},{"taxonomy":"product_tag","embeddable":true,"href":"https:\/\/www.kaspar-spirituosen.de\/shop\/wp-json\/wp\/v2\/product_tag?post=7297"}],"curies":[{"name":"wp","href":"https:\/\/api.w.org\/{rel}","templated":true}]}}