{"id":7316,"date":"2025-05-05T16:50:00","date_gmt":"2025-05-05T14:50:00","guid":{"rendered":"https:\/\/www.kaspar-spirituosen.de\/shop\/produkt\/gin-tasting-mit-julia-nourney-e-26-01-2026\/"},"modified":"2026-04-01T12:15:28","modified_gmt":"2026-04-01T10:15:28","slug":"gin-tasting-mit-julia-nourney-e-26-01-2026","status":"publish","type":"product","link":"https:\/\/www.kaspar-spirituosen.de\/shop\/produkt\/gin-tasting-mit-julia-nourney-e-26-01-2026\/","title":{"rendered":"Gin-Tasting mit Julia Nourney, E, 23.01.2026 !"},"content":{"rendered":"<p>Hallo liebe Gin-Freunde,<\/p>\n<p>Am Freitag, den 23.01.2026 um 20.00 Uhr, findet unser n\u00e4chstes offizielles Gin-Tasting mit Julia Nourney in Essen statt ! Julia Nourney hat sich in den letzten Jahren zu einer wirklichen Gin-Expertin entwickelt und kann Ihnen die Gin-Welt in allen Facetten er\u00f6ffnen !<\/p>\n<p>Wir werden 8 verschiedene, Gin-Sorten verkosten, auch teils in Verbindung mit Tonic-Water (Sorten folgen !).<\/p>\n<p>Bitte reservieren Sie sich m\u00f6glichst bald einen Platz, um bei diesem emotionalen Gin-Abend unter Freunden dabei zu sein.<\/p>\n<p>Der Veranstaltungsort ist das\u00a0<span lang=\"zxx\"><a href=\"http:\/\/www.essener-hof.com\/\" target=\"_blank\" rel=\"noopener\">Hotel Essener Hof<\/a><\/span>, Am Handelshof 5, 45127 Essen. In der Pause wird vom Service des Essener Hofs eine kleine, aber \u00e4u\u00dferst leckere St\u00e4rkung gereicht.<\/p>\n<p>Eintrittspreis: <strong>69,- \u20ac \u00a0 inkl. Essen ! <\/strong><\/p>\n<p>Karten bekommen Sie in unserem Ladenlokal in Essen oder in unserem Onlineshop !<\/p>\n<p>Wichtige Hinweise:<\/p>\n<p>Bitte geben Sie Ihre Telefonnumer an, falls es kurzfristige \u00c4nderungen geben sollte.<\/p>\n<p>Wenn Sie im Bestellprozess als Versandmethode &#8222;Briefpost&#8220; ausw\u00e4hlen, senden wir Ihnen die Eintrittskarten per Post zu.<\/p>\n","protected":false},"excerpt":{"rendered":"<div>\n<p>Freitag, den <b>23.01.2026<\/b> um 20.00 Uhr, Gin-Tasting mit Julia Nourney, in Essen<\/p>\n<p>&nbsp;<\/p>\n<\/div>\n<p>&nbsp;<\/p>\n","protected":false},"featured_media":31278,"comment_status":"closed","ping_status":"closed","template":"","meta":{"_acf_changed":false},"product_brand":[],"product_cat":[1595,1596],"product_tag":[949],"class_list":{"0":"post-7316","1":"product","2":"type-product","3":"status-publish","4":"has-post-thumbnail","6":"product_cat-veranstaltungen-dies-das","7":"product_cat-veranstaltungen","8":"product_tag-whiskyprobe-verkostung-seminar-kaspar-spirituosen-essen-nrw-lothar-kuntze-essener-hof-bosse-speyside-bernd-schaefer-whisky-rum-tasting-nourney-gin-julia-nourney","10":"first","11":"outofstock","12":"taxable","13":"shipping-taxable","14":"purchasable","15":"product-type-simple"},"acf":[],"_links":{"self":[{"href":"https:\/\/www.kaspar-spirituosen.de\/shop\/wp-json\/wp\/v2\/product\/7316","targetHints":{"allow":["GET"]}}],"collection":[{"href":"https:\/\/www.kaspar-spirituosen.de\/shop\/wp-json\/wp\/v2\/product"}],"about":[{"href":"https:\/\/www.kaspar-spirituosen.de\/shop\/wp-json\/wp\/v2\/types\/product"}],"replies":[{"embeddable":true,"href":"https:\/\/www.kaspar-spirituosen.de\/shop\/wp-json\/wp\/v2\/comments?post=7316"}],"wp:featuredmedia":[{"embeddable":true,"href":"https:\/\/www.kaspar-spirituosen.de\/shop\/wp-json\/wp\/v2\/media\/31278"}],"wp:attachment":[{"href":"https:\/\/www.kaspar-spirituosen.de\/shop\/wp-json\/wp\/v2\/media?parent=7316"}],"wp:term":[{"taxonomy":"product_brand","embeddable":true,"href":"https:\/\/www.kaspar-spirituosen.de\/shop\/wp-json\/wp\/v2\/product_brand?post=7316"},{"taxonomy":"product_cat","embeddable":true,"href":"https:\/\/www.kaspar-spirituosen.de\/shop\/wp-json\/wp\/v2\/product_cat?post=7316"},{"taxonomy":"product_tag","embeddable":true,"href":"https:\/\/www.kaspar-spirituosen.de\/shop\/wp-json\/wp\/v2\/product_tag?post=7316"}],"curies":[{"name":"wp","href":"https:\/\/api.w.org\/{rel}","templated":true}]}}