{"id":7328,"date":"2025-05-05T16:50:00","date_gmt":"2025-05-05T14:50:00","guid":{"rendered":"https:\/\/www.kaspar-spirituosen.de\/shop\/produkt\/whisky-event-kirche-velbert-langenberg-28-02-2026\/"},"modified":"2026-03-04T16:27:25","modified_gmt":"2026-03-04T15:27:25","slug":"whisky-event-kirche-velbert-langenberg-28-02-2026","status":"publish","type":"product","link":"https:\/\/www.kaspar-spirituosen.de\/shop\/produkt\/whisky-event-kirche-velbert-langenberg-28-02-2026\/","title":{"rendered":"&#8222;Whisky-Event-Kirche&#8220;, Velbert-Langenberg, 28.02.2026"},"content":{"rendered":"<p><strong>**** Das besondere Whisky-Event-Tasting in der <\/strong><a href=\"http:\/\/eventkirche.de\/\" target=\"_blank\" rel=\"noopener\" data-link-type=\"external\" data-type=\"linkpicker\">Event-Kirche<\/a><strong> Velbert-Langenberg ****<\/strong><\/p>\n<p>Samstag, 28. Februar 2026, 16-21 Uhr, <a href=\"http:\/\/eventkirche.de\/\" data-link-type=\"external\" data-type=\"linkpicker\">Event-Kirche<\/a> in Velbert-Langenberg<\/p>\n<p>Wir laden Sie herzlich ein zur dritten Whiskyverkostung im historischen Ambiente einer neugotischen Kirche im sch\u00f6nen Velbert-Langenberg. Wir sind uns sicher, da\u00df dieses Event durch die sehr besondere Location, eine ganz unvergleichliche Stimmung vermitteln wird.<\/p>\n<p>Im Eintrittspreis von <strong>69,00 \u20ac<\/strong>\u00a0sind enthalten :<\/p>\n<p>Hier die 12 Sorten :<\/p>\n<p>Nc&#8217;nean Aon &#8211; PX Sherry Single, Cask #17-288, Bio<br \/>\nBen Nevis 2014\/2025 &#8211; 10 y.o. Signatory 100 PROOF Edition<br \/>\nMannochmore 2014\/2025 &#8211; 11y.o. &#8211; 1st Fill &amp; Refill PX Sherry, Casks &#8211; Signatory 100 PROOF Edition #51<br \/>\nBladnoch, 8 J., Red Wine Casks, 46,7%<br \/>\nArran, A.D.Rattray, 2017, 8 J., 59,8%<br \/>\nHyde No.7, Single Malt Irish Whiskey, Sherry, Matured, 46% (Irland)<br \/>\nKinahan&#8217;s Kasc M Single Malt Whiskey &#8211; 45% Vol. (Irland)<br \/>\nPrakaan Peated &#8211; Thailand Single Malt Whisky<br \/>\n1776 Bourbon Whiskey, 46% Vol.<br \/>\nArran 10 y., Single Malt Whisky, 46 %<br \/>\nArdnamurchan Heritage Barley, Single Malt Scotch Whisky, 59,2 %<br \/>\nLagg, Kilmory Edition (Isle of Arran), peated, 46 %<\/p>\n<p>&#8211; wer m\u00f6chte, kann auch au\u00dfergew\u00f6hnliche Zigarren erwerben bei der Kubanerin\u00a0<u><strong><a href=\"https:\/\/www.lacasadetabaco.de\/\" target=\"_blank\" rel=\"noopener\" data-link-type=\"external\" data-type=\"linkpicker\">Rosa Arredondo<\/a><\/strong><\/u>.<\/p>\n<p>&#8211; Speisen-Catering (gegen Entgelt) !<\/p>\n<p>&#8211; Live-Musik von der Band &#8222;<u><strong><a href=\"http:\/\/www.boat-people-unplugged.de\/\" data-link-type=\"external\" data-type=\"linkpicker\">Boat People<\/a><\/strong><\/u>&#8220; !<\/p>\n<p>&#8211; Optional f\u00fcr G\u00e4ste aus dem Ruhrgebiet : Der Bustransfer ab Hauptbahnhof Essen zur <a href=\"http:\/\/eventkirche.de\/\" data-link-type=\"external\" data-type=\"linkpicker\">Event-Kirche<\/a> <strong>(nur bei tats\u00e4chlicher Anmeldung Ihrerseits)<\/strong>\u00a0!<\/p>\n<p>************<\/p>\n<p>Alle Produkte k\u00f6nnen vor Ort w\u00e4hrend der Veranstaltung zu Sonderpreisen erworben werden, solange der Vorrat reicht.<\/p>\n<p>************<br \/>\n<strong>Achtung:<\/strong><br \/>\nDer Bus\u00a0<strong>(JABO-Reisen)<\/strong>\u00a0f\u00e4hrt um 15:30 Uhr zur &#8222;<u><strong><a href=\"https:\/\/www.eventkirche.de\/\" data-link-type=\"external\" data-type=\"linkpicker\">Event-Kirche<\/a><\/strong><\/u>&#8222;, bitte kommen Sie rechtzeitig zu den Haltestellen! Die Haltestelle ist am Essen Hbf, am Reisebusbahnhof zwischen Hauptbahnhof und A40 an der Freiheit. Dies ist NICHT der Busbahnhof f\u00fcr die Linienbusse! Die R\u00fcckfahrt zum Hauptbahnhof ist um 21:15 Uhr.<\/p>\n<p>Vor Ort bietet ebenso ein Caterer gegen Entgelt Speisen, alkoholfreie Getr\u00e4nke und Bier an. Das Mitbringen von eigenen Speisen und Getr\u00e4nken ist nicht gestattet.<\/p>\n<p><strong>Tickets ?<\/strong><br \/>\n<strong>Karten gibt es in unserem Ladenlokal in Essen oder D\u00fcsseldorf oder in unserem Online-Shop ! <\/strong><\/p>\n<p><strong>Bitte geben Sie au\u00dferdem im Kommentarfeld unterhalb des Warenkorbes an, ob Sie den Bustransfer ab Essen Hauptbahnhof optional nutzen m\u00f6chten. Nur bei aktiver Anmeldung f\u00fcr den Bus-Shuttle k\u00f6nnen wir einen Platz garantieren !!<\/strong><br \/>\nWenn Sie im Bestellprozess als Versandmethode &#8222;Briefpost&#8220; ausw\u00e4hlen, senden wir Ihnen die Eintrittskarten\u00a0per Post zu. Bitte heben Sie die Eintrittskarten gut auf, da diese nicht ersetzt werden.<\/p>\n<p>&nbsp;<\/p>\n","protected":false},"excerpt":{"rendered":"<p><b>**** Das besondere Whisky-Event in der\u00a0<\/b><strong><a href=\"http:\/\/eventkirche.de\/\" data-link-type=\"external\" data-type=\"linkpicker\">Event-Kirche<\/a><\/strong><b>, Velbert-Langenberg ****<\/b><\/p>\n<p><b>Eintrittspreis von 69,00 \u20ac p.P.<\/b><\/p>\n","protected":false},"featured_media":31280,"comment_status":"closed","ping_status":"closed","template":"","meta":{"_acf_changed":false},"product_brand":[],"product_cat":[1595,1596],"product_tag":[955],"class_list":{"0":"post-7328","1":"product","2":"type-product","3":"status-publish","4":"has-post-thumbnail","6":"product_cat-veranstaltungen-dies-das","7":"product_cat-veranstaltungen","8":"product_tag-whiskytasting-whisky-probe-verkostung-seminar-kaspar-spirituosen-essen-nrw-event-kirche-velbert-langenberg","10":"first","11":"outofstock","12":"taxable","13":"shipping-taxable","14":"purchasable","15":"product-type-simple"},"acf":[],"_links":{"self":[{"href":"https:\/\/www.kaspar-spirituosen.de\/shop\/wp-json\/wp\/v2\/product\/7328","targetHints":{"allow":["GET"]}}],"collection":[{"href":"https:\/\/www.kaspar-spirituosen.de\/shop\/wp-json\/wp\/v2\/product"}],"about":[{"href":"https:\/\/www.kaspar-spirituosen.de\/shop\/wp-json\/wp\/v2\/types\/product"}],"replies":[{"embeddable":true,"href":"https:\/\/www.kaspar-spirituosen.de\/shop\/wp-json\/wp\/v2\/comments?post=7328"}],"wp:featuredmedia":[{"embeddable":true,"href":"https:\/\/www.kaspar-spirituosen.de\/shop\/wp-json\/wp\/v2\/media\/31280"}],"wp:attachment":[{"href":"https:\/\/www.kaspar-spirituosen.de\/shop\/wp-json\/wp\/v2\/media?parent=7328"}],"wp:term":[{"taxonomy":"product_brand","embeddable":true,"href":"https:\/\/www.kaspar-spirituosen.de\/shop\/wp-json\/wp\/v2\/product_brand?post=7328"},{"taxonomy":"product_cat","embeddable":true,"href":"https:\/\/www.kaspar-spirituosen.de\/shop\/wp-json\/wp\/v2\/product_cat?post=7328"},{"taxonomy":"product_tag","embeddable":true,"href":"https:\/\/www.kaspar-spirituosen.de\/shop\/wp-json\/wp\/v2\/product_tag?post=7328"}],"curies":[{"name":"wp","href":"https:\/\/api.w.org\/{rel}","templated":true}]}}