{"id":7382,"date":"0202-05-09T16:50:28","date_gmt":"0202-05-09T15:57:00","guid":{"rendered":"https:\/\/www.kaspar-spirituosen.de\/shop\/produkt\/das-rum-schiff-barco-de-ron-03-05-2025\/"},"modified":"2026-05-02T12:53:31","modified_gmt":"2026-05-02T10:53:31","slug":"das-rum-schiff-barco-de-ron-09-05-2026","status":"publish","type":"product","link":"https:\/\/www.kaspar-spirituosen.de\/shop\/produkt\/das-rum-schiff-barco-de-ron-09-05-2026\/","title":{"rendered":"Das Rum-Schiff &#8222;Barco de Ron&#8220;, 09.05.2026"},"content":{"rendered":"<p><strong style=\"font-size: 16px\">Hallo Matrosen !<\/strong><\/p>\n<p>&nbsp;<\/p>\n<p style=\"font-size: 16px;font-family: Arial, Verdana, Helvetica\"><strong style=\"font-size: 16px\">Auch in 2026 hei\u00dft es &#8222;Leinen los&#8220; in M\u00fclheim an der Ruhr (ab Wasserbahnhof) mit dem &#8222;Rum-Schiff&#8220; ! Wir laden Sie ein zum fr\u00f6hlichen Ankerlichten !<\/strong><\/p>\n<p>Das &#8222;Rum-Schiff&#8220; MS Heinrich Th\u00f6ne hei\u00dft Sie herzlich willkommen und w\u00fcnscht Ihnen viel Vergn\u00fcgen bei unserer Tour auf der sch\u00f6nen Ruhr. W\u00e4hrend unserer Fahrt werden Sie tolle Rum-Sorten probieren und ein paar unbeschwerte Stunden verleben.<\/p>\n<p>************<\/p>\n<p style=\"font-size: 16px;font-family: Arial, Verdana, Helvetica\"><strong style=\"font-size: 16px\">Wann : Sa., 09.05.2026 von 16:00-20:00 Uhr<\/strong><\/p>\n<p>Falls Ihnen der eine oder andere Rum-Sorten besonders gut gefallen hat, k\u00f6nnen Sie noch w\u00e4hrend der Fahrt einige der zuvor verkosteten Tr\u00f6pfchen zu Sonderpreisen kaufen. Dieses Angebot ist nur am Tag des T\u00f6rns g\u00fcltig!<\/p>\n<p>**************<\/p>\n<p>In der Bordkarte von <strong style=\"font-size: 16px\">69,00 \u20ac<\/strong>\u00a0p.P. enthalten sind :<\/p>\n<p style=\"font-size: 16px;font-family: Arial, Verdana, Helvetica\">&#8211; 12 Sorten Rum :<\/p>\n<p style=\"font-size: 16px;font-family: Arial, Verdana, Helvetica\">Prohibido Solera 15, 40%vol.<br \/>\nSantos Dumont X.O., 40%vol.<br \/>\nIron Maiden Caribbean Dark Rum, 40%vol.<br \/>\nRon Dos Mares XO Tortuga Verde, Panama, 40%vol.<br \/>\nRon Dos Mares XO Raya Dorade, Tawny, Panama, 40%vol.<br \/>\nPhraya Deep Matured Gold Rum, 40%vol.<br \/>\nCentenario Rum 25 Gran Reserva, 40%vol.<br \/>\nJack Crap Spirits Rum Dom. Rep., 12yo, 45%vol.<br \/>\nRon Aldea Familia 16y, 43%vol.<br \/>\nA.H. Riise Royal Danish Navy Cadet, 42%vol.<br \/>\nOld St. Croix Elixir Orange Grove, 40%vol.<br \/>\nVoodoo Priest The Worlds Only Ritual Rum. 47%vol.<br \/>\nAdelphi Whisky-Sahne Sonderpreis<\/p>\n<p style=\"font-size: 16px;font-family: Arial, Verdana, Helvetica\">(die Sorten folgen !)<\/p>\n<p style=\"font-size: 16px;font-family: Arial, Verdana, Helvetica\">&#8211; Live-Musik mit <a href=\"https:\/\/www.michaelvoelkel.de\/\">Michael V\u00f6lkel<\/a><\/p>\n<p style=\"font-size: 16px;font-family: Arial, Verdana, Helvetica\">&#8211; Portion Gulasch auf dem Schiff<\/p>\n<p>&#8211; der\u00a0<u><strong style=\"font-size: 16px\">optionale<\/strong><\/u>\u00a0Bustransfer ab Essen Hbf zum Schiffsanleger (Wasserbahnhof M\u00fclheim an der Ruhr) und zur\u00fcck<\/p>\n<p>Achtung:<br \/>\nDer Buss\u00a0<strong style=\"font-size: 16px\"><a href=\"http:\/\/www.jabo-reisen.de\/\" target=\"_blank\" rel=\"noopener\">(JABO-REISEN)<\/a><\/strong>\u00a0f\u00e4hrt um 15.00 Uhr zum Anleger des Wasserbahnhof M\u00fclheim, bitte kommen Sie rechtzeitig, ca. 14:40 Uhr, zu der Haltestelle ! Die Haltestelle befindet sich am Essen Hbf am Reisebusbahnhof zwischen Hauptbahnhof und A40 an der Freiheit. Dies ist NICHT der Busbahnhof f\u00fcr die Linienbusse!<\/p>\n<p style=\"font-size: 16px;font-family: Arial, Verdana, Helvetica\"><strong style=\"font-size: 16px\">Das Schiff f\u00e4hrt um 16:00 Uhr los !!<\/strong><\/p>\n<p>Sollten Sie selbst anreisen wollen, hier finden Sie den Anleger bzw. einen Parkplatz &#8211; siehe\u00a0<strong style=\"font-size: 16px\"><a href=\"https:\/\/www.mein-muelheim.de\/poi\/parkplatz-wasserbahnhof\"><span style=\"text-decoration: underline\">HIER<\/span><\/a><\/strong> !<\/p>\n<p>Auf dem Schiff bietet die Crew gegen Entgelt alkoholfreie Getr\u00e4nke und Bier an.<\/p>\n<p style=\"font-size: 16px;font-family: Arial, Verdana, Helvetica\"><strong style=\"font-size: 16px\">Wichtige Hinweise:<\/strong><br \/>\nBitte geben Sie bei Onlinebestellungen Ihre Telefonnumer an, falls es kurzfristige \u00c4nderungen geben sollte. Bitte geben Sie au\u00dferdem im Kommentarfeld unterhalb des Warenkorbes an,\u00a0<strong style=\"font-size: 16px\">ob Sie den optionalen Bustransfer ab HBF Essen nutzen m\u00f6chten oder nicht !!\u00a0Nur bei aktiver Anmeldung f\u00fcr den Bus-Shuttle k\u00f6nnen wir einen Platz garantieren !!<\/strong><br \/>\nWenn Sie im Bestellprozess als Versandmethode &#8222;Briefpost&#8220; ausw\u00e4hlen, senden wir Ihnen die Eintrittskarten\u00a0per Post zu.<\/p>\n","protected":false},"excerpt":{"rendered":"<p><strong style=\"font-size: 16px\">Auch in 2026 hei\u00dft es &#8222;Leinen los&#8220; in M\u00fclheim an der Ruhr mit dem &#8222;Rum-Schiff&#8220; !<\/strong><\/p>\n","protected":false},"featured_media":31282,"comment_status":"closed","ping_status":"closed","template":"","meta":{"_acf_changed":false},"product_brand":[],"product_cat":[1595,1596],"product_tag":[1625],"class_list":{"0":"post-7382","1":"product","2":"type-product","3":"status-publish","4":"has-post-thumbnail","6":"product_cat-veranstaltungen-dies-das","7":"product_cat-veranstaltungen","8":"product_tag-rumtasting-rum-schiff-probe-verkostung-seminar-rolf-kaspar-gmbh-spirituosen-essen-nrw-wasserbahnhof-thoene-muelheim-2026-weisse-flotte-barco-de-ron","10":"first","11":"outofstock","12":"taxable","13":"shipping-taxable","14":"purchasable","15":"product-type-simple"},"acf":[],"_links":{"self":[{"href":"https:\/\/www.kaspar-spirituosen.de\/shop\/wp-json\/wp\/v2\/product\/7382","targetHints":{"allow":["GET"]}}],"collection":[{"href":"https:\/\/www.kaspar-spirituosen.de\/shop\/wp-json\/wp\/v2\/product"}],"about":[{"href":"https:\/\/www.kaspar-spirituosen.de\/shop\/wp-json\/wp\/v2\/types\/product"}],"replies":[{"embeddable":true,"href":"https:\/\/www.kaspar-spirituosen.de\/shop\/wp-json\/wp\/v2\/comments?post=7382"}],"wp:featuredmedia":[{"embeddable":true,"href":"https:\/\/www.kaspar-spirituosen.de\/shop\/wp-json\/wp\/v2\/media\/31282"}],"wp:attachment":[{"href":"https:\/\/www.kaspar-spirituosen.de\/shop\/wp-json\/wp\/v2\/media?parent=7382"}],"wp:term":[{"taxonomy":"product_brand","embeddable":true,"href":"https:\/\/www.kaspar-spirituosen.de\/shop\/wp-json\/wp\/v2\/product_brand?post=7382"},{"taxonomy":"product_cat","embeddable":true,"href":"https:\/\/www.kaspar-spirituosen.de\/shop\/wp-json\/wp\/v2\/product_cat?post=7382"},{"taxonomy":"product_tag","embeddable":true,"href":"https:\/\/www.kaspar-spirituosen.de\/shop\/wp-json\/wp\/v2\/product_tag?post=7382"}],"curies":[{"name":"wp","href":"https:\/\/api.w.org\/{rel}","templated":true}]}}