{"id":7388,"date":"2025-05-05T16:50:28","date_gmt":"2025-05-05T14:50:28","guid":{"rendered":"https:\/\/www.kaspar-spirituosen.de\/shop\/produkt\/adelphi-raritaeten-whisky-tasting-mit-juergen-deibel-e-28-11-2025\/"},"modified":"2026-03-22T11:50:38","modified_gmt":"2026-03-22T10:50:38","slug":"adelphi-raritaeten-whisky-tasting-mit-juergen-deibel-e-27-11-2026","status":"publish","type":"product","link":"https:\/\/www.kaspar-spirituosen.de\/shop\/produkt\/adelphi-raritaeten-whisky-tasting-mit-juergen-deibel-e-27-11-2026\/","title":{"rendered":"Adelphi-Rarit\u00e4ten-Whisky-Tasting mit J\u00fcrgen Deibel, E, 27.11.2026 !"},"content":{"rendered":"<p>Am Freitag, den<b> 27.11.2026<\/b> um 20.00 Uhr, findet unser n\u00e4chstes offizielles <b>Adelphi-Rarit\u00e4ten-Whiskytasting<\/b> mit J\u00fcrgen Deibel in Essen statt ! J\u00fcrgen Deibel ist &#8222;Keeper of the Quaich&#8220; und somit einer der angesehensten Whisky-Experten \u00fcberhaupt.<\/p>\n<p>Wir werden je 6 verschiedene Einzelfass-Whiskys vom renommierten unabh\u00e4ngigen Abf\u00fcller Adelphi verkosten. Diese Whiskys sind ausnahmslos <b>Einzelst\u00fccke<\/b> mit Sammlerwert aus unserem Archiv, das wir vor \u00fcber 15 Jahren angelegt haben. Es wird also in jeder Hinsicht ein <b>einmaliges Erlebnis<\/b> f\u00fcr Sie !!!!<\/p>\n<p><strong>Die Sorten folgen !<\/strong><\/p>\n<p>Bitte reservieren Sie sich m\u00f6glichst bald einen Platz, um bei diesem emotionalen Whisky-Abend unter Freunden dabei zu sein.<\/p>\n<p>Der Veranstaltungsort ist das Hotel <a href=\"http:\/\/www.essener-hof.com\/\" target=\"_blank\" rel=\"noopener\">Essener Hof<\/a>, Am Handelshof 5, 45127 Essen.\u00a0<b>In der Pause wird vom Service des Essener Hofs eine\u00a0 \u00e4u\u00dferst leckeres, dem Thema w\u00fcrdiges, Essen gereicht.<\/b><\/p>\n<p>Eintrittspreis: <b>99,- \u20ac\u00a0 <\/b><\/p>\n<p><b>Wichtige Hinweise:<\/b><\/p>\n<p>Bitte geben Sie Ihre Telefonnumer an, falls es kurzfristige \u00c4nderungen geben sollte.<\/p>\n<p>Wenn Sie im Bestellprozess als Versandmethode &#8222;Briefpost&#8220; ausw\u00e4hlen, senden wir Ihnen die Eintrittskarten\u00a0per Post zu.<\/p>\n","protected":false},"excerpt":{"rendered":"<div>\n<p>Am Freitag, den<b> 27.11.2026<\/b> um 20.00 Uhr, findet unser <b>n\u00e4chstes Adelphi-Rarit\u00e4ten-Whiskytasting<\/b> mit J\u00fcrgen Deibel statt<\/p>\n<p>Eintrittspreis: <b>99,- \u20ac<\/b><\/p>\n<\/div>\n<p>&nbsp;<\/p>\n","protected":false},"featured_media":31283,"comment_status":"closed","ping_status":"closed","template":"","meta":{"_acf_changed":false},"product_brand":[],"product_cat":[1595,1596],"product_tag":[981],"class_list":{"0":"post-7388","1":"product","2":"type-product","3":"status-publish","4":"has-post-thumbnail","6":"product_cat-veranstaltungen-dies-das","7":"product_cat-veranstaltungen","8":"product_tag-whiskyprobe-verkostung-seminar-kaspar-spirituosen-essen-nrw-lothar-kuntze-essener-hof-bosse-speyside-juergen-deibel-whisky-2025","10":"first","11":"instock","12":"taxable","13":"shipping-taxable","14":"purchasable","15":"product-type-simple"},"acf":[],"_links":{"self":[{"href":"https:\/\/www.kaspar-spirituosen.de\/shop\/wp-json\/wp\/v2\/product\/7388","targetHints":{"allow":["GET"]}}],"collection":[{"href":"https:\/\/www.kaspar-spirituosen.de\/shop\/wp-json\/wp\/v2\/product"}],"about":[{"href":"https:\/\/www.kaspar-spirituosen.de\/shop\/wp-json\/wp\/v2\/types\/product"}],"replies":[{"embeddable":true,"href":"https:\/\/www.kaspar-spirituosen.de\/shop\/wp-json\/wp\/v2\/comments?post=7388"}],"wp:featuredmedia":[{"embeddable":true,"href":"https:\/\/www.kaspar-spirituosen.de\/shop\/wp-json\/wp\/v2\/media\/31283"}],"wp:attachment":[{"href":"https:\/\/www.kaspar-spirituosen.de\/shop\/wp-json\/wp\/v2\/media?parent=7388"}],"wp:term":[{"taxonomy":"product_brand","embeddable":true,"href":"https:\/\/www.kaspar-spirituosen.de\/shop\/wp-json\/wp\/v2\/product_brand?post=7388"},{"taxonomy":"product_cat","embeddable":true,"href":"https:\/\/www.kaspar-spirituosen.de\/shop\/wp-json\/wp\/v2\/product_cat?post=7388"},{"taxonomy":"product_tag","embeddable":true,"href":"https:\/\/www.kaspar-spirituosen.de\/shop\/wp-json\/wp\/v2\/product_tag?post=7388"}],"curies":[{"name":"wp","href":"https:\/\/api.w.org\/{rel}","templated":true}]}}