{"id":7404,"date":"2025-05-05T16:50:28","date_gmt":"2025-05-05T14:50:28","guid":{"rendered":"https:\/\/www.kaspar-spirituosen.de\/shop\/produkt\/kultur-weinmesse-2025-15-maerz-2025\/"},"modified":"2026-03-05T23:11:30","modified_gmt":"2026-03-05T22:11:30","slug":"kultur-weinmesse-2026-14-maerz-2026","status":"publish","type":"product","link":"https:\/\/www.kaspar-spirituosen.de\/shop\/produkt\/kultur-weinmesse-2026-14-maerz-2026\/","title":{"rendered":"Kult(ur)-Weinmesse 2026, 14. M\u00e4rz 2026"},"content":{"rendered":"<p style=\"font-size: 18px;font-family: Arial, Verdana, Helvetica\"><b>Kult(ur)-Weinmesse 2026, <\/b><b>Samstag 14. M\u00e4rz 2026 von 17-21 Uhr, Stadtgarten Essen-Steele<\/b><\/p>\n<p style=\"font-size: 18px;font-family: Arial, Verdana, Helvetica\">Die Weinvielfalt vor einzigartiger Kulisse im denkmalgesch\u00fctzten Stadtgarten Essen-Steele !<br \/>\nFreuen Sie sich auf gro\u00dfartige Winzer aus den unterschiedlichsten Wein-Regionen !<\/p>\n<p>An der kommenden Kult(ur)-Weinmesse werden wieder sehr viele Winzer teilnehmen. Schauen Sie sich anhand der hier aufgef\u00fchrten Links an, wie abwechslungsreich und &#8222;bunt&#8220; eine Weinmesse im sch\u00f6nen Ruhrgebiet sein kann und wenn dann das Ganze auch noch an einem solchen Ort wie dem denkmalgesch\u00fctzten Stadtgarten Essen-Steele stattfindet, dann &#8230;&#8230;&#8230;&#8230;.. !<\/p>\n<p>Fakten : <strong>14.03.2026, 17:00 Uhr-21:00 Uh<\/strong>r im <a href=\"https:\/\/www.imhoff-essen.de\/index.php?id=29\" data-link-type=\"external\" data-type=\"linkpicker\">Stadtgarten Essen-Steele<\/a>, Am Stadtgarten 1, 45276 Essen\u00a0 ! Catering, gegen Entgelt, <a href=\"https:\/\/www.kaese-essen.de\/\" data-link-type=\"external\" data-type=\"linkpicker\">Kl\u00f6cker\u00b4s Kaas Kate<\/a> (K\u00e4se-Experte aus Essen-Werden)<\/p>\n<p>Dabei als Kultur-Part in 2026, mit einer Schokoladen-Pr\u00e4sentation : <a title=\"J\u00fcrgen Bluhm\" href=\"https:\/\/www.soiree-chocolat.de\/\" target=\"_blank\" rel=\"noopener\" aria-describedby=\"new-window\" aria-label=\"J\u00fcrgen Bluhm\">J\u00fcrgen Bluhm<\/a> ! <strong>Gestalten Sie Ihre eigene Schokolade !<\/strong><\/p>\n<p>Hier, wie folgt, die Anbieter f\u00fcr 2026 <strong>(Stand : 04.03.2026)<\/strong>\u00a0:<\/p>\n<p><strong>Deutschland<\/strong><\/p>\n<p>Weingut Bercher, Baden<br \/>\n<a href=\"http:\/\/www.weingutbercher.de\">www.weingutbercher.de<\/a><br \/>\nWeingut Ellermann-Spiegel, Pfalz<br \/>\n<a href=\"http:\/\/www.ellermann-spiegel.de\">www.ellermann-spiegel.de<\/a><br \/>\nWeingut J\u00fcrgen Ellwanger, W\u00fcrttemberg<br \/>\n<a href=\"http:\/\/www.weingut-ellwanger.de\">www.weingut-ellwanger.de<\/a><br \/>\nWeingut Endefelder, Mosel\u00a0 <strong>NEU<\/strong><br \/>\n<a href=\"https:\/\/weingut-endesfelder.de\/\">www.weingut-endesfelder.de<\/a><br \/>\nWeingut Gustavshof, Rheinhessen<br \/>\n<a href=\"http:\/\/www.gustavshof.de\">www.gustavshof.de<\/a><br \/>\nWeingut K\u00f6belin, Baden<br \/>\n<a href=\"http:\/\/www.weingut-koebelin.de\">www.weingut-koebelin.de<\/a><br \/>\nWeingut Nett, Pfalz<br \/>\n<a href=\"http:\/\/www.nett-weine.de\">www.nett-weine.de<\/a><br \/>\nWeingut Schloss Proschwitz, Sachsen<br \/>\n<a href=\"http:\/\/www.schloss-proschwitz.de\">www.schloss-proschwitz.de<\/a><br \/>\nWalk &amp; Wine (Ahrweine versch. Winzer !) <strong>NEU<\/strong><br \/>\n<a href=\"https:\/\/www.walkandwine.tours\/\">www.walkandwine.tours<\/a><\/p>\n<p><strong>\u00d6sterreich<\/strong><\/p>\n<p>Weingut Martin Reinfeld, Burgenland<br \/>\n<a href=\"https:\/\/www.martinreinfeld.at\/\">www.martinreinfeld.at<\/a><\/p>\n<p><strong>Italien<\/strong><\/p>\n<p>Azienda Agricola Giarola, Veneto<br \/>\n<a href=\"https:\/\/vinigiarola.it\/en\/\">https:\/\/vinigiarola.it\/en\/<\/a><br \/>\nPiccini 1882<br \/>\n<a href=\"https:\/\/www.piccini1882.it\/de\/\">www.piccini1882.it\/de\/<\/a><\/p>\n<p><strong>Spanien<\/strong><\/p>\n<p>Celler Capcanes, Montsant<br \/>\n<a href=\"http:\/\/www.cellercapcanes.com\">www.cellercapcanes.com<\/a><\/p>\n<p><strong>Frankreich<\/strong><\/p>\n<p>Chateau Moyau, La Clape<br \/>\n<a href=\"https:\/\/www.moyau.com\/\">www.moyau.com<\/a><br \/>\nChampagne Bonvalet\u00a0 <strong>NEU<\/strong><br \/>\n<a href=\"https:\/\/champagne-bonvalet.com\/en\/home\/\">champagne-bonvalet.com\/en\/<\/a><\/p>\n<p><strong>S\u00fcdafrika<\/strong><\/p>\n<p>All\u00e9e Bleue, Franschhoek<br \/>\n<a href=\"http:\/\/www.alleebleue.de\">www.alleebleue.de<\/a><\/p>\n<p>&nbsp;<\/p>\n<p style=\"font-size: 18px;font-family: Arial, Verdana, Helvetica\">Unser\u00a0<b>&#8222;Top-Angebot&#8220;:\u00a0<\/b>bezahlen Ihre Weinfavoriten direkt vor Ort zum einmaligen\u00a0<b>5+1 Angebot<\/b>\u00a0und holen selbige in unserem Ladenlokal etwas sp\u00e4ter ab.<\/p>\n<p style=\"font-size: 18px;font-family: Arial, Verdana, Helvetica\"><b>Eintritt: 29 \u20ac p.P. inkl. Weinglas !<\/b><\/p>\n<p style=\"font-size: 18px;font-family: Arial, Verdana, Helvetica\"><b>Wichtige Hinweise:<\/b><\/p>\n<p style=\"font-size: 18px;font-family: Arial, Verdana, Helvetica\">Wenn Sie im Bestellprozess als Versandmethode &#8222;Briefpost&#8220; ausw\u00e4hlen, senden wir Ihnen die Eintrittskarten per Briefpost zu.<\/p>\n","protected":false},"excerpt":{"rendered":"<p><span style=\"font-size: 18px\">Die Weinvielfalt vor einzigartiger Kulisse im denkmalgesch\u00fctzten Stadtgarten Essen-Steele !<\/span><\/p>\n","protected":false},"featured_media":32092,"comment_status":"closed","ping_status":"closed","template":"","meta":{"_acf_changed":false},"product_brand":[],"product_cat":[1595,1596],"product_tag":[986],"class_list":{"0":"post-7404","1":"product","2":"type-product","3":"status-publish","4":"has-post-thumbnail","6":"product_cat-veranstaltungen-dies-das","7":"product_cat-veranstaltungen","8":"product_tag-weintasting-weinprobe-wein-stadtgarten-steele-probe-verkostung-seminar-rolf-kaspar-gmbh-spirituosen-essen-nrw-inernationale-weine-rotwein-weisswei-messe-weinmesse-hausmesse-kultur-weinmesse-winzer","10":"first","11":"instock","12":"taxable","13":"shipping-taxable","14":"purchasable","15":"product-type-simple"},"acf":[],"_links":{"self":[{"href":"https:\/\/www.kaspar-spirituosen.de\/shop\/wp-json\/wp\/v2\/product\/7404","targetHints":{"allow":["GET"]}}],"collection":[{"href":"https:\/\/www.kaspar-spirituosen.de\/shop\/wp-json\/wp\/v2\/product"}],"about":[{"href":"https:\/\/www.kaspar-spirituosen.de\/shop\/wp-json\/wp\/v2\/types\/product"}],"replies":[{"embeddable":true,"href":"https:\/\/www.kaspar-spirituosen.de\/shop\/wp-json\/wp\/v2\/comments?post=7404"}],"wp:featuredmedia":[{"embeddable":true,"href":"https:\/\/www.kaspar-spirituosen.de\/shop\/wp-json\/wp\/v2\/media\/32092"}],"wp:attachment":[{"href":"https:\/\/www.kaspar-spirituosen.de\/shop\/wp-json\/wp\/v2\/media?parent=7404"}],"wp:term":[{"taxonomy":"product_brand","embeddable":true,"href":"https:\/\/www.kaspar-spirituosen.de\/shop\/wp-json\/wp\/v2\/product_brand?post=7404"},{"taxonomy":"product_cat","embeddable":true,"href":"https:\/\/www.kaspar-spirituosen.de\/shop\/wp-json\/wp\/v2\/product_cat?post=7404"},{"taxonomy":"product_tag","embeddable":true,"href":"https:\/\/www.kaspar-spirituosen.de\/shop\/wp-json\/wp\/v2\/product_tag?post=7404"}],"curies":[{"name":"wp","href":"https:\/\/api.w.org\/{rel}","templated":true}]}}