{"id":7430,"date":"2025-05-05T16:50:42","date_gmt":"2025-05-05T14:50:42","guid":{"rendered":"https:\/\/www.kaspar-spirituosen.de\/shop\/produkt\/aquavitae-tasting-27-10-s2-12-30-uhrpfau-obstbraende-und-whisky-aus-oesterreich\/"},"modified":"2025-10-24T16:16:43","modified_gmt":"2025-10-24T14:16:43","slug":"aquavitae-tasting-27-10-s2-12-30-uhrpfau-obstbraende-und-whisky-aus-oesterreich","status":"publish","type":"product","link":"https:\/\/www.kaspar-spirituosen.de\/shop\/produkt\/aquavitae-tasting-27-10-s2-12-30-uhrpfau-obstbraende-und-whisky-aus-oesterreich\/","title":{"rendered":"Aquavitae Tasting 26.10. S2 12.30 Uhr,&#8220;Roner-Tasting&#8220; (Br\u00e4nde aus S\u00fcdtirol)"},"content":{"rendered":"<p><strong>12:30 Uhr\u00a0 <a href=\"https:\/\/www.roner.com\/\" data-link-type=\"external\" data-type=\"linkpicker\">Roner-Brennereien<\/a>, Br\u00e4nde aus S\u00fcdtirol<\/strong><br \/>\nSeminarraum 2<br \/>\nRoner Williams Christ Reserve\u00a0 42%<br \/>\nRoner Waldhimbeergeist\u00a0 40 % Vol.<br \/>\nRoner Grappa La Gold Riserva 40 % Vol.<br \/>\nRoner Grappa Gew\u00fcrztraminer 40 % Vol.<br \/>\nRoner Rum R74 Aged 0,7 Liter 40 % Vol.<br \/>\nRoner TER Lignum Whisky Aged 5 Years 40 % Vol.<br \/>\nReferent: Kurt Kaufmann<br \/>\nEintritt: 15,00 Euro<\/p>\n<p>Die Roner Brennerei aus S\u00fcdtirol ist bekannt f\u00fcr ihre edlen Grappas, Lik\u00f6re und Fruchtbr\u00e4nde.<br \/>\nSeit 1946 vereint sie traditionelle Handwerkskunst mit moderner Destillationstechnologie.<br \/>\nMit Sitz in Tramin am Kalterer See steht Roner f\u00fcr Qualit\u00e4t, Regionalit\u00e4t und Genuss.<\/p>\n<p><strong>Wichtige Hinweise:<\/strong><\/p>\n<p><strong>Die Teilnahme an Tastings\u00a0 ist nur f\u00fcr Besucher der Messe m\u00f6glich. Eintrittskarten an der Tageskasse, 14,-EUR p.P., im Vorverkauf 13,-EUR p.P. ! Evtl. sind Restpl\u00e4tze an der Tageskasse erh\u00e4ltlich.<\/strong><\/p>\n<p><strong>Bitte w\u00e4hlen Sie im Bestellprozess als Versandmethode &#8222;Briefpost&#8220; aus. Wir senden Ihnen die Rechnung (es gibt keine Karten f\u00fcr die Tastings) per Post zu. Diese gilt als Buchungsbest\u00e4tigung, und bringen Sie diese als Buchungsbest\u00e4tigung bitte zum Seminar mit.<\/strong><\/p>\n<p><strong>Die Dauer der einzelnen Tastings betr\u00e4gt etwa 45-60 Minuten. Bitte finden Sie sich schon einige Minuten vor Beginn am jeweiligen Seminarraum ein, damit es p\u00fcnktlich losgehen kann.<\/strong><\/p>\n","protected":false},"excerpt":{"rendered":"<p><strong>Die Teilnahme an Tastings der Aquavitae ist nur f\u00fcr Besucher der Messe m\u00f6glich: Eintrittskarten, 14,-EUR p.P., im Vorverkauf 13,-EUR p.P. !<\/strong><\/p>\n","protected":false},"featured_media":31831,"comment_status":"closed","ping_status":"closed","template":"","meta":{"_acf_changed":false},"product_brand":[],"product_cat":[1595,1598],"product_tag":[991],"class_list":{"0":"post-7430","1":"product","2":"type-product","3":"status-publish","4":"has-post-thumbnail","6":"product_cat-veranstaltungen-dies-das","7":"product_cat-aquavitae-eintrittskarten-tastings","8":"product_tag-whiskytasting-whisky-probe-verkostung-seminar-kaspar-spirituosen-essen-nrw-whiskyexperte-zeche-whiskymesse-spirituosenmesse-stadthalle-muelheim-an-der-ruhr-aquavitae-2023-obstbrandtasting-gin-rum-vodk","10":"first","11":"outofstock","12":"taxable","13":"shipping-taxable","14":"purchasable","15":"product-type-simple"},"acf":[],"_links":{"self":[{"href":"https:\/\/www.kaspar-spirituosen.de\/shop\/wp-json\/wp\/v2\/product\/7430","targetHints":{"allow":["GET"]}}],"collection":[{"href":"https:\/\/www.kaspar-spirituosen.de\/shop\/wp-json\/wp\/v2\/product"}],"about":[{"href":"https:\/\/www.kaspar-spirituosen.de\/shop\/wp-json\/wp\/v2\/types\/product"}],"replies":[{"embeddable":true,"href":"https:\/\/www.kaspar-spirituosen.de\/shop\/wp-json\/wp\/v2\/comments?post=7430"}],"wp:featuredmedia":[{"embeddable":true,"href":"https:\/\/www.kaspar-spirituosen.de\/shop\/wp-json\/wp\/v2\/media\/31831"}],"wp:attachment":[{"href":"https:\/\/www.kaspar-spirituosen.de\/shop\/wp-json\/wp\/v2\/media?parent=7430"}],"wp:term":[{"taxonomy":"product_brand","embeddable":true,"href":"https:\/\/www.kaspar-spirituosen.de\/shop\/wp-json\/wp\/v2\/product_brand?post=7430"},{"taxonomy":"product_cat","embeddable":true,"href":"https:\/\/www.kaspar-spirituosen.de\/shop\/wp-json\/wp\/v2\/product_cat?post=7430"},{"taxonomy":"product_tag","embeddable":true,"href":"https:\/\/www.kaspar-spirituosen.de\/shop\/wp-json\/wp\/v2\/product_tag?post=7430"}],"curies":[{"name":"wp","href":"https:\/\/api.w.org\/{rel}","templated":true}]}}