{"id":7434,"date":"2025-05-05T16:50:42","date_gmt":"2025-05-05T14:50:42","guid":{"rendered":"https:\/\/www.kaspar-spirituosen.de\/shop\/produkt\/aquavitae-tasting-26-10-s2-16-30-uhr-st-kilian-whisky-tasting\/"},"modified":"2025-10-24T16:16:44","modified_gmt":"2025-10-24T14:16:44","slug":"aquavitae-tasting-26-10-s2-16-30-uhr-st-kilian-whisky-tasting","status":"publish","type":"product","link":"https:\/\/www.kaspar-spirituosen.de\/shop\/produkt\/aquavitae-tasting-26-10-s2-16-30-uhr-st-kilian-whisky-tasting\/","title":{"rendered":"Aquavitae Tasting 25.10. S2 16.30 Uhr, &#8222;St.Kilian-Whisky-Tasting&#8220; \u201eThe Good, the Bad and the Cask\u201c"},"content":{"rendered":"<p><strong>16:30 Uhr &#8222;<a href=\"https:\/\/www.stkiliandistillers.com\/\" data-link-type=\"external\" data-type=\"linkpicker\" data-cke-saved-href=\"https:\/\/www.stkiliandistillers.com\/\">St.Kilian<\/a>-Whisky-Tasting&#8220;, \u201eThe Good, the Bad and the Cask\u201c<\/strong><br \/>\nSeminarraum 2<br \/>\nSignature Edition Sixteen<br \/>\nMesseabf\u00fcllung mild<br \/>\nSignature Edition Fifteen<br \/>\nMesseabf\u00fcllung peated<br \/>\n+ ein \u00dcberraschungs-Single-Cask<br \/>\nReferent: Christoph Albietz<br \/>\nEintritt: 25,00 Euro<\/p>\n<p><strong>Wichtige Hinweise:<br \/>\nDie Teilnahme an Tastings ist nur f\u00fcr Besucher der Messe m\u00f6glich. Eintrittskarten an der Tageskasse, 14,-EUR p.P., im Vorverkauf 13,-EUR p.P. ! Evtl. sind Restpl\u00e4tze an der Tageskasse erh\u00e4ltlich.<\/strong><\/p>\n<p>Bitte w\u00e4hlen Sie im Bestellprozess als Versandmethode &#8222;Briefpost&#8220; aus. Wir senden Ihnen die Rechnung (es gibt keine Karten f\u00fcr die Tastings) per Post zu. Diese gilt als Buchungsbest\u00e4tigung, und bringen Sie diese als Buchungsbest\u00e4tigung bitte zum Seminar mit.<\/p>\n<p>Die Dauer der einzelnen Tastings betr\u00e4gt etwa 45-60 Minuten. Bitte finden Sie sich schon einige Minuten vor Beginn am jeweiligen Seminarraum ein, damit es p\u00fcnktlich losgehen kann.<\/p>\n","protected":false},"excerpt":{"rendered":"<p data-start=\"0\" data-end=\"212\">St. Kilian Whisky-Tasting <em data-start=\"50\" data-end=\"84\" data-is-only-node=\"\">\u201eThe Good, the Bad and the Cask\u201c<\/em> mit Christoph Albietz. Verkostung von Signature Sixteen &amp; Fifteen, zwei Messeabf\u00fcllungen und einem \u00dcberraschungs-Single-Cask.<\/p>\n<p data-start=\"214\" data-end=\"299\">Seminarraum 2 | 16:30 Uhr | 25 \u20ac (zzgl. Messe-Eintritt) | Dauer: 45\u201360 Min.<\/p>\n","protected":false},"featured_media":8872,"comment_status":"closed","ping_status":"closed","template":"","meta":{"_acf_changed":false},"product_brand":[],"product_cat":[1595,1598],"product_tag":[],"class_list":{"0":"post-7434","1":"product","2":"type-product","3":"status-publish","4":"has-post-thumbnail","6":"product_cat-veranstaltungen-dies-das","7":"product_cat-aquavitae-eintrittskarten-tastings","9":"first","10":"outofstock","11":"taxable","12":"shipping-taxable","13":"purchasable","14":"product-type-simple"},"acf":[],"_links":{"self":[{"href":"https:\/\/www.kaspar-spirituosen.de\/shop\/wp-json\/wp\/v2\/product\/7434","targetHints":{"allow":["GET"]}}],"collection":[{"href":"https:\/\/www.kaspar-spirituosen.de\/shop\/wp-json\/wp\/v2\/product"}],"about":[{"href":"https:\/\/www.kaspar-spirituosen.de\/shop\/wp-json\/wp\/v2\/types\/product"}],"replies":[{"embeddable":true,"href":"https:\/\/www.kaspar-spirituosen.de\/shop\/wp-json\/wp\/v2\/comments?post=7434"}],"wp:featuredmedia":[{"embeddable":true,"href":"https:\/\/www.kaspar-spirituosen.de\/shop\/wp-json\/wp\/v2\/media\/8872"}],"wp:attachment":[{"href":"https:\/\/www.kaspar-spirituosen.de\/shop\/wp-json\/wp\/v2\/media?parent=7434"}],"wp:term":[{"taxonomy":"product_brand","embeddable":true,"href":"https:\/\/www.kaspar-spirituosen.de\/shop\/wp-json\/wp\/v2\/product_brand?post=7434"},{"taxonomy":"product_cat","embeddable":true,"href":"https:\/\/www.kaspar-spirituosen.de\/shop\/wp-json\/wp\/v2\/product_cat?post=7434"},{"taxonomy":"product_tag","embeddable":true,"href":"https:\/\/www.kaspar-spirituosen.de\/shop\/wp-json\/wp\/v2\/product_tag?post=7434"}],"curies":[{"name":"wp","href":"https:\/\/api.w.org\/{rel}","templated":true}]}}