{"id":7438,"date":"2025-05-05T16:50:42","date_gmt":"2025-05-05T14:50:42","guid":{"rendered":"https:\/\/www.kaspar-spirituosen.de\/shop\/produkt\/aquavitae-tasting-26-10-s3-16-30-uhr-vibrant-stills-alba-import\/"},"modified":"2025-10-24T16:16:44","modified_gmt":"2025-10-24T14:16:44","slug":"aquavitae-tasting-26-10-s3-16-30-uhr-vibrant-stills-alba-import","status":"publish","type":"product","link":"https:\/\/www.kaspar-spirituosen.de\/shop\/produkt\/aquavitae-tasting-26-10-s3-16-30-uhr-vibrant-stills-alba-import\/","title":{"rendered":"Aquavitae Tasting 25.10. S3 16.30 Uhr, Vibrant Stills &#8211; Alba-Import"},"content":{"rendered":"<p><strong data-le-dy-clone=\"14-2\">16:30 Uhr \u00a0Neues von Vibrant Stills &#8211; <a title=\"Alba-Import\" href=\"https:\/\/www.albaimport.de\/\">Alba-Import<\/a><br \/>\n<\/strong>Seminarraum 3<br \/>\nLagmore, Living Souls, 10 J., 48%<br \/>\nThe Feering, Cabrach Distillery, 46%<br \/>\nWolfburn 12 J., 46%<br \/>\nClydeside \u201cVibrant Stills\u201d Single Oz Tyler Bourbon Barrel, 58%<br \/>\nReferent: Dietmar Schulz<br \/>\nEintritt: 25,00 Euro<\/p>\n<p><b>Wichtige Hinweise:<\/b><\/p>\n<p><b>Die Teilnahme an Tastings\u00a0 ist nur f\u00fcr Besucher der Messe m\u00f6glich. Eintrittskarten an der Tageskasse, 14,-EUR p.P., im Vorverkauf\u00a013,-EUR p.P. ! Evtl. sind Restpl\u00e4tze an der Tageskasse erh\u00e4ltlich.<\/b><\/p>\n<p>Bitte w\u00e4hlen Sie im Bestellprozess als <strong>Versandmethode &#8222;Briefpost&#8220;<\/strong> aus. Wir senden Ihnen die Rechnung (es gibt <strong>keine Karten<\/strong> f\u00fcr die Tastings) per Post zu. Diese gilt als Buchungsbest\u00e4tigung, und bringen Sie diese als Buchungsbest\u00e4tigung bitte zum Seminar mit.<\/p>\n<p>Die Dauer der einzelnen Tastings betr\u00e4gt etwa 45-60 Minuten. Bitte finden Sie sich schon einige Minuten vor Beginn am jeweiligen Seminarraum ein, damit es p\u00fcnktlich losgehen kann.<\/p>\n","protected":false},"excerpt":{"rendered":"<p>&nbsp;<\/p>\n<p>&nbsp;<\/p>\n","protected":false},"featured_media":8875,"comment_status":"closed","ping_status":"closed","template":"","meta":{"_acf_changed":false},"product_brand":[],"product_cat":[1595,1598],"product_tag":[992],"class_list":{"0":"post-7438","1":"product","2":"type-product","3":"status-publish","4":"has-post-thumbnail","6":"product_cat-veranstaltungen-dies-das","7":"product_cat-aquavitae-eintrittskarten-tastings","8":"product_tag-whiskytasting-whisky-probe-verkostung-seminar-kaspar-spirituosen-essen-nrw-whiskyexperte-zeche-whiskymesse-spirituosenmesse-stadthalle-muelheim-an-der-ruhr-aquavitae-2024-alba-import-vibrant-stills","10":"first","11":"outofstock","12":"taxable","13":"shipping-taxable","14":"purchasable","15":"product-type-simple"},"acf":[],"_links":{"self":[{"href":"https:\/\/www.kaspar-spirituosen.de\/shop\/wp-json\/wp\/v2\/product\/7438","targetHints":{"allow":["GET"]}}],"collection":[{"href":"https:\/\/www.kaspar-spirituosen.de\/shop\/wp-json\/wp\/v2\/product"}],"about":[{"href":"https:\/\/www.kaspar-spirituosen.de\/shop\/wp-json\/wp\/v2\/types\/product"}],"replies":[{"embeddable":true,"href":"https:\/\/www.kaspar-spirituosen.de\/shop\/wp-json\/wp\/v2\/comments?post=7438"}],"wp:featuredmedia":[{"embeddable":true,"href":"https:\/\/www.kaspar-spirituosen.de\/shop\/wp-json\/wp\/v2\/media\/8875"}],"wp:attachment":[{"href":"https:\/\/www.kaspar-spirituosen.de\/shop\/wp-json\/wp\/v2\/media?parent=7438"}],"wp:term":[{"taxonomy":"product_brand","embeddable":true,"href":"https:\/\/www.kaspar-spirituosen.de\/shop\/wp-json\/wp\/v2\/product_brand?post=7438"},{"taxonomy":"product_cat","embeddable":true,"href":"https:\/\/www.kaspar-spirituosen.de\/shop\/wp-json\/wp\/v2\/product_cat?post=7438"},{"taxonomy":"product_tag","embeddable":true,"href":"https:\/\/www.kaspar-spirituosen.de\/shop\/wp-json\/wp\/v2\/product_tag?post=7438"}],"curies":[{"name":"wp","href":"https:\/\/api.w.org\/{rel}","templated":true}]}}