{"id":7483,"date":"2025-05-05T16:50:55","date_gmt":"2025-05-05T14:50:55","guid":{"rendered":"https:\/\/www.kaspar-spirituosen.de\/shop\/produkt\/aquavitae-tasting-26-10-s1-16-30-uhr-whiskydudes\/"},"modified":"2025-10-24T16:16:37","modified_gmt":"2025-10-24T14:16:37","slug":"aquavitae-tasting-26-10-s1-16-30-uhr-whiskydudes","status":"publish","type":"product","link":"https:\/\/www.kaspar-spirituosen.de\/shop\/produkt\/aquavitae-tasting-26-10-s1-16-30-uhr-whiskydudes\/","title":{"rendered":"Aquavitae Tasting 25.10. S1 16.30 Uhr, &#8222;Scotch Malt Whisky Society&#8220;"},"content":{"rendered":"<p><strong>16:30 Uhr<\/strong> &#8222;<a href=\"https:\/\/smws.eu\/\" data-link-type=\"external\" data-type=\"linkpicker\">ScotchMaltWhiskySociety<\/a>&#8222;,\u00a0<strong>Neue Farben, neue Aromen !<\/strong><br \/>\nSeminarraum 1<br \/>\nReferent : Peter Kohl (Society Ambassador)<br \/>\nPreis : 25,00 Euro<\/p>\n<p><b>Wichtige Hinweise:<\/b><\/p>\n<p><b>Die Teilnahme an Tastings\u00a0 ist nur f\u00fcr Besucher der Messe m\u00f6glich. Eintrittskarten an der Tageskasse, 14,-EUR p.P., im Vorverkauf\u00a013,-EUR p.P. ! Evtl. sind Restpl\u00e4tze an der Tageskasse erh\u00e4ltlich.<\/b><\/p>\n<p>Bitte w\u00e4hlen Sie im Bestellprozess als <strong>Versandmethode &#8222;Briefpost&#8220;<\/strong> aus. Wir senden Ihnen die Rechnung (es gibt <strong>keine Karten<\/strong> f\u00fcr die Tastings) per Post zu. Diese gilt als Buchungsbest\u00e4tigung, und bringen Sie diese als Buchungsbest\u00e4tigung bitte zum Seminar mit.<\/p>\n<p>Die Dauer der einzelnen Tastings betr\u00e4gt etwa 45-60 Minuten. Bitte finden Sie sich schon einige Minuten vor Beginn am jeweiligen Seminarraum ein, damit es p\u00fcnktlich losgehen kann.<\/p>\n","protected":false},"excerpt":{"rendered":"<p>&nbsp;<\/p>\n<p>&nbsp;<\/p>\n","protected":false},"featured_media":31291,"comment_status":"closed","ping_status":"closed","template":"","meta":{"_acf_changed":false},"product_brand":[],"product_cat":[1595,1598],"product_tag":[],"class_list":{"0":"post-7483","1":"product","2":"type-product","3":"status-publish","4":"has-post-thumbnail","6":"product_cat-veranstaltungen-dies-das","7":"product_cat-aquavitae-eintrittskarten-tastings","9":"first","10":"outofstock","11":"taxable","12":"shipping-taxable","13":"purchasable","14":"product-type-simple"},"acf":[],"_links":{"self":[{"href":"https:\/\/www.kaspar-spirituosen.de\/shop\/wp-json\/wp\/v2\/product\/7483","targetHints":{"allow":["GET"]}}],"collection":[{"href":"https:\/\/www.kaspar-spirituosen.de\/shop\/wp-json\/wp\/v2\/product"}],"about":[{"href":"https:\/\/www.kaspar-spirituosen.de\/shop\/wp-json\/wp\/v2\/types\/product"}],"replies":[{"embeddable":true,"href":"https:\/\/www.kaspar-spirituosen.de\/shop\/wp-json\/wp\/v2\/comments?post=7483"}],"wp:featuredmedia":[{"embeddable":true,"href":"https:\/\/www.kaspar-spirituosen.de\/shop\/wp-json\/wp\/v2\/media\/31291"}],"wp:attachment":[{"href":"https:\/\/www.kaspar-spirituosen.de\/shop\/wp-json\/wp\/v2\/media?parent=7483"}],"wp:term":[{"taxonomy":"product_brand","embeddable":true,"href":"https:\/\/www.kaspar-spirituosen.de\/shop\/wp-json\/wp\/v2\/product_brand?post=7483"},{"taxonomy":"product_cat","embeddable":true,"href":"https:\/\/www.kaspar-spirituosen.de\/shop\/wp-json\/wp\/v2\/product_cat?post=7483"},{"taxonomy":"product_tag","embeddable":true,"href":"https:\/\/www.kaspar-spirituosen.de\/shop\/wp-json\/wp\/v2\/product_tag?post=7483"}],"curies":[{"name":"wp","href":"https:\/\/api.w.org\/{rel}","templated":true}]}}