{"id":7489,"date":"2025-05-05T16:50:55","date_gmt":"2025-05-05T14:50:55","guid":{"rendered":"https:\/\/www.kaspar-spirituosen.de\/shop\/produkt\/aquavitae-tasting-26-10-s3-18-30-uhr-pfaelzer-whisky-aus-alten-weinfaessern\/"},"modified":"2025-10-24T16:16:38","modified_gmt":"2025-10-24T14:16:38","slug":"aquavitae-tasting-26-10-s3-18-30-uhr-pfaelzer-whisky-aus-alten-weinfaessern","status":"publish","type":"product","link":"https:\/\/www.kaspar-spirituosen.de\/shop\/produkt\/aquavitae-tasting-26-10-s3-18-30-uhr-pfaelzer-whisky-aus-alten-weinfaessern\/","title":{"rendered":"Aquavitae Tasting 25.10. S3 18.30 Uhr, &#8222;Masterclass Tamdhu \/ Glengoyne&#8220;"},"content":{"rendered":"<div class=\"col medium-8 default-8\">\n<div class=\"cms-article\">\n<p data-le-dy-clone=\"119-5\"><strong>18:30 Uhr Masterclass <\/strong><a href=\"http:\/\/www.tamdhu.com\" data-link-type=\"external\" data-type=\"linkpicker\">Tamdhu<\/a><strong>\/<\/strong><a href=\"http:\/\/www.glengoyne.com\" data-link-type=\"external\" data-type=\"linkpicker\">Glengoyne<\/a><br \/>\n<strong>Seminarraum 3<\/strong><br \/>\nGlengoyne 15 Jahre 0,7 Liter 43 % Vol.<br \/>\nGlengoyne Cask Strength Batch 10 0,7 Liter 59,5% Vol.<br \/>\nGlengoyne White Oak NAS 0,7 Liter 48 % Vol.<br \/>\nTamdhu 15 Jahre 0,7 Liter 46 % Vol.<br \/>\nTamdhu Cigar Malt Batch 4 0,7 Liter 53,8 % Vol.<br \/>\nReferent: Marcus Wolff<br \/>\nEintritt: 25,00 Euro<\/p>\n<p><b>Wichtige Hinweise:<\/b><\/p>\n<\/div>\n<\/div>\n<p><b>Die Teilnahme an Tastings\u00a0 ist nur f\u00fcr Besucher der Messe m\u00f6glich. Eintrittskarten an der Tageskasse, 14,-EUR p.P., im Vorverkauf\u00a013,-EUR p.P. ! Evtl. sind Restpl\u00e4tze an der Tageskasse erh\u00e4ltlich.<\/b><\/p>\n<p>Bitte w\u00e4hlen Sie im Bestellprozess als <strong>Versandmethode &#8222;Briefpost&#8220;<\/strong> aus. Wir senden Ihnen die Rechnung (es gibt <strong>keine Karten <\/strong>f\u00fcr die Tastings) per Post zu. Diese gilt als Buchungsbest\u00e4tigung, und bringen Sie diese als Buchungsbest\u00e4tigung bitte zum Seminar mit.<\/p>\n<p>Die Dauer der einzelnen Tastings betr\u00e4gt etwa 45-60 Minuten. Bitte finden Sie sich schon einige Minuten vor Beginn am jeweiligen Seminarraum ein, damit es p\u00fcnktlich losgehen kann.<\/p>\n","protected":false},"excerpt":{"rendered":"<p>&nbsp;<\/p>\n<p>&nbsp;<\/p>\n","protected":false},"featured_media":31292,"comment_status":"closed","ping_status":"closed","template":"","meta":{"_acf_changed":false},"product_brand":[],"product_cat":[1595,1598],"product_tag":[],"class_list":{"0":"post-7489","1":"product","2":"type-product","3":"status-publish","4":"has-post-thumbnail","6":"product_cat-veranstaltungen-dies-das","7":"product_cat-aquavitae-eintrittskarten-tastings","9":"first","10":"outofstock","11":"taxable","12":"shipping-taxable","13":"purchasable","14":"product-type-simple"},"acf":[],"_links":{"self":[{"href":"https:\/\/www.kaspar-spirituosen.de\/shop\/wp-json\/wp\/v2\/product\/7489","targetHints":{"allow":["GET"]}}],"collection":[{"href":"https:\/\/www.kaspar-spirituosen.de\/shop\/wp-json\/wp\/v2\/product"}],"about":[{"href":"https:\/\/www.kaspar-spirituosen.de\/shop\/wp-json\/wp\/v2\/types\/product"}],"replies":[{"embeddable":true,"href":"https:\/\/www.kaspar-spirituosen.de\/shop\/wp-json\/wp\/v2\/comments?post=7489"}],"wp:featuredmedia":[{"embeddable":true,"href":"https:\/\/www.kaspar-spirituosen.de\/shop\/wp-json\/wp\/v2\/media\/31292"}],"wp:attachment":[{"href":"https:\/\/www.kaspar-spirituosen.de\/shop\/wp-json\/wp\/v2\/media?parent=7489"}],"wp:term":[{"taxonomy":"product_brand","embeddable":true,"href":"https:\/\/www.kaspar-spirituosen.de\/shop\/wp-json\/wp\/v2\/product_brand?post=7489"},{"taxonomy":"product_cat","embeddable":true,"href":"https:\/\/www.kaspar-spirituosen.de\/shop\/wp-json\/wp\/v2\/product_cat?post=7489"},{"taxonomy":"product_tag","embeddable":true,"href":"https:\/\/www.kaspar-spirituosen.de\/shop\/wp-json\/wp\/v2\/product_tag?post=7489"}],"curies":[{"name":"wp","href":"https:\/\/api.w.org\/{rel}","templated":true}]}}