{"id":7496,"date":"2025-05-05T16:51:09","date_gmt":"2025-05-05T14:51:09","guid":{"rendered":"https:\/\/www.kaspar-spirituosen.de\/shop\/produkt\/2018-zeltinger-himmelreich-riesling-feinherb-075-lt\/"},"modified":"2025-10-24T16:15:58","modified_gmt":"2025-10-24T14:15:58","slug":"2018-zeltinger-himmelreich-riesling-feinherb-075-lt","status":"publish","type":"product","link":"https:\/\/www.kaspar-spirituosen.de\/shop\/produkt\/2018-zeltinger-himmelreich-riesling-feinherb-075-lt\/","title":{"rendered":"2018 Zeltinger Himmelreich Riesling feinherb 0,75 lt.,"},"content":{"rendered":"","protected":false},"excerpt":{"rendered":"<p>Wir sind froh und auch stolz \u00fcber die langj\u00e4hrige, freundschaftliche Zusammenarbeit mit Martin Sch\u00f6mann, dem aufgehenden Stern am Mosel-Himmel. Er besitzt 6 ha Anbaufl\u00e4che in sehr namhaften Lagen der Mosel. Die Stilistik des Hauses achtet auf Rasse, Eleganz und Lagentypizit\u00e4t. Obwohl er nicht so bekannt ist wie manch anderer Winzer aus dieser Region, genie\u00dft er hohes Ansehen und den Respekt aller Kollegen.<\/p>\n<p>Dieser feinherbe Riesling vermittelt bestens den Geschmack der Lage Himmelreich. Deutliche, nicht allzu explosive Frucht nach Pfirsich und Birne, die hier nat\u00fcrlich auch besonders gut von der leichten S\u00fc\u00dfe transportiert wird. Passende S\u00e4ure und ein harmonischer Abgang gestalten diesen Wein besonders genussfreudig.<\/p>\n<p>Enth\u00e4lt Sulfite, 0,75 L, 11,5 % vol.<\/p>\n<p>Weingut Martin Sch\u00f6mann<br \/>\nUferallee 50<br \/>\n54492 Zeltingen-Rachtig<br \/>\nTelefon 06532-2347<br \/>\nTelefax 06532-1010<br \/>\ninfo@schoemann-weine.de<\/p>\n","protected":false},"featured_media":8889,"comment_status":"closed","ping_status":"closed","template":"","meta":{"_acf_changed":false},"product_brand":[],"product_cat":[1526,1527,1529],"product_tag":[999],"class_list":{"0":"post-7496","1":"product","2":"type-product","3":"status-publish","4":"has-post-thumbnail","6":"product_cat-weissweine","7":"product_cat-deutschland-02-2","8":"product_cat-mosel-saar-ruwer-mittelrhein","9":"product_tag-zeltinger-himmelreich-riesling-feinherb-mosel-wein-weingut-schoemann-schoemann-rolf-kaspar-essen-nrw-fachhandel-fachhaendler-weine-weinprobe-weinkeller-weinversand-weinanbaugebiet","11":"first","12":"outofstock","13":"taxable","14":"shipping-taxable","15":"purchasable","16":"product-type-simple"},"acf":[],"_links":{"self":[{"href":"https:\/\/www.kaspar-spirituosen.de\/shop\/wp-json\/wp\/v2\/product\/7496","targetHints":{"allow":["GET"]}}],"collection":[{"href":"https:\/\/www.kaspar-spirituosen.de\/shop\/wp-json\/wp\/v2\/product"}],"about":[{"href":"https:\/\/www.kaspar-spirituosen.de\/shop\/wp-json\/wp\/v2\/types\/product"}],"replies":[{"embeddable":true,"href":"https:\/\/www.kaspar-spirituosen.de\/shop\/wp-json\/wp\/v2\/comments?post=7496"}],"wp:featuredmedia":[{"embeddable":true,"href":"https:\/\/www.kaspar-spirituosen.de\/shop\/wp-json\/wp\/v2\/media\/8889"}],"wp:attachment":[{"href":"https:\/\/www.kaspar-spirituosen.de\/shop\/wp-json\/wp\/v2\/media?parent=7496"}],"wp:term":[{"taxonomy":"product_brand","embeddable":true,"href":"https:\/\/www.kaspar-spirituosen.de\/shop\/wp-json\/wp\/v2\/product_brand?post=7496"},{"taxonomy":"product_cat","embeddable":true,"href":"https:\/\/www.kaspar-spirituosen.de\/shop\/wp-json\/wp\/v2\/product_cat?post=7496"},{"taxonomy":"product_tag","embeddable":true,"href":"https:\/\/www.kaspar-spirituosen.de\/shop\/wp-json\/wp\/v2\/product_tag?post=7496"}],"curies":[{"name":"wp","href":"https:\/\/api.w.org\/{rel}","templated":true}]}}