{"id":7501,"date":"2025-05-05T16:51:09","date_gmt":"2025-05-05T14:51:09","guid":{"rendered":"https:\/\/www.kaspar-spirituosen.de\/shop\/produkt\/2017-altenberg-riesling-trocken-grosses-gewaechs-weingut-von-othegraven-vdp-075-lt\/"},"modified":"2025-10-24T16:16:29","modified_gmt":"2025-10-24T14:16:29","slug":"2017-altenberg-riesling-trocken-grosses-gewaechs-weingut-von-othegraven-vdp-075-lt","status":"publish","type":"product","link":"https:\/\/www.kaspar-spirituosen.de\/shop\/produkt\/2017-altenberg-riesling-trocken-grosses-gewaechs-weingut-von-othegraven-vdp-075-lt\/","title":{"rendered":"2017 Altenberg Riesling trocken Gro\u00dfes Gew\u00e4chs, Weingut von Othegraven, VDP, 0,75 lt."},"content":{"rendered":"<p>2017er, Riesling Gro\u00dfes Gew\u00e4chs, Altenberg, Weingut von Othegraven, Saar, VDP-Weingut<\/p>\n<p>Enth\u00e4lt Sulfite, 0,75 L, 12,5 % vol.<\/p>\n<p>Weingut von Othegraven KG<br \/>\nWeinstr. 1<br \/>\n54441 Kanzem<br \/>\nTel.: 06501-150042<br \/>\nFax: 06501-18879<br \/>\ninfo@von-othegraven.de<\/p>\n<p>2010 haben <strong>G\u00fcnther Jauch<\/strong> und seine Frau Thea das Weingut von Othegraven von Frau Dr. Heidi Kegel \u00fcbernommen. Es befindet sich seit 1805 in Familienbesitz. G\u00fcnther Jauchs Gro\u00dfmutter war eine geborene von Othegraven. Ihr Bruder Maximilian hatte das Gut 1925 von seinen Vorfahren Grach-Weissebach \u00fcbernommen. Als Kind war G\u00fcnther Jauch oft in Kanzem bei Onkel Max und Tante Maria zu Gast. Er und seine Frau f\u00fchren das Weingut inzwischen in 7. Generation.<br \/>\nDas Weingut von Othegraven besteht seit dem 16. Jahrhundert. Das herrschaftliche Gutsgeb\u00e4ude, der Park, sowie die Lage KANZEMER ALTENBERG sind als Ensemble denkmalgesch\u00fctzt. Der Betrieb geh\u00f6rt zu den Gr\u00fcndungsmitgliedern des Verbandes Deutscher Pr\u00e4dikatsweing\u00fcter VDP.<br \/>\nDie Lage KANZEMER ALTENBERG hat eine Neigung von 65%, an dessen schwindelerregend steilem S\u00fcdhang Einzelstock f\u00fcr Einzelstock mit der Hand bearbeitet wird. Das Herzst\u00fcck des Weinguts geh\u00f6rt zu den steilsten und mit 250 m L\u00e4nge auch zu den l\u00e4ngsten Steillagen der Welt. Ausrichtung, Schieferboden und Kleinklima erheben den Kanzemer Altenberg in den Rang einer absoluten Spitzenlage. <strong>Aus diesem Grund, haben wir aus dieser Lage das Gro\u00dfe Gew\u00e4chs 2017 trocken, sowie die 2015er Auslese &#8222;Alte Reben&#8220; f\u00fcr Sie eingekauft ! Sie werden begeistert sein !!<\/strong><\/p>\n","protected":false},"excerpt":{"rendered":"<p>&nbsp;<\/p>\n<p>&nbsp;<\/p>\n<p>&nbsp;<\/p>\n","protected":false},"featured_media":31295,"comment_status":"closed","ping_status":"closed","template":"","meta":{"_acf_changed":false},"product_brand":[],"product_cat":[1526,1527,1529],"product_tag":[1005],"class_list":{"0":"post-7501","1":"product","2":"type-product","3":"status-publish","4":"has-post-thumbnail","6":"product_cat-weissweine","7":"product_cat-deutschland-02-2","8":"product_cat-mosel-saar-ruwer-mittelrhein","9":"product_tag-kanzem-altenberg-grosses-gewaechs-gg-riesling-trocken-saar-mosel-wein-weingut-von-othegraven-guenther-jauch-rolf-kaspar-essen-nrw","11":"first","12":"instock","13":"taxable","14":"shipping-taxable","15":"purchasable","16":"product-type-simple"},"acf":[],"_links":{"self":[{"href":"https:\/\/www.kaspar-spirituosen.de\/shop\/wp-json\/wp\/v2\/product\/7501","targetHints":{"allow":["GET"]}}],"collection":[{"href":"https:\/\/www.kaspar-spirituosen.de\/shop\/wp-json\/wp\/v2\/product"}],"about":[{"href":"https:\/\/www.kaspar-spirituosen.de\/shop\/wp-json\/wp\/v2\/types\/product"}],"replies":[{"embeddable":true,"href":"https:\/\/www.kaspar-spirituosen.de\/shop\/wp-json\/wp\/v2\/comments?post=7501"}],"wp:featuredmedia":[{"embeddable":true,"href":"https:\/\/www.kaspar-spirituosen.de\/shop\/wp-json\/wp\/v2\/media\/31295"}],"wp:attachment":[{"href":"https:\/\/www.kaspar-spirituosen.de\/shop\/wp-json\/wp\/v2\/media?parent=7501"}],"wp:term":[{"taxonomy":"product_brand","embeddable":true,"href":"https:\/\/www.kaspar-spirituosen.de\/shop\/wp-json\/wp\/v2\/product_brand?post=7501"},{"taxonomy":"product_cat","embeddable":true,"href":"https:\/\/www.kaspar-spirituosen.de\/shop\/wp-json\/wp\/v2\/product_cat?post=7501"},{"taxonomy":"product_tag","embeddable":true,"href":"https:\/\/www.kaspar-spirituosen.de\/shop\/wp-json\/wp\/v2\/product_tag?post=7501"}],"curies":[{"name":"wp","href":"https:\/\/api.w.org\/{rel}","templated":true}]}}