{"id":7509,"date":"2025-05-05T16:51:09","date_gmt":"2025-05-05T14:51:09","guid":{"rendered":"https:\/\/www.kaspar-spirituosen.de\/shop\/produkt\/2023-koebelin-weissburgunder-075l\/"},"modified":"2025-10-24T16:16:29","modified_gmt":"2025-10-24T14:16:29","slug":"2023-koebelin-weissburgunder-075l","status":"publish","type":"product","link":"https:\/\/www.kaspar-spirituosen.de\/shop\/produkt\/2023-koebelin-weissburgunder-075l\/","title":{"rendered":"2024 K\u00f6belin Wei\u00dfburgunder 0,75l"},"content":{"rendered":"<p style=\"font-size: 16px; font-family: Arial, Verdana, Helvetica;\"><strong style=\"font-size: 16px;\">Baden, Deutschland<\/strong><\/p>\n<p style=\"font-size: 16px; font-family: Arial, Verdana, Helvetica;\">Das Weingut K\u00f6belin wurde erst im Jahr 2005 gegr\u00fcndet. Arndt K\u00f6belin ist gelernter Winzer und Kellermeister. Die Rebfl\u00e4chen befinden sich am Kaiserstuhl. Der Boden besteht aus Vulkanverwitterungsgestein mit L\u00f6\u00dfauflage.<br \/>\nDie Philosophie des Weingutes ist, Zeitgeist und Tradition der Kulturlandschaft Kaiserstuhl in Weinqualit\u00e4t, Sortimentsauswahl und Erscheinungsbild im Einklang zu verwirklichen. Durch selektive Weinbergsarbeit und schonendste Kellerwirtschaft weisen die Weine in ihrer Sorten-Aromatik und Terroir-Charakteristik eine markante Typizit\u00e4t vor und besitzen hohen Genusswert.<\/p>\n<p style=\"font-size: 16px; font-family: Arial, Verdana, Helvetica;\">Boden: Tiefgr\u00fcndig, heller L\u00f6ss<br \/>\nAusbau: Langsame G\u00e4rung im Edelstahltank, 10% im Holzfass. Nach vier Monaten Feinhefelagerung schonende Filtration und Flaschenf\u00fcllung.<br \/>\nFarbe: Zartes strohgelb mit silbernen Reflexen.<br \/>\nWeinbeschreibung: Fein ausgewogene Burgunderaromatik mit herrlicher Dichte, saftiger S\u00e4ure und dezentem Tannin.<\/p>\n<p style=\"font-size: 16px; font-family: Arial, Verdana, Helvetica;\">Enth\u00e4lt Sulfite, 13% vol., 0,75l<\/p>\n<p style=\"font-size: 16px; font-family: Arial, Verdana, Helvetica;\">Arndt K\u00f6belin Weingut<br \/>\nAltweg 131<br \/>\n79356 Eichstetten am Kaiserstuhl<br \/>\nTel.: 07663\/1414<\/p>\n","protected":false},"excerpt":{"rendered":"<p><span style=\"font-family: Arial, Verdana, Helvetica; font-size: 16px;\">Das Weingut K\u00f6belin wurde erst im Jahr 2005 gegr\u00fcndet.<\/span><\/p>\n","protected":false},"featured_media":31296,"comment_status":"closed","ping_status":"closed","template":"","meta":{"_acf_changed":false},"product_brand":[],"product_cat":[1526,1527,1528],"product_tag":[1009],"class_list":{"0":"post-7509","1":"product","2":"type-product","3":"status-publish","4":"has-post-thumbnail","6":"product_cat-weissweine","7":"product_cat-deutschland-02-2","8":"product_cat-baden-2","9":"product_tag-weisser-burgunder-weissburgunder-weisser-weissburgunder-weisswein-kabinett-trocken-koebelin-arndt-weingut-baden-eichstetten-weisswein-weissweine-weine-rolf-kaspar-nrw-essen","11":"first","12":"instock","13":"taxable","14":"shipping-taxable","15":"purchasable","16":"product-type-simple"},"acf":[],"_links":{"self":[{"href":"https:\/\/www.kaspar-spirituosen.de\/shop\/wp-json\/wp\/v2\/product\/7509","targetHints":{"allow":["GET"]}}],"collection":[{"href":"https:\/\/www.kaspar-spirituosen.de\/shop\/wp-json\/wp\/v2\/product"}],"about":[{"href":"https:\/\/www.kaspar-spirituosen.de\/shop\/wp-json\/wp\/v2\/types\/product"}],"replies":[{"embeddable":true,"href":"https:\/\/www.kaspar-spirituosen.de\/shop\/wp-json\/wp\/v2\/comments?post=7509"}],"wp:featuredmedia":[{"embeddable":true,"href":"https:\/\/www.kaspar-spirituosen.de\/shop\/wp-json\/wp\/v2\/media\/31296"}],"wp:attachment":[{"href":"https:\/\/www.kaspar-spirituosen.de\/shop\/wp-json\/wp\/v2\/media?parent=7509"}],"wp:term":[{"taxonomy":"product_brand","embeddable":true,"href":"https:\/\/www.kaspar-spirituosen.de\/shop\/wp-json\/wp\/v2\/product_brand?post=7509"},{"taxonomy":"product_cat","embeddable":true,"href":"https:\/\/www.kaspar-spirituosen.de\/shop\/wp-json\/wp\/v2\/product_cat?post=7509"},{"taxonomy":"product_tag","embeddable":true,"href":"https:\/\/www.kaspar-spirituosen.de\/shop\/wp-json\/wp\/v2\/product_tag?post=7509"}],"curies":[{"name":"wp","href":"https:\/\/api.w.org\/{rel}","templated":true}]}}