{"id":7515,"date":"2025-05-05T16:51:09","date_gmt":"2025-05-05T14:51:09","guid":{"rendered":"https:\/\/www.kaspar-spirituosen.de\/shop\/produkt\/2022-koebelin-grauburgunder-075l\/"},"modified":"2025-10-24T16:16:31","modified_gmt":"2025-10-24T14:16:31","slug":"2022-koebelin-grauburgunder-075l","status":"publish","type":"product","link":"https:\/\/www.kaspar-spirituosen.de\/shop\/produkt\/2022-koebelin-grauburgunder-075l\/","title":{"rendered":"2022 K\u00f6belin Grauburgunder*** 0,75l"},"content":{"rendered":"","protected":false},"excerpt":{"rendered":"<p>Das Weingut K\u00f6belin wurde erst im Jahr 2005 gegr\u00fcndet. Arndt K\u00f6belin ist gelernter Winzer und Kellermeister. Die Rebfl\u00e4chen befinden sich am Kaiserstuhl. Der Boden besteht aus Vulkanverwitterungsgestein mit L\u00f6\u00dfauflage.<\/p>\n<p>Die Philosophie des Weingutes ist, Zeitgeist und Tradition der Kulturlandschaft Kaiserstuhl in Weinqualit\u00e4t, Sortimentsauswahl und Erscheinungsbild im Einklang zu verwirklichen. Durch selektive Weinbergsarbeit und schonendste Kellerwirtschaft weisen die Weine in ihrer Sorten-Aromatik und Terroir-Charakteristik eine markante Typizit\u00e4t vor und besitzen hohen Genusswert.<\/p>\n<p>Boden: Tiefg\u00fcndiger, humusreicher L\u00f6\u00dfboden.<br \/>\nAusbau: Langsame G\u00e4rung im Edelstahltank, 10% im Holzfass. Nach vier Monaten Feinhefelagerung schonende Filtration und Flaschenf\u00fcllung.<br \/>\nFarbe: Kr\u00e4ftiges strohgelb mit silbernen Reflexen.<br \/>\nWeinbeschreibung: Feine Walnussaromen, gelbfleischiger Apfel, wunderbare Einheit aus Finesse, Kraft und Mineralit\u00e4t.<\/p>\n<p>Enth\u00e4lt Sulfite, 14,00 %, 0,75 L<\/p>\n<p>Arndt K\u00f6belin Weingut<br \/>\nAltweg 131<br \/>\n79356 Eichstetten am Kaiserstuhl<br \/>\nTel.: 07663\/1414<\/p>\n<p>&nbsp;<\/p>\n","protected":false},"featured_media":31299,"comment_status":"closed","ping_status":"closed","template":"","meta":{"_acf_changed":false},"product_brand":[],"product_cat":[1526,1527,1528],"product_tag":[1011],"class_list":{"0":"post-7515","1":"product","2":"type-product","3":"status-publish","4":"has-post-thumbnail","6":"product_cat-weissweine","7":"product_cat-deutschland-02-2","8":"product_cat-baden-2","9":"product_tag-grauburgunder-grauer-burgunder-kabinett-trocken-weisswein-koebelin-arndt-baden-eichstetten-weisswein-weissweine-weine-rolf-kaspar-nrw-essen-wein-weine","11":"first","12":"instock","13":"taxable","14":"shipping-taxable","15":"purchasable","16":"product-type-simple"},"acf":[],"_links":{"self":[{"href":"https:\/\/www.kaspar-spirituosen.de\/shop\/wp-json\/wp\/v2\/product\/7515","targetHints":{"allow":["GET"]}}],"collection":[{"href":"https:\/\/www.kaspar-spirituosen.de\/shop\/wp-json\/wp\/v2\/product"}],"about":[{"href":"https:\/\/www.kaspar-spirituosen.de\/shop\/wp-json\/wp\/v2\/types\/product"}],"replies":[{"embeddable":true,"href":"https:\/\/www.kaspar-spirituosen.de\/shop\/wp-json\/wp\/v2\/comments?post=7515"}],"wp:featuredmedia":[{"embeddable":true,"href":"https:\/\/www.kaspar-spirituosen.de\/shop\/wp-json\/wp\/v2\/media\/31299"}],"wp:attachment":[{"href":"https:\/\/www.kaspar-spirituosen.de\/shop\/wp-json\/wp\/v2\/media?parent=7515"}],"wp:term":[{"taxonomy":"product_brand","embeddable":true,"href":"https:\/\/www.kaspar-spirituosen.de\/shop\/wp-json\/wp\/v2\/product_brand?post=7515"},{"taxonomy":"product_cat","embeddable":true,"href":"https:\/\/www.kaspar-spirituosen.de\/shop\/wp-json\/wp\/v2\/product_cat?post=7515"},{"taxonomy":"product_tag","embeddable":true,"href":"https:\/\/www.kaspar-spirituosen.de\/shop\/wp-json\/wp\/v2\/product_tag?post=7515"}],"curies":[{"name":"wp","href":"https:\/\/api.w.org\/{rel}","templated":true}]}}