{"id":7517,"date":"2025-05-05T16:51:09","date_gmt":"2025-05-05T14:51:09","guid":{"rendered":"https:\/\/www.kaspar-spirituosen.de\/shop\/produkt\/2022-koebelin-spaetburgunder-075l\/"},"modified":"2025-10-24T16:16:31","modified_gmt":"2025-10-24T14:16:31","slug":"2022-koebelin-spaetburgunder-075l","status":"publish","type":"product","link":"https:\/\/www.kaspar-spirituosen.de\/shop\/produkt\/2022-koebelin-spaetburgunder-075l\/","title":{"rendered":"2022 K\u00f6belin Sp\u00e4tburgunder 0,75l"},"content":{"rendered":"","protected":false},"excerpt":{"rendered":"<p><strong>Baden, Deutschland<\/strong><\/p>\n<p>Boden: Tiefgr\u00fcndig, mittelschwerer L\u00f6ssboden.<br \/>\nAusbau: Zwei Tage Kaltstandzeit, eine Woche Maischeg\u00e4rung, zwei Wochen Nachmazeration, danach schonendes Abpressen und zw\u00f6lf Monate Lagerung im grossen Holzfass mit biologischem S\u00e4ureabbau.<br \/>\nFarbe: leuchtendes Rubinrot.<br \/>\nWeinbeschreibung: Ein sehr aroma- und farbintensiver Sp\u00e4tburgunder mit dezenter R\u00f6staromatik, feiner Kirschnote, dunkler Beerenfrucht und saftig weichem Tannin.<\/p>\n<p>Enth\u00e4lt Sulfite, 13,5 % vol., 0,75 L<\/p>\n<p>Arndt K\u00f6belin Weingut<br \/>\nAltweg 131<br \/>\n79356 Eichstetten am Kaiserstuhl<br \/>\nTel.: 07663\/1414<\/p>\n","protected":false},"featured_media":31300,"comment_status":"closed","ping_status":"closed","template":"","meta":{"_acf_changed":false},"product_brand":[],"product_cat":[1505,1506,1507],"product_tag":[1012],"class_list":{"0":"post-7517","1":"product","2":"type-product","3":"status-publish","4":"has-post-thumbnail","6":"product_cat-rotweine","7":"product_cat-deutschland","8":"product_cat-baden","9":"product_tag-spaetburgunder-trocken-koebelin-arndt-baden-eichstetten-kaiserstuhl-rotwein-rotweine-rolf-kaspar-nrw-essen-wein-weine","11":"first","12":"instock","13":"taxable","14":"shipping-taxable","15":"purchasable","16":"product-type-simple"},"acf":[],"_links":{"self":[{"href":"https:\/\/www.kaspar-spirituosen.de\/shop\/wp-json\/wp\/v2\/product\/7517","targetHints":{"allow":["GET"]}}],"collection":[{"href":"https:\/\/www.kaspar-spirituosen.de\/shop\/wp-json\/wp\/v2\/product"}],"about":[{"href":"https:\/\/www.kaspar-spirituosen.de\/shop\/wp-json\/wp\/v2\/types\/product"}],"replies":[{"embeddable":true,"href":"https:\/\/www.kaspar-spirituosen.de\/shop\/wp-json\/wp\/v2\/comments?post=7517"}],"wp:featuredmedia":[{"embeddable":true,"href":"https:\/\/www.kaspar-spirituosen.de\/shop\/wp-json\/wp\/v2\/media\/31300"}],"wp:attachment":[{"href":"https:\/\/www.kaspar-spirituosen.de\/shop\/wp-json\/wp\/v2\/media?parent=7517"}],"wp:term":[{"taxonomy":"product_brand","embeddable":true,"href":"https:\/\/www.kaspar-spirituosen.de\/shop\/wp-json\/wp\/v2\/product_brand?post=7517"},{"taxonomy":"product_cat","embeddable":true,"href":"https:\/\/www.kaspar-spirituosen.de\/shop\/wp-json\/wp\/v2\/product_cat?post=7517"},{"taxonomy":"product_tag","embeddable":true,"href":"https:\/\/www.kaspar-spirituosen.de\/shop\/wp-json\/wp\/v2\/product_tag?post=7517"}],"curies":[{"name":"wp","href":"https:\/\/api.w.org\/{rel}","templated":true}]}}