{"id":7529,"date":"2025-05-05T16:51:09","date_gmt":"2025-05-05T14:51:09","guid":{"rendered":"https:\/\/www.kaspar-spirituosen.de\/shop\/produkt\/2018-bercher-limberg-xviii-rotwein-cuvee-tr-075-lt\/"},"modified":"2025-10-24T16:16:31","modified_gmt":"2025-10-24T14:16:31","slug":"2018-bercher-limberg-xviii-rotwein-cuvee-tr-075-lt","status":"publish","type":"product","link":"https:\/\/www.kaspar-spirituosen.de\/shop\/produkt\/2018-bercher-limberg-xviii-rotwein-cuvee-tr-075-lt\/","title":{"rendered":"2018 Bercher Limberg XVIII Rotwein Cuv\u00e9e tr. 0,75 lt."},"content":{"rendered":"","protected":false},"excerpt":{"rendered":"<p><strong>Baden, Deutschland<\/strong><\/p>\n<p>Diese Cuv\u00e9e aus Cabernet-Sauvignon, Lemberger, Merlot und\u00a0<span style=\"font-family: Arial, Verdana, Helvetica; font-size: 16px;\">Sp\u00e4tburgunder\u00a0<\/span>begeistert uns schon seit seiner Abf\u00fcllung. Jede Rebsortencharakteristik ist unverkennbar und deutlich zu schmecken. Kleine rote Beeren, ein voller Kirschduft, Noten von roten und schwarzen Beeren&#8230; alles vorhanden, alles klar strukturiert. Im Mund \u00fcberzeugt er durch seine saftige, pr\u00e4sente Frucht und dem integrierten Holz. Das Tannin ist erstaunlich fein. Am Gaumen \u00fcberraschend dicht und gut balanciert. Zum Ende hin erweitert sich das Geschmacksbild um vanillige und schokoladige T\u00f6ne. Nachhaltig mit Schmelz. Fruchtbetonter und s\u00fc\u00dflich-holzw\u00fcrziger Abgang. Moderner, gekonnt ausgebauter Schmeichler der besonderen Art!<\/p>\n<p>Enth\u00e4lt Sulfite, 0,75 L, 14 % vol., Abbildung \u00e4hnlich<\/p>\n<p>Weingut Bercher OHG<br \/>\nMartin &amp; Arne Bercher<br \/>\nMittelstadt 13<br \/>\nD-79235 Vogtsburg &#8211; Burkheim<br \/>\nTelefon 07662-212<br \/>\nE-Mail: info@weingutbercher.de<br \/>\nInternet: weingutbercher.de<\/p>\n","protected":false},"featured_media":31301,"comment_status":"closed","ping_status":"closed","template":"","meta":{"_acf_changed":false},"product_brand":[],"product_cat":[1505,1506,1507],"product_tag":[],"class_list":{"0":"post-7529","1":"product","2":"type-product","3":"status-publish","4":"has-post-thumbnail","6":"product_cat-rotweine","7":"product_cat-deutschland","8":"product_cat-baden","10":"first","11":"outofstock","12":"taxable","13":"shipping-taxable","14":"purchasable","15":"product-type-simple"},"acf":[],"_links":{"self":[{"href":"https:\/\/www.kaspar-spirituosen.de\/shop\/wp-json\/wp\/v2\/product\/7529","targetHints":{"allow":["GET"]}}],"collection":[{"href":"https:\/\/www.kaspar-spirituosen.de\/shop\/wp-json\/wp\/v2\/product"}],"about":[{"href":"https:\/\/www.kaspar-spirituosen.de\/shop\/wp-json\/wp\/v2\/types\/product"}],"replies":[{"embeddable":true,"href":"https:\/\/www.kaspar-spirituosen.de\/shop\/wp-json\/wp\/v2\/comments?post=7529"}],"wp:featuredmedia":[{"embeddable":true,"href":"https:\/\/www.kaspar-spirituosen.de\/shop\/wp-json\/wp\/v2\/media\/31301"}],"wp:attachment":[{"href":"https:\/\/www.kaspar-spirituosen.de\/shop\/wp-json\/wp\/v2\/media?parent=7529"}],"wp:term":[{"taxonomy":"product_brand","embeddable":true,"href":"https:\/\/www.kaspar-spirituosen.de\/shop\/wp-json\/wp\/v2\/product_brand?post=7529"},{"taxonomy":"product_cat","embeddable":true,"href":"https:\/\/www.kaspar-spirituosen.de\/shop\/wp-json\/wp\/v2\/product_cat?post=7529"},{"taxonomy":"product_tag","embeddable":true,"href":"https:\/\/www.kaspar-spirituosen.de\/shop\/wp-json\/wp\/v2\/product_tag?post=7529"}],"curies":[{"name":"wp","href":"https:\/\/api.w.org\/{rel}","templated":true}]}}