{"id":7531,"date":"2025-05-05T16:51:21","date_gmt":"2025-05-05T14:51:21","guid":{"rendered":"https:\/\/www.kaspar-spirituosen.de\/shop\/produkt\/2020-bercher-chardonnay-se-tr-075-lt\/"},"modified":"2025-10-24T16:15:49","modified_gmt":"2025-10-24T14:15:49","slug":"2020-bercher-chardonnay-se-tr-075-lt","status":"publish","type":"product","link":"https:\/\/www.kaspar-spirituosen.de\/shop\/produkt\/2020-bercher-chardonnay-se-tr-075-lt\/","title":{"rendered":"2020 Bercher Chardonnay SE tr. 0,75 lt."},"content":{"rendered":"<p style=\"font-size: 16px;font-family: Arial, Verdana, Helvetica\">Selten haben wir einen solch guten Chardonnay probiert ! In der Nase ein bezaubernder Duft nach einem Bl\u00fctenmeer, etwas Exotik und reifem, zart-m\u00fcrben Apfel. Im Untergrund funkelt eine gro\u00dfe, hell leuchtende Mineralit\u00e4t. Die sehr stimmigen Holznoten wirken wie eine Haut, in der sich der Wein sehr wohl f\u00fchlt. Auch im Mund glasklar, tropisch und feinw\u00fcrzig, mit profilgebendem Holz. Sehr feine und subtile S\u00e4ure. Im Mund wieder Mineralik und nach einer Weile sogar Orangenabrieb. Fulminanter Ausklang und langer Nachhall. Ein Wein zum Gew\u00f6hnen. F\u00fcr Kenner und K\u00f6nner !<\/p>\n<p style=\"font-size: 16px;font-family: Arial, Verdana, Helvetica\">Enth\u00e4lt Sulfite, 0,75 L, 13,5 % vol.<\/p>\n<p style=\"font-size: 16px;font-family: Arial, Verdana, Helvetica\">Weingut Bercher OHG<br \/>\nMartin &amp; Arne Bercher<br \/>\nMittelstadt 13<br \/>\nD-79235 Vogtsburg &#8211; Burkheim<br \/>\nTelefon 07662-212<br \/>\nE-Mail: info@weingutbercher.de<\/p>\n","protected":false},"excerpt":{"rendered":"<p style=\"font-size: 16px;font-family: Arial, Verdana, Helvetica\">Selten haben wir einen solch guten Chardonnay probiert! In der Nase ein bezaubernder Duft nach einem Bl\u00fctenmeer, etwas Exotik und reifem, zart-m\u00fcrben Apfel.<\/p>\n","protected":false},"featured_media":31302,"comment_status":"closed","ping_status":"closed","template":"","meta":{"_acf_changed":false},"product_brand":[],"product_cat":[1526,1527,1528],"product_tag":[1016],"class_list":{"0":"post-7531","1":"product","2":"type-product","3":"status-publish","4":"has-post-thumbnail","6":"product_cat-weissweine","7":"product_cat-deutschland-02-2","8":"product_cat-baden-2","9":"product_tag-bercher-weingut-chardonnay-spaetlese-trocken-kaiserstuhl-baden-wein-rolf-kaspar-essen-nrw-fachhandel-weine","11":"first","12":"outofstock","13":"taxable","14":"shipping-taxable","15":"purchasable","16":"product-type-simple"},"acf":[],"_links":{"self":[{"href":"https:\/\/www.kaspar-spirituosen.de\/shop\/wp-json\/wp\/v2\/product\/7531","targetHints":{"allow":["GET"]}}],"collection":[{"href":"https:\/\/www.kaspar-spirituosen.de\/shop\/wp-json\/wp\/v2\/product"}],"about":[{"href":"https:\/\/www.kaspar-spirituosen.de\/shop\/wp-json\/wp\/v2\/types\/product"}],"replies":[{"embeddable":true,"href":"https:\/\/www.kaspar-spirituosen.de\/shop\/wp-json\/wp\/v2\/comments?post=7531"}],"wp:featuredmedia":[{"embeddable":true,"href":"https:\/\/www.kaspar-spirituosen.de\/shop\/wp-json\/wp\/v2\/media\/31302"}],"wp:attachment":[{"href":"https:\/\/www.kaspar-spirituosen.de\/shop\/wp-json\/wp\/v2\/media?parent=7531"}],"wp:term":[{"taxonomy":"product_brand","embeddable":true,"href":"https:\/\/www.kaspar-spirituosen.de\/shop\/wp-json\/wp\/v2\/product_brand?post=7531"},{"taxonomy":"product_cat","embeddable":true,"href":"https:\/\/www.kaspar-spirituosen.de\/shop\/wp-json\/wp\/v2\/product_cat?post=7531"},{"taxonomy":"product_tag","embeddable":true,"href":"https:\/\/www.kaspar-spirituosen.de\/shop\/wp-json\/wp\/v2\/product_tag?post=7531"}],"curies":[{"name":"wp","href":"https:\/\/api.w.org\/{rel}","templated":true}]}}