{"id":7535,"date":"2025-05-05T16:51:21","date_gmt":"2025-05-05T14:51:21","guid":{"rendered":"https:\/\/www.kaspar-spirituosen.de\/shop\/produkt\/2020-ziereisen-steinkruegle-gutedel-075-lt\/"},"modified":"2026-03-27T13:18:45","modified_gmt":"2026-03-27T12:18:45","slug":"2021-ziereisen-steinkruegle-gutedel-075-lt","status":"publish","type":"product","link":"https:\/\/www.kaspar-spirituosen.de\/shop\/produkt\/2021-ziereisen-steinkruegle-gutedel-075-lt\/","title":{"rendered":"2021 Ziereisen Steinkr\u00fcgle Gutedel 0,75 lt."},"content":{"rendered":"","protected":false},"excerpt":{"rendered":"<p>Der &#8222;Steingr\u00fcble&#8220; wurde als Tafelwein auf den Markt gebracht. Da Hans- Peter Ziereisen seit diesem Jahr seine Weine spontan verg\u00e4rt und die geschmackliche Bereicherung nicht mit den Nasen der Pr\u00fcfungskommission einhergeht, hat er sich f\u00fcr diese Abstufung entschieden. F\u00fcr Sie bedeutet das lediglich: mehr Eigenst\u00e4ndigkeit und einen authentischeren Wein!<\/p>\n<p>In der Nase duftet er angenehm nach Birne, gr\u00fcnen N\u00fcssen und Heu. Im Mund zug\u00e4nglich, ohne gro\u00dfe geschmackliche Eskapaden. Schon dieser &#8222;kleine&#8220; Wein aus einer eher unscheinbaren Rebsorte, weist Substanz und sogar Tiefe auf. Feinw\u00fcrzige, mineralische Ankl\u00e4nge und seine feine S\u00e4ure machen ihn zu einem sehr harmonischen Wein. Der Ausklang ist bemerkenswert gut gelungen. Ein erstaunlicher Gutedel , der in gro\u00dfen Holzf\u00e4ssern vergoren und ausgebaut wurde.<\/p>\n<p><span style=\"font-family: Arial, Verdana, Helvetica;font-size: 16px\">Wein, e<\/span><span style=\"font-family: Arial, Verdana, Helvetica;font-size: 16px\">nth\u00e4lt\u00a0<\/span>Sulfite, 0,75 L, 11,00 % vol.<\/p>\n<p>Weingut Ziereisen<br \/>\nMarkgrafenstr. 17<br \/>\n79588 Efringen-Kirchen<br \/>\nTel. +49 7628 2848<br \/>\nFax +49 7628 941662<br \/>\nemail: kontakt@ziereisen.de<\/p>\n","protected":false},"featured_media":31304,"comment_status":"closed","ping_status":"closed","template":"","meta":{"_acf_changed":false},"product_brand":[],"product_cat":[1526,1527,1528],"product_tag":[],"class_list":{"0":"post-7535","1":"product","2":"type-product","3":"status-publish","4":"has-post-thumbnail","6":"product_cat-weissweine","7":"product_cat-deutschland-02-2","8":"product_cat-baden-2","10":"first","11":"outofstock","12":"taxable","13":"shipping-taxable","14":"purchasable","15":"product-type-simple"},"acf":[],"_links":{"self":[{"href":"https:\/\/www.kaspar-spirituosen.de\/shop\/wp-json\/wp\/v2\/product\/7535","targetHints":{"allow":["GET"]}}],"collection":[{"href":"https:\/\/www.kaspar-spirituosen.de\/shop\/wp-json\/wp\/v2\/product"}],"about":[{"href":"https:\/\/www.kaspar-spirituosen.de\/shop\/wp-json\/wp\/v2\/types\/product"}],"replies":[{"embeddable":true,"href":"https:\/\/www.kaspar-spirituosen.de\/shop\/wp-json\/wp\/v2\/comments?post=7535"}],"wp:featuredmedia":[{"embeddable":true,"href":"https:\/\/www.kaspar-spirituosen.de\/shop\/wp-json\/wp\/v2\/media\/31304"}],"wp:attachment":[{"href":"https:\/\/www.kaspar-spirituosen.de\/shop\/wp-json\/wp\/v2\/media?parent=7535"}],"wp:term":[{"taxonomy":"product_brand","embeddable":true,"href":"https:\/\/www.kaspar-spirituosen.de\/shop\/wp-json\/wp\/v2\/product_brand?post=7535"},{"taxonomy":"product_cat","embeddable":true,"href":"https:\/\/www.kaspar-spirituosen.de\/shop\/wp-json\/wp\/v2\/product_cat?post=7535"},{"taxonomy":"product_tag","embeddable":true,"href":"https:\/\/www.kaspar-spirituosen.de\/shop\/wp-json\/wp\/v2\/product_tag?post=7535"}],"curies":[{"name":"wp","href":"https:\/\/api.w.org\/{rel}","templated":true}]}}