{"id":7541,"date":"2025-05-05T16:51:21","date_gmt":"2025-05-05T14:51:21","guid":{"rendered":"https:\/\/www.kaspar-spirituosen.de\/shop\/produkt\/2021-ziereisen-weissburgunder-tr-075-lt\/"},"modified":"2025-10-24T16:15:51","modified_gmt":"2025-10-24T14:15:51","slug":"2021-ziereisen-weissburgunder-tr-075-lt","status":"publish","type":"product","link":"https:\/\/www.kaspar-spirituosen.de\/shop\/produkt\/2021-ziereisen-weissburgunder-tr-075-lt\/","title":{"rendered":"2021 Ziereisen Wei\u00dfburgunder tr. 0,75 lt."},"content":{"rendered":"","protected":false},"excerpt":{"rendered":"<p>Diesere Wei\u00dfburgunder ist pure Energie! Runde und kompakte Nase, die von Pampelmuse, Marillen und Honigmelone beeinflusst wird. Verfeinert wird er mit Zitrusaromatik und mineralischen Noten. Er ist dicht, saftig und lebendig im Mund. Neigt zu deutlicher nussiger W\u00fcrze. Die fein verwobene S\u00e4ure l\u00e4sst ihn verspielt erscheinen. Am Gaumen nachhaltig und ausgesprochen animierend. Viel Substanz und innere Kraft. Toller Einklang zwischen Komplexit\u00e4t und Balance. Cremiger Ausklang.<\/p>\n<p>Der Name Ziereisen steht f\u00fcr einen authentischen Mischbetrieb, getragen durch Leidenschaft, Kreativit\u00e4t und Flei\u00df, veredelt durch den gr\u00fcnen Daumen von Hans-Peter Ziereisen. Ziereisen mag seine Weine kernig, kr\u00e4ftig, muskul\u00f6s aber doch geschmeidig athletisch. Reifes Lesegut aus Steillagen, lange Maischestandzeiten und der Verzicht auf Filtration machen diese Charaktere m\u00f6glich. Die weinlosen Zeiten verbringt die Familie im Fr\u00fchjahr mit Spargelstechen und im Herbst mit Obst und Gem\u00fcse f\u00fcr den eigenen Hofladen.<\/p>\n<p><span style=\"font-size: 16px; font-family: Arial, Verdana, Helvetica;\">Wein, e<\/span><span style=\"font-size: 16px; font-family: Arial, Verdana, Helvetica;\">nth\u00e4lt\u00a0<\/span>Sulfite, 0,75 L, 12,5 % vol.<\/p>\n<p>Weingut Ziereisen<br \/>\nMarkgrafenstr. 17<br \/>\n79588 Efringen-Kirchen<br \/>\nTel. +49 7628 2848<br \/>\nFax +49 7628 941662<br \/>\nemail: kontakt@ziereisen.de<\/p>\n","protected":false},"featured_media":31306,"comment_status":"closed","ping_status":"closed","template":"","meta":{"_acf_changed":false},"product_brand":[],"product_cat":[1526,1527,1528],"product_tag":[1020],"class_list":{"0":"post-7541","1":"product","2":"type-product","3":"status-publish","4":"has-post-thumbnail","6":"product_cat-weissweine","7":"product_cat-deutschland-02-2","8":"product_cat-baden-2","9":"product_tag-weisser-weissburgunder-weissburgunder-weisser-burgunder-tafelwein-trocken-weingut-ziereisen-hans-peter-wein-rolf-kaspar-essen-nrw-weine","11":"first","12":"instock","13":"taxable","14":"shipping-taxable","15":"purchasable","16":"product-type-simple"},"acf":[],"_links":{"self":[{"href":"https:\/\/www.kaspar-spirituosen.de\/shop\/wp-json\/wp\/v2\/product\/7541","targetHints":{"allow":["GET"]}}],"collection":[{"href":"https:\/\/www.kaspar-spirituosen.de\/shop\/wp-json\/wp\/v2\/product"}],"about":[{"href":"https:\/\/www.kaspar-spirituosen.de\/shop\/wp-json\/wp\/v2\/types\/product"}],"replies":[{"embeddable":true,"href":"https:\/\/www.kaspar-spirituosen.de\/shop\/wp-json\/wp\/v2\/comments?post=7541"}],"wp:featuredmedia":[{"embeddable":true,"href":"https:\/\/www.kaspar-spirituosen.de\/shop\/wp-json\/wp\/v2\/media\/31306"}],"wp:attachment":[{"href":"https:\/\/www.kaspar-spirituosen.de\/shop\/wp-json\/wp\/v2\/media?parent=7541"}],"wp:term":[{"taxonomy":"product_brand","embeddable":true,"href":"https:\/\/www.kaspar-spirituosen.de\/shop\/wp-json\/wp\/v2\/product_brand?post=7541"},{"taxonomy":"product_cat","embeddable":true,"href":"https:\/\/www.kaspar-spirituosen.de\/shop\/wp-json\/wp\/v2\/product_cat?post=7541"},{"taxonomy":"product_tag","embeddable":true,"href":"https:\/\/www.kaspar-spirituosen.de\/shop\/wp-json\/wp\/v2\/product_tag?post=7541"}],"curies":[{"name":"wp","href":"https:\/\/api.w.org\/{rel}","templated":true}]}}