{"id":7543,"date":"2025-05-05T16:51:21","date_gmt":"2025-05-05T14:51:21","guid":{"rendered":"https:\/\/www.kaspar-spirituosen.de\/shop\/produkt\/2019-ziereisen-hard-chardonnay-075-lt\/"},"modified":"2026-03-27T13:19:01","modified_gmt":"2026-03-27T12:19:01","slug":"2019-ziereisen-hard-chardonnay-075-lt","status":"publish","type":"product","link":"https:\/\/www.kaspar-spirituosen.de\/shop\/produkt\/2019-ziereisen-hard-chardonnay-075-lt\/","title":{"rendered":"2019 Ziereisen Hard Chardonnay 0,75 lt."},"content":{"rendered":"<p style=\"font-size: 16px;font-family: Arial, Verdana, Helvetica\">Handverlesene Trauben bilden die Grundlage f\u00fcr diesen Chardonnay. Vergoren wurde zu 10% im neuen und zu 90% im gebrauchten Barrique aus einheimischer Eiche. Der Wein reifte anschlie\u00dfend f\u00fcr 22 Monate auf der Hefe und wurde unfiltriert abgef\u00fcllt (ein kleines Depot oder eine leichte Tr\u00fcbung sind eine nat\u00fcrliche Erscheinung). Im Duft Feuersteinnoten, am Gaumen gelbe Fr\u00fcchte und frische S\u00e4ure.<\/p>\n<p style=\"font-size: 16px;font-family: Arial, Verdana, Helvetica\"><span style=\"font-size: 16px;font-family: Arial, Verdana, Helvetica\">Wein, e<\/span><span style=\"font-size: 16px;font-family: Arial, Verdana, Helvetica\">nth\u00e4lt\u00a0<\/span>Sulfite, 0,75 L, 13,5 % vol.<\/p>\n<p>Weingut Ziereisen<br \/>\nMarkgrafenstr. 17<br \/>\n79588 Efringen-Kirchen<br \/>\nTel. +49 7628 2848<br \/>\nFax +49 7628 941662<br \/>\nemail: kontakt@ziereisen.de<\/p>\n","protected":false},"excerpt":{"rendered":"<p>Handverlesene Trauben bilden die Grundlage f\u00fcr diesen Chardonnay<\/p>\n","protected":false},"featured_media":31307,"comment_status":"closed","ping_status":"closed","template":"","meta":{"_acf_changed":false},"product_brand":[],"product_cat":[1526,1527,1528],"product_tag":[1021],"class_list":{"0":"post-7543","1":"product","2":"type-product","3":"status-publish","4":"has-post-thumbnail","6":"product_cat-weissweine","7":"product_cat-deutschland-02-2","8":"product_cat-baden-2","9":"product_tag-chardonnay-hardt-hard-baden-weingut-ziereisen-hans-peter-efringen-kirchen-handlese-essen-rolf-kaspar-nrw-fachhandel-wein-weinbau-weine-weinherstellung-weinprobe-weinkeller-weinversand-weinanbaugebiet","11":"first","12":"outofstock","13":"taxable","14":"shipping-taxable","15":"purchasable","16":"product-type-simple"},"acf":[],"_links":{"self":[{"href":"https:\/\/www.kaspar-spirituosen.de\/shop\/wp-json\/wp\/v2\/product\/7543","targetHints":{"allow":["GET"]}}],"collection":[{"href":"https:\/\/www.kaspar-spirituosen.de\/shop\/wp-json\/wp\/v2\/product"}],"about":[{"href":"https:\/\/www.kaspar-spirituosen.de\/shop\/wp-json\/wp\/v2\/types\/product"}],"replies":[{"embeddable":true,"href":"https:\/\/www.kaspar-spirituosen.de\/shop\/wp-json\/wp\/v2\/comments?post=7543"}],"wp:featuredmedia":[{"embeddable":true,"href":"https:\/\/www.kaspar-spirituosen.de\/shop\/wp-json\/wp\/v2\/media\/31307"}],"wp:attachment":[{"href":"https:\/\/www.kaspar-spirituosen.de\/shop\/wp-json\/wp\/v2\/media?parent=7543"}],"wp:term":[{"taxonomy":"product_brand","embeddable":true,"href":"https:\/\/www.kaspar-spirituosen.de\/shop\/wp-json\/wp\/v2\/product_brand?post=7543"},{"taxonomy":"product_cat","embeddable":true,"href":"https:\/\/www.kaspar-spirituosen.de\/shop\/wp-json\/wp\/v2\/product_cat?post=7543"},{"taxonomy":"product_tag","embeddable":true,"href":"https:\/\/www.kaspar-spirituosen.de\/shop\/wp-json\/wp\/v2\/product_tag?post=7543"}],"curies":[{"name":"wp","href":"https:\/\/api.w.org\/{rel}","templated":true}]}}