{"id":7545,"date":"2025-05-05T16:51:21","date_gmt":"2025-05-05T14:51:21","guid":{"rendered":"https:\/\/www.kaspar-spirituosen.de\/shop\/produkt\/2022-ziereisen-spaetburgunder-075-lt\/"},"modified":"2025-10-24T16:15:52","modified_gmt":"2025-10-24T14:15:52","slug":"2022-ziereisen-spaetburgunder-075-lt","status":"publish","type":"product","link":"https:\/\/www.kaspar-spirituosen.de\/shop\/produkt\/2022-ziereisen-spaetburgunder-075-lt\/","title":{"rendered":"2022 Ziereisen Sp\u00e4tburgunder 0,75 lt."},"content":{"rendered":"","protected":false},"excerpt":{"rendered":"<p><strong>Baden, Deutschland<\/strong><\/p>\n<p>Eine Qualit\u00e4tsmesslatte nicht nur f\u00fcr das Markgr\u00e4flerland, sondern auch f\u00fcr das restliche Anbaugebiet Baden, stellt dieser Sp\u00e4tburgunder dar. In der Nase wilde Beeren und Kr\u00e4uter mit Noten von Kirschen. Deutliche Mineralit\u00e4t bereits in der Nase. Klar dargestellte Frucht mit mit reifem Tannin. Am Gaumen recht fleischig, aber auch irgendwie charmant unterk\u00fchlt. Der Sp\u00e4tburgunder kam nach 11-monatigem Ausbau in traditionellen, gro\u00dfen Holzf\u00e4ssern unfiltriert und ungesch\u00f6nt in die Flasche.<\/p>\n<p><span style=\"font-size: 16px; font-family: Arial, Verdana, Helvetica;\">Wein, e<\/span><span style=\"font-size: 16px; font-family: Arial, Verdana, Helvetica;\">nth\u00e4lt\u00a0<\/span>Sulfite, 0,75 L, 12,5 % vol.<\/p>\n<p>Weingut Ziereisen<br \/>\nMarkgrafenstr. 17<br \/>\n79588 Efringen-Kirchen<br \/>\nTel. +49 7628 2848<br \/>\nFax +49 7628 941662<br \/>\nemail: kontakt@ziereisen.de<\/p>\n","protected":false},"featured_media":31308,"comment_status":"closed","ping_status":"closed","template":"","meta":{"_acf_changed":false},"product_brand":[],"product_cat":[1505,1506,1507],"product_tag":[1022],"class_list":{"0":"post-7545","1":"product","2":"type-product","3":"status-publish","4":"has-post-thumbnail","6":"product_cat-rotweine","7":"product_cat-deutschland","8":"product_cat-baden","9":"product_tag-blauer-spaetburgunder-weingut-ziereisen-deutsch-deutschland-essen-rolf-kaspar-nrw-fachhandel-rotwein-rotweine-wein-weine","11":"first","12":"instock","13":"taxable","14":"shipping-taxable","15":"purchasable","16":"product-type-simple"},"acf":[],"_links":{"self":[{"href":"https:\/\/www.kaspar-spirituosen.de\/shop\/wp-json\/wp\/v2\/product\/7545","targetHints":{"allow":["GET"]}}],"collection":[{"href":"https:\/\/www.kaspar-spirituosen.de\/shop\/wp-json\/wp\/v2\/product"}],"about":[{"href":"https:\/\/www.kaspar-spirituosen.de\/shop\/wp-json\/wp\/v2\/types\/product"}],"replies":[{"embeddable":true,"href":"https:\/\/www.kaspar-spirituosen.de\/shop\/wp-json\/wp\/v2\/comments?post=7545"}],"wp:featuredmedia":[{"embeddable":true,"href":"https:\/\/www.kaspar-spirituosen.de\/shop\/wp-json\/wp\/v2\/media\/31308"}],"wp:attachment":[{"href":"https:\/\/www.kaspar-spirituosen.de\/shop\/wp-json\/wp\/v2\/media?parent=7545"}],"wp:term":[{"taxonomy":"product_brand","embeddable":true,"href":"https:\/\/www.kaspar-spirituosen.de\/shop\/wp-json\/wp\/v2\/product_brand?post=7545"},{"taxonomy":"product_cat","embeddable":true,"href":"https:\/\/www.kaspar-spirituosen.de\/shop\/wp-json\/wp\/v2\/product_cat?post=7545"},{"taxonomy":"product_tag","embeddable":true,"href":"https:\/\/www.kaspar-spirituosen.de\/shop\/wp-json\/wp\/v2\/product_tag?post=7545"}],"curies":[{"name":"wp","href":"https:\/\/api.w.org\/{rel}","templated":true}]}}