{"id":7547,"date":"2025-05-05T16:51:21","date_gmt":"2025-05-05T14:51:21","guid":{"rendered":"https:\/\/www.kaspar-spirituosen.de\/shop\/produkt\/2020-ziereisen-schulen-spaetburgunder-075-lt\/"},"modified":"2026-03-27T13:19:16","modified_gmt":"2026-03-27T12:19:16","slug":"2021-ziereisen-schulen-spaetburgunder-075-lt","status":"publish","type":"product","link":"https:\/\/www.kaspar-spirituosen.de\/shop\/produkt\/2021-ziereisen-schulen-spaetburgunder-075-lt\/","title":{"rendered":"2021 Ziereisen Schulen Sp\u00e4tburgunder 0,75 lt."},"content":{"rendered":"","protected":false},"excerpt":{"rendered":"<p><strong>Baden, Deutschland<\/strong><\/p>\n<p>Das Lesegut aus der Einzellage Schulen wurde 12 Monate lang in Barriques ausgebaut, von denen 80% gebraucht waren. Diese Tatsache macht den Wein zu einem sehr markanten Wein mit viel Ausdrucksst\u00e4rke. Die Nase entz\u00fcckt mit seinem Apettit anregenden Beerenduft mit Noten reifer Kirschen und etwas Vanille. K\u00fchl und etwas glatt im Mund, reife Frucht mit deutlichem Holz und feinporigem Tannin. Am Gaumen packend und ziemlich holzbetont. Ein seri\u00f6ser Wein!<\/p>\n<p>Enth\u00e4lt Sulfite, 0,75 L, 13,00 % vol.<\/p>\n<p>Weingut Ziereisen<br \/>\nMarkgrafenstr. 17<br \/>\n79588 Efringen-Kirchen<br \/>\nTel. +49 7628 2848<br \/>\nFax +49 7628 941662<br \/>\nemail: kontakt@ziereisen.de<\/p>\n","protected":false},"featured_media":31309,"comment_status":"closed","ping_status":"closed","template":"","meta":{"_acf_changed":false},"product_brand":[],"product_cat":[1505,1506,1507],"product_tag":[1023],"class_list":{"0":"post-7547","1":"product","2":"type-product","3":"status-publish","4":"has-post-thumbnail","6":"product_cat-rotweine","7":"product_cat-deutschland","8":"product_cat-baden","9":"product_tag-baden-blauer-spaetburgunder-schulen-weingut-ziereisen-essen-rolf-kaspar-nrw-fachhandel-rotwein-wein-weine-deutsch-deutschland","11":"first","12":"outofstock","13":"taxable","14":"shipping-taxable","15":"purchasable","16":"product-type-simple"},"acf":[],"_links":{"self":[{"href":"https:\/\/www.kaspar-spirituosen.de\/shop\/wp-json\/wp\/v2\/product\/7547","targetHints":{"allow":["GET"]}}],"collection":[{"href":"https:\/\/www.kaspar-spirituosen.de\/shop\/wp-json\/wp\/v2\/product"}],"about":[{"href":"https:\/\/www.kaspar-spirituosen.de\/shop\/wp-json\/wp\/v2\/types\/product"}],"replies":[{"embeddable":true,"href":"https:\/\/www.kaspar-spirituosen.de\/shop\/wp-json\/wp\/v2\/comments?post=7547"}],"wp:featuredmedia":[{"embeddable":true,"href":"https:\/\/www.kaspar-spirituosen.de\/shop\/wp-json\/wp\/v2\/media\/31309"}],"wp:attachment":[{"href":"https:\/\/www.kaspar-spirituosen.de\/shop\/wp-json\/wp\/v2\/media?parent=7547"}],"wp:term":[{"taxonomy":"product_brand","embeddable":true,"href":"https:\/\/www.kaspar-spirituosen.de\/shop\/wp-json\/wp\/v2\/product_brand?post=7547"},{"taxonomy":"product_cat","embeddable":true,"href":"https:\/\/www.kaspar-spirituosen.de\/shop\/wp-json\/wp\/v2\/product_cat?post=7547"},{"taxonomy":"product_tag","embeddable":true,"href":"https:\/\/www.kaspar-spirituosen.de\/shop\/wp-json\/wp\/v2\/product_tag?post=7547"}],"curies":[{"name":"wp","href":"https:\/\/api.w.org\/{rel}","templated":true}]}}