{"id":7549,"date":"2025-05-05T16:51:21","date_gmt":"2025-05-05T14:51:21","guid":{"rendered":"https:\/\/www.kaspar-spirituosen.de\/shop\/produkt\/2020-ziereisen-rhini-spaetburgunder-075-lt\/"},"modified":"2025-12-31T10:10:34","modified_gmt":"2025-12-31T09:10:34","slug":"2020-ziereisen-rhini-spaetburgunder-075-lt","status":"publish","type":"product","link":"https:\/\/www.kaspar-spirituosen.de\/shop\/produkt\/2020-ziereisen-rhini-spaetburgunder-075-lt\/","title":{"rendered":"2021 Ziereisen Rhini Sp\u00e4tburgunder 0,75 lt."},"content":{"rendered":"","protected":false},"excerpt":{"rendered":"<p><strong>Baden, Deutschland<\/strong><\/p>\n<p>Der &#8222;Rhini&#8220; wurde 14 Monate in Barriques (40% neue, 60% alte Barriques) ausgebaut. Dabei entwickelte sich der Wein zu einer bemerkenswerten Pers\u00f6nlichkeit, die von mineralischem Duft nach roten und etwas schwarzen Beeren mit s\u00fc\u00dflich-r\u00f6stigen Holznoten gepr\u00e4gt ist. Im Mund fest und fast &#8222;unkaubar&#8220;, so viel saftige Frucht und saftiges Tannin ist zu bew\u00e4ltigen. Am Gaumen entwickelt sich noch zudem eine aufhellende rauchige Holznote, die den sehr nachhaltigen, noch etwas jungen und etwas kantigen Wein noch interessanter macht. Herrlich!!<\/p>\n<p><span style=\"font-size: 16px;font-family: Arial, Verdana, Helvetica\">Wein, e<\/span><span style=\"font-size: 16px;font-family: Arial, Verdana, Helvetica\">nth\u00e4lt\u00a0<\/span>Sulfite, 0,75 L, 12,00 % vol.<\/p>\n<p>Weingut Ziereisen<br \/>\nMarkgrafenstr. 17<br \/>\n79588 Efringen-Kirchen<br \/>\nTel. +49 7628 2848<br \/>\nFax +49 7628 941662<br \/>\nemail: kontakt@ziereisen.de<\/p>\n","protected":false},"featured_media":31310,"comment_status":"closed","ping_status":"closed","template":"","meta":{"_acf_changed":false},"product_brand":[],"product_cat":[1505,1506,1507],"product_tag":[1024],"class_list":{"0":"post-7549","1":"product","2":"type-product","3":"status-publish","4":"has-post-thumbnail","6":"product_cat-rotweine","7":"product_cat-deutschland","8":"product_cat-baden","9":"product_tag-blauer-spaetburgunder-rhini-weingut-ziereisen-hans-peter-efringen-handlese-essen-rolf-kaspar-nrw-deutsch-deutschland","11":"first","12":"instock","13":"taxable","14":"shipping-taxable","15":"purchasable","16":"product-type-simple"},"acf":[],"_links":{"self":[{"href":"https:\/\/www.kaspar-spirituosen.de\/shop\/wp-json\/wp\/v2\/product\/7549","targetHints":{"allow":["GET"]}}],"collection":[{"href":"https:\/\/www.kaspar-spirituosen.de\/shop\/wp-json\/wp\/v2\/product"}],"about":[{"href":"https:\/\/www.kaspar-spirituosen.de\/shop\/wp-json\/wp\/v2\/types\/product"}],"replies":[{"embeddable":true,"href":"https:\/\/www.kaspar-spirituosen.de\/shop\/wp-json\/wp\/v2\/comments?post=7549"}],"wp:featuredmedia":[{"embeddable":true,"href":"https:\/\/www.kaspar-spirituosen.de\/shop\/wp-json\/wp\/v2\/media\/31310"}],"wp:attachment":[{"href":"https:\/\/www.kaspar-spirituosen.de\/shop\/wp-json\/wp\/v2\/media?parent=7549"}],"wp:term":[{"taxonomy":"product_brand","embeddable":true,"href":"https:\/\/www.kaspar-spirituosen.de\/shop\/wp-json\/wp\/v2\/product_brand?post=7549"},{"taxonomy":"product_cat","embeddable":true,"href":"https:\/\/www.kaspar-spirituosen.de\/shop\/wp-json\/wp\/v2\/product_cat?post=7549"},{"taxonomy":"product_tag","embeddable":true,"href":"https:\/\/www.kaspar-spirituosen.de\/shop\/wp-json\/wp\/v2\/product_tag?post=7549"}],"curies":[{"name":"wp","href":"https:\/\/api.w.org\/{rel}","templated":true}]}}