{"id":7553,"date":"2025-05-05T16:51:21","date_gmt":"2025-05-05T14:51:21","guid":{"rendered":"https:\/\/www.kaspar-spirituosen.de\/shop\/produkt\/2021-spaetburgunder-trocken-weingut-ellermann-spiegel-075-lt\/"},"modified":"2025-10-24T16:15:54","modified_gmt":"2025-10-24T14:15:54","slug":"2021-spaetburgunder-trocken-weingut-ellermann-spiegel-075-lt","status":"publish","type":"product","link":"https:\/\/www.kaspar-spirituosen.de\/shop\/produkt\/2021-spaetburgunder-trocken-weingut-ellermann-spiegel-075-lt\/","title":{"rendered":"2021 Sp\u00e4tburgunder trocken, Weingut Ellermann-Spiegel 0,75 lt."},"content":{"rendered":"<p style=\"font-size: 16px; font-family: Arial, Verdana, Helvetica;\"><strong>Pinot Noir<\/strong>, die Diva unter den Rotweinen. Von seiner Art eher elegant und filigran entdeckt man nach erstem Schnuppern ein <strong>differenziertes Aromenspektrum<\/strong> von s\u00fc\u00dflicher Schwarzkirschenfrucht, Brombeere und ein wenig Gew\u00fcrznelke. T\u00e4nzerisch leicht, dennoch f\u00fcllig und pr\u00e4sent, umh\u00fcllt die perfekte Tanninstruktur angenehm den Gaumen.<\/p>\n<p style=\"font-size: 16px; font-family: Arial, Verdana, Helvetica;\">Enth\u00e4lt Sulfite, 0,75 L, 13 %vol.<\/p>\n<p>Weinmanufaktur Ellermann-Spiegel GbR<br \/>\nPoststr. 3<br \/>\nD-67483 Kleinfischlingen<br \/>\nTel. + 49 (0) 63 47 &#8211; 88 11<br \/>\nFax + 49 (0) 63 47 &#8211; 20 53<br \/>\ninfo@ellermann-spiegel.de<\/p>\n","protected":false},"excerpt":{"rendered":"<p>Pinot Noir, die Diva unter den Rotweinen.\u00a0<span style=\"font-family: Arial, Verdana, Helvetica; font-size: 16px;\">Von seiner Art eher elegant und filigran\u00a0<\/span><\/p>\n<p>Wein, enth\u00e4lt Sulfite, 0,75 L, 13 %vol.<\/p>\n","protected":false},"featured_media":31312,"comment_status":"closed","ping_status":"closed","template":"","meta":{"_acf_changed":false},"product_brand":[],"product_cat":[1505,1506,1508],"product_tag":[1027],"class_list":{"0":"post-7553","1":"product","2":"type-product","3":"status-publish","4":"has-post-thumbnail","6":"product_cat-rotweine","7":"product_cat-deutschland","8":"product_cat-pfalz-rheinhessen","9":"product_tag-trocken-weingut-ellermann-spiegel-frank-spiegel-pfalz-pfaelzer-deutsch-deutscher-wein-rotwein-rolf-kaspar-essen-nrw-spaetburgunder-burgunder-pinot-noir","11":"first","12":"instock","13":"taxable","14":"shipping-taxable","15":"purchasable","16":"product-type-simple"},"acf":[],"_links":{"self":[{"href":"https:\/\/www.kaspar-spirituosen.de\/shop\/wp-json\/wp\/v2\/product\/7553","targetHints":{"allow":["GET"]}}],"collection":[{"href":"https:\/\/www.kaspar-spirituosen.de\/shop\/wp-json\/wp\/v2\/product"}],"about":[{"href":"https:\/\/www.kaspar-spirituosen.de\/shop\/wp-json\/wp\/v2\/types\/product"}],"replies":[{"embeddable":true,"href":"https:\/\/www.kaspar-spirituosen.de\/shop\/wp-json\/wp\/v2\/comments?post=7553"}],"wp:featuredmedia":[{"embeddable":true,"href":"https:\/\/www.kaspar-spirituosen.de\/shop\/wp-json\/wp\/v2\/media\/31312"}],"wp:attachment":[{"href":"https:\/\/www.kaspar-spirituosen.de\/shop\/wp-json\/wp\/v2\/media?parent=7553"}],"wp:term":[{"taxonomy":"product_brand","embeddable":true,"href":"https:\/\/www.kaspar-spirituosen.de\/shop\/wp-json\/wp\/v2\/product_brand?post=7553"},{"taxonomy":"product_cat","embeddable":true,"href":"https:\/\/www.kaspar-spirituosen.de\/shop\/wp-json\/wp\/v2\/product_cat?post=7553"},{"taxonomy":"product_tag","embeddable":true,"href":"https:\/\/www.kaspar-spirituosen.de\/shop\/wp-json\/wp\/v2\/product_tag?post=7553"}],"curies":[{"name":"wp","href":"https:\/\/api.w.org\/{rel}","templated":true}]}}