{"id":7563,"date":"2025-05-05T16:51:21","date_gmt":"2025-05-05T14:51:21","guid":{"rendered":"https:\/\/www.kaspar-spirituosen.de\/shop\/produkt\/2019-chardonnay-trocken-lichti-astroh-pfalz-075-lt\/"},"modified":"2025-10-24T16:15:55","modified_gmt":"2025-10-24T14:15:55","slug":"2019-chardonnay-trocken-lichti-astroh-pfalz-075-lt","status":"publish","type":"product","link":"https:\/\/www.kaspar-spirituosen.de\/shop\/produkt\/2019-chardonnay-trocken-lichti-astroh-pfalz-075-lt\/","title":{"rendered":"2019 Chardonnay trocken, Lichti &#038; Astroh \/ Pfalz. 0,75 lt."},"content":{"rendered":"","protected":false},"excerpt":{"rendered":"<p><b>Pfalz, Deutschland<\/b><\/p>\n<p>2019 chardonnay (s) trocken<br \/>\ngeerntet von Hand im Laumersheimer<br \/>\nSteinbuckel am 17.09.2019<br \/>\nspontan im neuen 500 Liter Tonneau<br \/>\nvergoren, ungesch\u00f6nt, unfiltriert,<br \/>\nhandgef\u00fcllt \u201abarrel to bottle\u2018 im August 2020<br \/>\nAlkohol 13,5 %vol<br \/>\nS\u00e4ure 6,9 g\/l<br \/>\nRests\u00fc\u00dfe 1,7 g\/l<br \/>\nInhalt 750 ml<\/p>\n<p>Enth\u00e4lt Sulfite<\/p>\n<p>Verkostungsnotiz: Grapefruit, Limette,<br \/>\nA g r u m e n , Ka r a m b o l e , a b e r\u00a0 a u c h<br \/>\ngelbfruchtig, Renekloden, gelbe Melone,<br \/>\ng e b r a n n t e\u00a0 S a l z m a n d e l , g u t e<br \/>\nS\u00e4urestruktur, leichter Schmelz vom<br \/>\nHolzfa\u00dfausbau, Extrakts\u00fc\u00dfe, geradlinig,<br \/>\npr\u00e4zise, Druck, salzig, deutliche<br \/>\n\u201aKalkigkeit\u2018<br \/>\nTrinktemperatur: 12\u00b0C<\/p>\n<p>lichti &amp; astroh<br \/>\nFreya Lichti tel 0176 61917161<br \/>\nAlexander Strohschneider tel 0176 30344007<br \/>\n<a href=\"http:\/\/www.lichtiundastroh.de\" data-link-type=\"external\" data-type=\"linkpicker\">www.lichtiundastroh.de<\/a> info@lichtiundastroh.de<\/p>\n","protected":false},"featured_media":31316,"comment_status":"closed","ping_status":"closed","template":"","meta":{"_acf_changed":false},"product_brand":[],"product_cat":[1526,1527,1530],"product_tag":[1034],"class_list":{"0":"post-7563","1":"product","2":"type-product","3":"status-publish","4":"has-post-thumbnail","6":"product_cat-weissweine","7":"product_cat-deutschland-02-2","8":"product_cat-pfalz-franken","9":"product_tag-trocken-weingut-lichti-astroh-pfalz-pfaelzer-deutsch-deutscher-wein-chardonnay-rolf-kaspar-essen-nrw-laudanum-laumersheim-strohschneider-freya-lichti","11":"first","12":"instock","13":"taxable","14":"shipping-taxable","15":"purchasable","16":"product-type-simple"},"acf":[],"_links":{"self":[{"href":"https:\/\/www.kaspar-spirituosen.de\/shop\/wp-json\/wp\/v2\/product\/7563","targetHints":{"allow":["GET"]}}],"collection":[{"href":"https:\/\/www.kaspar-spirituosen.de\/shop\/wp-json\/wp\/v2\/product"}],"about":[{"href":"https:\/\/www.kaspar-spirituosen.de\/shop\/wp-json\/wp\/v2\/types\/product"}],"replies":[{"embeddable":true,"href":"https:\/\/www.kaspar-spirituosen.de\/shop\/wp-json\/wp\/v2\/comments?post=7563"}],"wp:featuredmedia":[{"embeddable":true,"href":"https:\/\/www.kaspar-spirituosen.de\/shop\/wp-json\/wp\/v2\/media\/31316"}],"wp:attachment":[{"href":"https:\/\/www.kaspar-spirituosen.de\/shop\/wp-json\/wp\/v2\/media?parent=7563"}],"wp:term":[{"taxonomy":"product_brand","embeddable":true,"href":"https:\/\/www.kaspar-spirituosen.de\/shop\/wp-json\/wp\/v2\/product_brand?post=7563"},{"taxonomy":"product_cat","embeddable":true,"href":"https:\/\/www.kaspar-spirituosen.de\/shop\/wp-json\/wp\/v2\/product_cat?post=7563"},{"taxonomy":"product_tag","embeddable":true,"href":"https:\/\/www.kaspar-spirituosen.de\/shop\/wp-json\/wp\/v2\/product_tag?post=7563"}],"curies":[{"name":"wp","href":"https:\/\/api.w.org\/{rel}","templated":true}]}}