{"id":7567,"date":"2025-05-05T16:51:21","date_gmt":"2025-05-05T14:51:21","guid":{"rendered":"https:\/\/www.kaspar-spirituosen.de\/shop\/produkt\/2022-pinox-trocken-weingut-nett-075l\/"},"modified":"2026-03-28T16:31:28","modified_gmt":"2026-03-28T15:31:28","slug":"2024-pinox-trocken-weingut-nett-075l","status":"publish","type":"product","link":"https:\/\/www.kaspar-spirituosen.de\/shop\/produkt\/2024-pinox-trocken-weingut-nett-075l\/","title":{"rendered":"2024 PIN:OX trocken, Weingut Nett. 0,75l"},"content":{"rendered":"<p style=\"font-size: 16px;font-family: Arial, Verdana, Helvetica\"><b>Pfalz, Deutschland<\/b><\/p>\n<p>Eine Cuv\u00e9e aus Wei\u00dfburgunder, Auxerrois und Chardonnay, das Frische und Schmelz dieser Sorten perfekt vereint.<\/p>\n<p style=\"font-size: 16px;font-family: Arial, Verdana, Helvetica\">In der Nase reife, gelbe Fr\u00fcchte, cremig und floral, leicht hefig; Birne, etwas Zitrusfr\u00fcchte und eine weiche S\u00e4ure; Speiseempfehlung: Spargelgerichte, vegetarische Speisen, Forelle &#8222;M\u00fcllerin Art&#8220;, H\u00fchnerfrikassee und andere leichte\u00a0Fleischgerichte.<\/p>\n<p><b>Weingut Bergdolt-Reif &amp; Nett<\/b><\/p>\n<p>&#8222;Jeder Wein, jeder Jahrgang hat seine eigene Pers\u00f6nlichkeit, seine individuelle Art, seine eigene Geschichte.&#8220;<\/p>\n<p>Mitten in der Pfalz in Duttweiler, einem kleinen Weinort zwischen Speyer am Rhein und Neustadt an der Weinstra\u00dfe, ist der Sitz unseres Weinguts. Der Grundstein wurde bereits 1838 mit dem Bau der Sandstein-Gew\u00f6lbekeller gelegt. Nach einer Erbteilung im Jahr 1900, einer Adoption und Einheirat wird das Weingut heute in f\u00fcnfter Generation von uns, der Familie Nett, gef\u00fchrt.<\/p>\n<p>Auf einer H\u00f6he von 120-140 m \u00fcber dem Meeresspiegel wachsen hier die Reben eingebettet in eine fast mediterrane Landschaft, in der auch Kiwis und Feigen, Mandeln und Esskastanien reifen. \u00dcber zehn Meter m\u00e4chtige Bodenschichten aus vorwiegend L\u00f6\u00df und Lehm mit feinen Kalkadern pr\u00e4gen den Charakter unserer Weine.<br \/>\nPhilosophie<\/p>\n<p>Wir arbeiten in Harmonie mit der Natur, denn Sie ist unser gr\u00f6\u00dftes Kapital. \u00dcber das ganze Jahr bestimmt sie den Takt unserer Arbeit, besonders im Weinberg. Wie lange ist der Winter? Wann ist der Austrieb, wann die Rebbl\u00fcte? Wann k\u00f6nnen bzw. m\u00fcssen wir die Lese beginnen, wie lange k\u00f6nnen wir pokern, um hochreife Trauben ernten zu k\u00f6nnen? Im Weinberg ist unsere gr\u00f6\u00dfte Herausforderung das Potenzial und die Eigenheiten jeder einzelnen Parzelle herauszuarbeiten.<\/p>\n<p>Im Keller regieren Ruhe und Zur\u00fcckhaltung: Wir lassen den Weinen viel Zeit! Von der sanften Pressung der Trauben \u00fcber eine gez\u00fcgelte Verg\u00e4rung der Moste und ein langes Feinhefelager der Jungweine bis hin zur endg\u00fcltigen Flaschenf\u00fcllung.<\/p>\n<p>Mit dem Gef\u00fchl f\u00fcr besonderen Wein verkosten wir sie, um den Charakter jeder einzelnen Parzelle bis auf die Flasche zu erhalten. Wir begleiten und f\u00f6rdern die Weine in ihrer nat\u00fcrlichen Entwicklung.<\/p>\n<p style=\"font-size: 16px;font-family: Arial, Verdana, Helvetica\">Quelle: http:\/\/www.weingut-brn.de\/<\/p>\n<p style=\"font-size: 16px;font-family: Arial, Verdana, Helvetica\">Enth\u00e4lt Sulfite, 0,75 L, 12,5 % vol.<\/p>\n<p style=\"font-size: 16px;font-family: Arial, Verdana, Helvetica\">Weingut Bergdolt-Reif &amp; Nett<br \/>\nDudostra\u00dfe 24<br \/>\nD-67435 Duttweiler\/Pfalz<br \/>\nTel.: (0 63 27) 28 03<br \/>\nFax: (0 63 27) 14 85<br \/>\nE-Mail: info@weingut-brn.de<\/p>\n","protected":false},"excerpt":{"rendered":"<p><span style=\"font-family: Arial, Verdana, Helvetica;font-size: 16px\">Cuv\u00e9e aus Wei\u00dfburgunder, Auxerrois und Chardonnay<\/span><\/p>\n","protected":false},"featured_media":31318,"comment_status":"closed","ping_status":"closed","template":"","meta":{"_acf_changed":false},"product_brand":[],"product_cat":[1526,1527,1530],"product_tag":[1035],"class_list":{"0":"post-7567","1":"product","2":"type-product","3":"status-publish","4":"has-post-thumbnail","6":"product_cat-weissweine","7":"product_cat-deutschland-02-2","8":"product_cat-pfalz-franken","9":"product_tag-trocken-weingut-bergdolt-reiff-nett-pfalz-pfaelzer-deutsch-deutscher-wein-weisswein-weisswein-rotwein-rolf-kaspar-essen-nrw","11":"first","12":"instock","13":"taxable","14":"shipping-taxable","15":"purchasable","16":"product-type-simple"},"acf":[],"_links":{"self":[{"href":"https:\/\/www.kaspar-spirituosen.de\/shop\/wp-json\/wp\/v2\/product\/7567","targetHints":{"allow":["GET"]}}],"collection":[{"href":"https:\/\/www.kaspar-spirituosen.de\/shop\/wp-json\/wp\/v2\/product"}],"about":[{"href":"https:\/\/www.kaspar-spirituosen.de\/shop\/wp-json\/wp\/v2\/types\/product"}],"replies":[{"embeddable":true,"href":"https:\/\/www.kaspar-spirituosen.de\/shop\/wp-json\/wp\/v2\/comments?post=7567"}],"wp:featuredmedia":[{"embeddable":true,"href":"https:\/\/www.kaspar-spirituosen.de\/shop\/wp-json\/wp\/v2\/media\/31318"}],"wp:attachment":[{"href":"https:\/\/www.kaspar-spirituosen.de\/shop\/wp-json\/wp\/v2\/media?parent=7567"}],"wp:term":[{"taxonomy":"product_brand","embeddable":true,"href":"https:\/\/www.kaspar-spirituosen.de\/shop\/wp-json\/wp\/v2\/product_brand?post=7567"},{"taxonomy":"product_cat","embeddable":true,"href":"https:\/\/www.kaspar-spirituosen.de\/shop\/wp-json\/wp\/v2\/product_cat?post=7567"},{"taxonomy":"product_tag","embeddable":true,"href":"https:\/\/www.kaspar-spirituosen.de\/shop\/wp-json\/wp\/v2\/product_tag?post=7567"}],"curies":[{"name":"wp","href":"https:\/\/api.w.org\/{rel}","templated":true}]}}