{"id":7575,"date":"2025-05-05T16:51:33","date_gmt":"2025-05-05T14:51:33","guid":{"rendered":"https:\/\/www.kaspar-spirituosen.de\/shop\/produkt\/2024-weissburgunder-trocken-weingut-ellermann-spiegel-075-lt\/"},"modified":"2026-03-14T09:26:57","modified_gmt":"2026-03-14T08:26:57","slug":"2024-weissburgunder-trocken-weingut-ellermann-spiegel-075-lt","status":"publish","type":"product","link":"https:\/\/www.kaspar-spirituosen.de\/shop\/produkt\/2024-weissburgunder-trocken-weingut-ellermann-spiegel-075-lt\/","title":{"rendered":"2024 Wei\u00dfburgunder trocken, Weingut Ellermann-Spiegel 0,75 lt."},"content":{"rendered":"","protected":false},"excerpt":{"rendered":"<p>In der Nase fabelhaft cremig mit Ankl\u00e4ngen von m\u00fcrbem, gelbem Apfel, reifen Mirabellen und etwas Ananas. Am Gaumen setzt sich dieser verf\u00fchrerisch-cremige Eindruck in Verbindung mit einer faszinierenden Tiefe und Komplexit\u00e4t fort. Ph\u00e4nomenales Preis-Genuss-Verh\u00e4ltnis!<\/p>\n<p>Enth\u00e4lt Sulfite, 0,75 L, 12,50 % vol.<\/p>\n<p><a href=\"https:\/\/elabel.apys.de\/e-Label\/e-Label.php?p1=BC3B32EA-24A5-405D-BF5D-1DB15FA4ED44&amp;p2=2\" data-link-type=\"external\" data-type=\"linkpicker\">Zutaten und N\u00e4hrwerttabelle<\/a><\/p>\n<p>Weinmanufaktur Ellermann-Spiegel GbR<br \/>\nPoststr. 3<br \/>\nD-67483 Kleinfischlingen<br \/>\nTel. + 49 (0) 63 47 &#8211; 88 11<br \/>\nFax + 49 (0) 63 47 &#8211; 20 53<br \/>\ninfo@ellermann-spiegel.de<\/p>\n","protected":false},"featured_media":31322,"comment_status":"closed","ping_status":"closed","template":"","meta":{"_acf_changed":false},"product_brand":[],"product_cat":[1526,1527,1530],"product_tag":[1040],"class_list":{"0":"post-7575","1":"product","2":"type-product","3":"status-publish","4":"has-post-thumbnail","6":"product_cat-weissweine","7":"product_cat-deutschland-02-2","8":"product_cat-pfalz-franken","9":"product_tag-halbtrocken-weingut-ellermann-spiegel-frank-spiegel-pfalz-pfaelzer-deutsch-deutscher-wein-rotwein-rolf-kaspar-essen-nrw-dornfelder-weissburgunder","11":"first","12":"instock","13":"taxable","14":"shipping-taxable","15":"purchasable","16":"product-type-simple"},"acf":[],"_links":{"self":[{"href":"https:\/\/www.kaspar-spirituosen.de\/shop\/wp-json\/wp\/v2\/product\/7575","targetHints":{"allow":["GET"]}}],"collection":[{"href":"https:\/\/www.kaspar-spirituosen.de\/shop\/wp-json\/wp\/v2\/product"}],"about":[{"href":"https:\/\/www.kaspar-spirituosen.de\/shop\/wp-json\/wp\/v2\/types\/product"}],"replies":[{"embeddable":true,"href":"https:\/\/www.kaspar-spirituosen.de\/shop\/wp-json\/wp\/v2\/comments?post=7575"}],"wp:featuredmedia":[{"embeddable":true,"href":"https:\/\/www.kaspar-spirituosen.de\/shop\/wp-json\/wp\/v2\/media\/31322"}],"wp:attachment":[{"href":"https:\/\/www.kaspar-spirituosen.de\/shop\/wp-json\/wp\/v2\/media?parent=7575"}],"wp:term":[{"taxonomy":"product_brand","embeddable":true,"href":"https:\/\/www.kaspar-spirituosen.de\/shop\/wp-json\/wp\/v2\/product_brand?post=7575"},{"taxonomy":"product_cat","embeddable":true,"href":"https:\/\/www.kaspar-spirituosen.de\/shop\/wp-json\/wp\/v2\/product_cat?post=7575"},{"taxonomy":"product_tag","embeddable":true,"href":"https:\/\/www.kaspar-spirituosen.de\/shop\/wp-json\/wp\/v2\/product_tag?post=7575"}],"curies":[{"name":"wp","href":"https:\/\/api.w.org\/{rel}","templated":true}]}}