{"id":7577,"date":"2025-05-05T16:51:33","date_gmt":"2025-05-05T14:51:33","guid":{"rendered":"https:\/\/www.kaspar-spirituosen.de\/shop\/produkt\/2024-grauburgunder-trocken-weingut-ellermann-spiegel-075-lt\/"},"modified":"2026-03-14T10:49:23","modified_gmt":"2026-03-14T09:49:23","slug":"2024-grauburgunder-trocken-weingut-ellermann-spiegel-075-lt","status":"publish","type":"product","link":"https:\/\/www.kaspar-spirituosen.de\/shop\/produkt\/2024-grauburgunder-trocken-weingut-ellermann-spiegel-075-lt\/","title":{"rendered":"2024 Grauburgunder trocken, Weingut Ellermann-Spiegel 0,75 lt."},"content":{"rendered":"","protected":false},"excerpt":{"rendered":"<p>Mit kaum zu erschnuppernden 10% wurde dieser Wein teilweise in neuen franz\u00f6sischen Barrique-F\u00e4ssern vergoren. Diese verleihen dem Grauburgunder eine komplexe Tiefe und Kraft. Die Nase bet\u00f6ren Aromen von Mirabelle, Stachelbeere und Birne sowie zartrauchige und nussige Komponenten.<\/p>\n<p>Enth\u00e4lt Sulfite, 0,75 L, 12,5 % vol.<\/p>\n<p><a href=\"https:\/\/elabel.apys.de\/e-Label\/e-Label.php?p1=BC3B32EA-24A5-405D-BF5D-1DB15FA4ED44&amp;p2=2\" data-link-type=\"external\" data-type=\"linkpicker\">Zutaten und N\u00e4hrwerttabelle<\/a><\/p>\n<p>Weinmanufaktur Ellermann-Spiegel GbR<br \/>\nPoststr. 3<br \/>\nD-67483 Kleinfischlingen<br \/>\nTel. + 49 (0) 63 47 &#8211; 88 11<br \/>\nFax + 49 (0) 63 47 &#8211; 20 53<br \/>\ninfo@ellermann-spiegel.de<\/p>\n","protected":false},"featured_media":31323,"comment_status":"closed","ping_status":"closed","template":"","meta":{"_acf_changed":false},"product_brand":[],"product_cat":[1526,1527,1530],"product_tag":[1041],"class_list":{"0":"post-7577","1":"product","2":"type-product","3":"status-publish","4":"has-post-thumbnail","6":"product_cat-weissweine","7":"product_cat-deutschland-02-2","8":"product_cat-pfalz-franken","9":"product_tag-trocken-weingut-ellermann-spiegel-frank-spiegel-pfalz-pfaelzer-deutsch-deutscher-wein-weisswein-weisswein-rolf-kaspar-essen-nrw-burgunder-grauburgunder-grauer-burgunder-gutswein","11":"first","12":"instock","13":"taxable","14":"shipping-taxable","15":"purchasable","16":"product-type-simple"},"acf":[],"_links":{"self":[{"href":"https:\/\/www.kaspar-spirituosen.de\/shop\/wp-json\/wp\/v2\/product\/7577","targetHints":{"allow":["GET"]}}],"collection":[{"href":"https:\/\/www.kaspar-spirituosen.de\/shop\/wp-json\/wp\/v2\/product"}],"about":[{"href":"https:\/\/www.kaspar-spirituosen.de\/shop\/wp-json\/wp\/v2\/types\/product"}],"replies":[{"embeddable":true,"href":"https:\/\/www.kaspar-spirituosen.de\/shop\/wp-json\/wp\/v2\/comments?post=7577"}],"wp:featuredmedia":[{"embeddable":true,"href":"https:\/\/www.kaspar-spirituosen.de\/shop\/wp-json\/wp\/v2\/media\/31323"}],"wp:attachment":[{"href":"https:\/\/www.kaspar-spirituosen.de\/shop\/wp-json\/wp\/v2\/media?parent=7577"}],"wp:term":[{"taxonomy":"product_brand","embeddable":true,"href":"https:\/\/www.kaspar-spirituosen.de\/shop\/wp-json\/wp\/v2\/product_brand?post=7577"},{"taxonomy":"product_cat","embeddable":true,"href":"https:\/\/www.kaspar-spirituosen.de\/shop\/wp-json\/wp\/v2\/product_cat?post=7577"},{"taxonomy":"product_tag","embeddable":true,"href":"https:\/\/www.kaspar-spirituosen.de\/shop\/wp-json\/wp\/v2\/product_tag?post=7577"}],"curies":[{"name":"wp","href":"https:\/\/api.w.org\/{rel}","templated":true}]}}