{"id":7607,"date":"2025-05-05T16:51:33","date_gmt":"2025-05-05T14:51:33","guid":{"rendered":"https:\/\/www.kaspar-spirituosen.de\/shop\/produkt\/2017-ellwanger-lemberger-tr-075-lt\/"},"modified":"2025-10-24T16:15:48","modified_gmt":"2025-10-24T14:15:48","slug":"2020-ellwanger-lemberger-tr-075-lt","status":"publish","type":"product","link":"https:\/\/www.kaspar-spirituosen.de\/shop\/produkt\/2020-ellwanger-lemberger-tr-075-lt\/","title":{"rendered":"2020 Ellwanger Lemberger tr. 0,75 lt."},"content":{"rendered":"","protected":false},"excerpt":{"rendered":"<p><strong>W\u00fcrttemberg, Deutschland<\/strong><\/p>\n<p>Der Einstiegs-Lemberger aus dem Hause Ellwanger wei\u00df spontan mit einem zarten, k\u00fchlen Duft von saftigen dunklen Kirschen zu begeistern. Gro\u00dfartig aufgebaut: Runde Frucht mit holzw\u00fcrzigen Noten, mittelfeines Tannin, ganz leicht rustikal, aber gut zu trinken, sch\u00f6ne Frucht am Gaumen, \u00fcberzeugender Abgang. Klassischer Wein aus dem klassischen, gro\u00dfen Holzfass.<\/p>\n<p>Enth\u00e4lt Sulfite, 0,75 L, 13,5 % vol.<\/p>\n<p>Weingut J\u00fcrgen Ellwanger<br \/>\nInh. J\u00f6rg und Felix Ellwanger<br \/>\nBachstra\u00dfe 27<br \/>\n73650 Winterbach<br \/>\nTelefon +49 (0) 71 81 \/ 4 45 25<br \/>\nTelefax +49 (0) 71 81 \/ 4 61 28<br \/>\nMail: info@weingut-ellwanger.de<\/p>\n","protected":false},"featured_media":31328,"comment_status":"closed","ping_status":"closed","template":"","meta":{"_acf_changed":false},"product_brand":[],"product_cat":[1505,1506,1509],"product_tag":[1060],"class_list":{"0":"post-7607","1":"product","2":"type-product","3":"status-publish","4":"has-post-thumbnail","6":"product_cat-rotweine","7":"product_cat-deutschland","8":"product_cat-ahr-wuerttemberg","9":"product_tag-lemberger-hebsacker-lichtenberg-trocken-weingut-juergen-ellwanger-rotwein-wuerttemberg-rolf-kaspar-wein-weinbau-weine","11":"first","12":"instock","13":"taxable","14":"shipping-taxable","15":"purchasable","16":"product-type-simple"},"acf":[],"_links":{"self":[{"href":"https:\/\/www.kaspar-spirituosen.de\/shop\/wp-json\/wp\/v2\/product\/7607","targetHints":{"allow":["GET"]}}],"collection":[{"href":"https:\/\/www.kaspar-spirituosen.de\/shop\/wp-json\/wp\/v2\/product"}],"about":[{"href":"https:\/\/www.kaspar-spirituosen.de\/shop\/wp-json\/wp\/v2\/types\/product"}],"replies":[{"embeddable":true,"href":"https:\/\/www.kaspar-spirituosen.de\/shop\/wp-json\/wp\/v2\/comments?post=7607"}],"wp:featuredmedia":[{"embeddable":true,"href":"https:\/\/www.kaspar-spirituosen.de\/shop\/wp-json\/wp\/v2\/media\/31328"}],"wp:attachment":[{"href":"https:\/\/www.kaspar-spirituosen.de\/shop\/wp-json\/wp\/v2\/media?parent=7607"}],"wp:term":[{"taxonomy":"product_brand","embeddable":true,"href":"https:\/\/www.kaspar-spirituosen.de\/shop\/wp-json\/wp\/v2\/product_brand?post=7607"},{"taxonomy":"product_cat","embeddable":true,"href":"https:\/\/www.kaspar-spirituosen.de\/shop\/wp-json\/wp\/v2\/product_cat?post=7607"},{"taxonomy":"product_tag","embeddable":true,"href":"https:\/\/www.kaspar-spirituosen.de\/shop\/wp-json\/wp\/v2\/product_tag?post=7607"}],"curies":[{"name":"wp","href":"https:\/\/api.w.org\/{rel}","templated":true}]}}