{"id":7617,"date":"2025-05-05T16:51:47","date_gmt":"2025-05-05T14:51:47","guid":{"rendered":"https:\/\/www.kaspar-spirituosen.de\/shop\/produkt\/2016-chateau-du-breuil-075-lt\/"},"modified":"2025-10-24T16:15:43","modified_gmt":"2025-10-24T14:15:43","slug":"2016-chateau-du-breuil-075-lt","status":"publish","type":"product","link":"https:\/\/www.kaspar-spirituosen.de\/shop\/produkt\/2016-chateau-du-breuil-075-lt\/","title":{"rendered":"2016 Ch\u00e2teau du Breuil 0,75 lt."},"content":{"rendered":"<p class=\"western\" style=\"margin-bottom: 0cm;\" align=\"JUSTIFY\"><span style=\"font-family: Arial, serif;\">Ch\u00e2teau du Breuil liegt dort, wo die (Wein-)Tr\u00e4ume wachsen: In der Region Bordeaux, genauer im Haut-M\u00e9doc, in direkter Nachbarschaft zum ber\u00fchmten Ch\u00e2teau Lafite-Rothschild. Hier ist Marie Vialard, die als Enkelin das renommierte Familienweingut Ch\u00e2teau Cissac bereits in f\u00fcnfter Generation f\u00fchrt, verantwortlich f\u00fcr die Erzeugung \u00fcberzeugender Crus Bourgeois. Die tiefgr\u00fcndigen Kiesb\u00f6den eignen sich perfekt zum Anbau der klassischen Bordelaiser Rebsorten <\/span><span style=\"font-family: Arial, serif;\">Merlot, Cabernet-Sauvignon, Cabernet-Franc, Petit Verdot und Malbec.<\/span><span style=\"font-family: Arial, serif;\"> Die Reife in teilweise neuen Barriques verleiht dem Wein seinen ganz eigenen Charakter. Die Farbe ist von einem dichten Purpurrot gepr\u00e4gt. Der Duft zeigt feine Ankl\u00e4nge von dunklen Beerenfr\u00fcchten, einen Hauch von Zedernholz und feinem Havannatabak sowie milde Gew\u00fcrznoten im Hintergrund. Am Gaumen beeindruckt dieser Tropfen, der im November in der First Class Lounge M\u00fcnchen ausgeschenkt wird, mit Eleganz, F\u00fclle und einem angenehm frischem Finale.<\/span><\/p>\n<p class=\"western\" style=\"margin-bottom: 0cm;\" align=\"JUSTIFY\">Quelle : Markus Del Monego<\/p>\n<p>Wein<br \/>\nAlkoholgehalt 13% vol.<br \/>\nEnth\u00e4lt Sulfite<br \/>\nSCF Chateau Cisssac, 33250 Cissac, Frankreich<\/p>\n","protected":false},"excerpt":{"rendered":"<p class=\"western\" style=\"margin-bottom: 0cm;\" align=\"JUSTIFY\"><span style=\"font-family: Arial, serif;\">Ch\u00e2teau du Breuil liegt dort, wo die (Wein-)Tr\u00e4ume wachsen: In der Region Bordeaux, genauer im Haut-M\u00e9doc, in direkter Nachbarschaft zum ber\u00fchmten Ch\u00e2teau Lafite-Rothschild. Hier ist Marie Vialard, die als Enkelin das renommierte Familienweingut Ch\u00e2teau Cissac bereits in f\u00fcnfter Generation f\u00fchrt, verantwortlich f\u00fcr die Erzeugung \u00fcberzeugender Crus Bourgeois. Die tiefgr\u00fcndigen Kiesb\u00f6den eignen sich perfekt zum Anbau der klassischen Bordelaiser Rebsorten <\/span><span style=\"font-family: Arial, serif;\">Merlot, Cabernet-Sauvignon, Cabernet-Franc, Petit Verdot und Malbec.<\/span><span style=\"font-family: Arial, serif;\"> Die Reife in teilweise neuen Barriques verleiht dem Wein seinen ganz eigenen Charakter. Die Farbe ist von einem dichten Purpurrot gepr\u00e4gt. Der Duft zeigt feine Ankl\u00e4nge von dunklen Beerenfr\u00fcchten, einen Hauch von Zedernholz und feinem Havannatabak sowie milde Gew\u00fcrznoten im Hintergrund. Am Gaumen beeindruckt dieser Tropfen, der im November in der First Class Lounge M\u00fcnchen ausgeschenkt wird, mit Eleganz, F\u00fclle und einem angenehm frischem Finale.<\/span><\/p>\n<p class=\"western\" style=\"margin-bottom: 0cm;\" align=\"JUSTIFY\">Quelle : Markus Del Monego<\/p>\n<p>Wein<br \/>\nAlkoholgehalt 13 % vol.<br \/>\nEnth\u00e4lt Sulfite<br \/>\nSCF Chateau Cisssac, 33250 Cissac, Frankreich<\/p>\n","protected":false},"featured_media":31331,"comment_status":"closed","ping_status":"closed","template":"","meta":{"_acf_changed":false},"product_brand":[],"product_cat":[1505,1514,1515],"product_tag":[1065],"class_list":{"0":"post-7617","1":"product","2":"type-product","3":"status-publish","4":"has-post-thumbnail","6":"product_cat-rotweine","7":"product_cat-frankreich","8":"product_cat-bordeaux-und-bergerac","9":"product_tag-cissac-chateau-chateau-bordeaux-monego-haut-medoc-cabernet-sauvignon-merlot-petit-verdot-barrique-wein-weine-weinprobe-rotwein-weinversand","11":"first","12":"instock","13":"taxable","14":"shipping-taxable","15":"purchasable","16":"product-type-simple"},"acf":[],"_links":{"self":[{"href":"https:\/\/www.kaspar-spirituosen.de\/shop\/wp-json\/wp\/v2\/product\/7617","targetHints":{"allow":["GET"]}}],"collection":[{"href":"https:\/\/www.kaspar-spirituosen.de\/shop\/wp-json\/wp\/v2\/product"}],"about":[{"href":"https:\/\/www.kaspar-spirituosen.de\/shop\/wp-json\/wp\/v2\/types\/product"}],"replies":[{"embeddable":true,"href":"https:\/\/www.kaspar-spirituosen.de\/shop\/wp-json\/wp\/v2\/comments?post=7617"}],"wp:featuredmedia":[{"embeddable":true,"href":"https:\/\/www.kaspar-spirituosen.de\/shop\/wp-json\/wp\/v2\/media\/31331"}],"wp:attachment":[{"href":"https:\/\/www.kaspar-spirituosen.de\/shop\/wp-json\/wp\/v2\/media?parent=7617"}],"wp:term":[{"taxonomy":"product_brand","embeddable":true,"href":"https:\/\/www.kaspar-spirituosen.de\/shop\/wp-json\/wp\/v2\/product_brand?post=7617"},{"taxonomy":"product_cat","embeddable":true,"href":"https:\/\/www.kaspar-spirituosen.de\/shop\/wp-json\/wp\/v2\/product_cat?post=7617"},{"taxonomy":"product_tag","embeddable":true,"href":"https:\/\/www.kaspar-spirituosen.de\/shop\/wp-json\/wp\/v2\/product_tag?post=7617"}],"curies":[{"name":"wp","href":"https:\/\/api.w.org\/{rel}","templated":true}]}}