{"id":7639,"date":"2025-05-05T16:51:47","date_gmt":"2025-05-05T14:51:47","guid":{"rendered":"https:\/\/www.kaspar-spirituosen.de\/shop\/produkt\/2015-chateau-moyau-enfin-075-lt\/"},"modified":"2025-10-24T16:15:43","modified_gmt":"2025-10-24T14:15:43","slug":"2015-chateau-moyau-enfin-075-lt","status":"publish","type":"product","link":"https:\/\/www.kaspar-spirituosen.de\/shop\/produkt\/2015-chateau-moyau-enfin-075-lt\/","title":{"rendered":"2015 Ch\u00e2teau Moyau Enfin 0,75 lt"},"content":{"rendered":"<p><strong>Frankreich, Languedoc<\/strong><\/p>\n<p>Der &#8222;Enfin&#8220; ist eine Cuv\u00e9e aus Grenache Noir, Mourvedre und Syrah, ausgebaut wurde sie f\u00fcr rund zwei Jahre in neuen Barriques aus franz\u00f6sischer Eiche. Die Trauben stammen von den besten Parzellen des Weingutes und sind Schnitt 40 Jahre alt. Das intensive Bukett zeigt Aromen von Brombeeren, Himbeeren, Kirschen, Pflaumen, Kaffee, Schokolade, Vanille, Zeder, Zimt, Leder, Rauch, Kr\u00e4uter, Pfeffer und Veilchen. Am Gaumen stoffig, saftig, w\u00fcrzig, mineralisch, mit viel Frucht, viel weiches Tannin. Der Wein ist vielschichtig, er verf\u00fcgt \u00fcber eine animierende Eleganz und einen unglaublich langen Nachhall.<\/p>\n<p>Wein<br \/>\nAlkoholgehalt 14,5 %vol.<br \/>\nEnth\u00e4lt Sulfite<br \/>\nSCEA Chateau Moyau 11560 St Pierre La Mer, Frankreich<\/p>\n","protected":false},"excerpt":{"rendered":"<p><strong>Frankreich, Languedoc<\/strong><\/p>\n<p>Der &#8222;Enfin&#8220; ist eine Cuv\u00e9e aus Grenache Noir, Mourvedre und Syrah, ausgebaut wurde sie f\u00fcr rund zwei Jahre in neuen Barriques aus franz\u00f6sischer Eiche. Die Trauben stammen von den besten Parzellen des Weingutes und sind Schnitt 40 Jahre alt. Das intensive Bukett zeigt Aromen von Brombeeren, Himbeeren, Kirschen, Pflaumen, Kaffee, Schokolade, Vanille, Zeder, Zimt, Leder, Rauch, Kr\u00e4uter, Pfeffer und Veilchen. Am Gaumen stoffig, saftig, w\u00fcrzig, mineralisch, mit viel Frucht, viel weiches Tannin. Der Wein ist vielschichtig, er verf\u00fcgt \u00fcber eine animierende Eleganz und einen unglaublich langen Nachhall.<\/p>\n<p>Wein<br \/>\nAlkoholgehalt 14,5 %vol.<br \/>\nEnth\u00e4lt Sulfite<br \/>\nSCEA Chateau Moyau 11560 St Pierre La Mer, Frankreich<\/p>\n","protected":false},"featured_media":31335,"comment_status":"closed","ping_status":"closed","template":"","meta":{"_acf_changed":false},"product_brand":[],"product_cat":[1505,1514,1516],"product_tag":[1079],"class_list":{"0":"post-7639","1":"product","2":"type-product","3":"status-publish","4":"has-post-thumbnail","6":"product_cat-rotweine","7":"product_cat-frankreich","8":"product_cat-languedoc-roussillon-und-der-suedwesten","9":"product_tag-moyau-enfin-chateau-chateau-moyau-grenache-mourvedre-kaspar-frankreich-franzoesisch-rolf-nrw-essen-languedoc-rousillon-wein-weinbau-weine-weinversandweinanbaugebiet","11":"first","12":"instock","13":"taxable","14":"shipping-taxable","15":"purchasable","16":"product-type-simple"},"acf":[],"_links":{"self":[{"href":"https:\/\/www.kaspar-spirituosen.de\/shop\/wp-json\/wp\/v2\/product\/7639","targetHints":{"allow":["GET"]}}],"collection":[{"href":"https:\/\/www.kaspar-spirituosen.de\/shop\/wp-json\/wp\/v2\/product"}],"about":[{"href":"https:\/\/www.kaspar-spirituosen.de\/shop\/wp-json\/wp\/v2\/types\/product"}],"replies":[{"embeddable":true,"href":"https:\/\/www.kaspar-spirituosen.de\/shop\/wp-json\/wp\/v2\/comments?post=7639"}],"wp:featuredmedia":[{"embeddable":true,"href":"https:\/\/www.kaspar-spirituosen.de\/shop\/wp-json\/wp\/v2\/media\/31335"}],"wp:attachment":[{"href":"https:\/\/www.kaspar-spirituosen.de\/shop\/wp-json\/wp\/v2\/media?parent=7639"}],"wp:term":[{"taxonomy":"product_brand","embeddable":true,"href":"https:\/\/www.kaspar-spirituosen.de\/shop\/wp-json\/wp\/v2\/product_brand?post=7639"},{"taxonomy":"product_cat","embeddable":true,"href":"https:\/\/www.kaspar-spirituosen.de\/shop\/wp-json\/wp\/v2\/product_cat?post=7639"},{"taxonomy":"product_tag","embeddable":true,"href":"https:\/\/www.kaspar-spirituosen.de\/shop\/wp-json\/wp\/v2\/product_tag?post=7639"}],"curies":[{"name":"wp","href":"https:\/\/api.w.org\/{rel}","templated":true}]}}