{"id":7645,"date":"2025-05-05T16:51:47","date_gmt":"2025-05-05T14:51:47","guid":{"rendered":"https:\/\/www.kaspar-spirituosen.de\/shop\/produkt\/2021-domaine-attilon-ambition-rose-provence-075-lt\/"},"modified":"2026-04-17T21:04:58","modified_gmt":"2026-04-17T19:04:58","slug":"2024-domaine-attilon-ambition-rose-provence-075-lt","status":"publish","type":"product","link":"https:\/\/www.kaspar-spirituosen.de\/shop\/produkt\/2024-domaine-attilon-ambition-rose-provence-075-lt\/","title":{"rendered":"2024 Domaine Attilon, &#8222;Ambition&#8220;, Ros\u00e9, Provence 0,75 lt."},"content":{"rendered":"","protected":false},"excerpt":{"rendered":"<p><strong>Frankreich, Provence<\/strong><\/p>\n<p>In keiner anderen Region Frankreichs, ist der Ros\u00e9-Wein so popul\u00e4r wie in der Provence ! Der Ros\u00e9 &#8222;Ambition&#8220; ist eine Cuv\u00e9e der Rebsorten Pinot Noir (Sp\u00e4tburgunder) und Caladoc (Neuz\u00fcchtung aus Grenache und Malbec). Wenn Ros\u00e9, dann aus der Provence in S\u00fcdfrankreich !<\/p>\n<p>Wein<br \/>\nAlkoholgehalt 13,00 %vol.<br \/>\nEnth\u00e4lt Sulfite<\/p>\n<p>Scea de Roux-Cavard<br \/>\nDomaine Attilon<br \/>\nRoute de Port Saint-Louis du Rh\u00f4ne<br \/>\n13104 Mas-Thibert<br \/>\nContact our vineyard<br \/>\nTel.: 04 90 98 70 04<br \/>\nEmail: info@attilon.fr<\/p>\n","protected":false},"featured_media":31338,"comment_status":"closed","ping_status":"closed","template":"","meta":{"_acf_changed":false},"product_brand":[],"product_cat":[1505,1514,1516],"product_tag":[1084],"class_list":{"0":"post-7645","1":"product","2":"type-product","3":"status-publish","4":"has-post-thumbnail","6":"product_cat-rotweine","7":"product_cat-frankreich","8":"product_cat-languedoc-roussillon-und-der-suedwesten","9":"product_tag-attilon-rose-caladoc-pino-noir-bio-ambition-provence-kaspar-frankreich-franzoesisch-rolf-nrw-essen-languedoc-rousillon-wein-weinbau-weine-weinversandweinanbaugebiet","11":"first","12":"instock","13":"taxable","14":"shipping-taxable","15":"purchasable","16":"product-type-simple"},"acf":[],"_links":{"self":[{"href":"https:\/\/www.kaspar-spirituosen.de\/shop\/wp-json\/wp\/v2\/product\/7645","targetHints":{"allow":["GET"]}}],"collection":[{"href":"https:\/\/www.kaspar-spirituosen.de\/shop\/wp-json\/wp\/v2\/product"}],"about":[{"href":"https:\/\/www.kaspar-spirituosen.de\/shop\/wp-json\/wp\/v2\/types\/product"}],"replies":[{"embeddable":true,"href":"https:\/\/www.kaspar-spirituosen.de\/shop\/wp-json\/wp\/v2\/comments?post=7645"}],"wp:featuredmedia":[{"embeddable":true,"href":"https:\/\/www.kaspar-spirituosen.de\/shop\/wp-json\/wp\/v2\/media\/31338"}],"wp:attachment":[{"href":"https:\/\/www.kaspar-spirituosen.de\/shop\/wp-json\/wp\/v2\/media?parent=7645"}],"wp:term":[{"taxonomy":"product_brand","embeddable":true,"href":"https:\/\/www.kaspar-spirituosen.de\/shop\/wp-json\/wp\/v2\/product_brand?post=7645"},{"taxonomy":"product_cat","embeddable":true,"href":"https:\/\/www.kaspar-spirituosen.de\/shop\/wp-json\/wp\/v2\/product_cat?post=7645"},{"taxonomy":"product_tag","embeddable":true,"href":"https:\/\/www.kaspar-spirituosen.de\/shop\/wp-json\/wp\/v2\/product_tag?post=7645"}],"curies":[{"name":"wp","href":"https:\/\/api.w.org\/{rel}","templated":true}]}}