{"id":7653,"date":"2025-05-05T16:51:59","date_gmt":"2025-05-05T14:51:59","guid":{"rendered":"https:\/\/www.kaspar-spirituosen.de\/shop\/produkt\/2016-chateau-moyau-sauvage-075-lt\/"},"modified":"2025-10-24T16:15:36","modified_gmt":"2025-10-24T14:15:36","slug":"2016-chateau-moyau-sauvage-075-lt","status":"publish","type":"product","link":"https:\/\/www.kaspar-spirituosen.de\/shop\/produkt\/2016-chateau-moyau-sauvage-075-lt\/","title":{"rendered":"2016 Ch\u00e2teau Moyau Sauvage 0,75 lt"},"content":{"rendered":"<p><strong><em>Languedoc, Frankreich<\/em><\/strong><\/p>\n<p>Der &#8222;Sauvage&#8220; ist eine teilweise im Holzfass gereifte Cuv\u00e9e aus Carignan, Grenache Noir und Syrah. Die von Hand gelesenen Trauben stammen von Reben die teilweise bis zu 70 Jahre alt sind. Der Wein zeigt eine wunderbare Nase von Himbeeren, Kirschen, Pflaume, Zimt, Mokka, Unterholz, Leder, Thymian, Geranien und \u00e4therische Nuancen. Am Gaumen vollmundig, beeindruckend strukturiert, vielschichtig, saftig, samtig, mit viel Frucht, feinw\u00fcrzigen und mineralischen Noten. Der Wein ist elegant verspr\u00fcht einen unwiderstehlichen Charme und verf\u00fcgt \u00fcber einen sehr langen Nachhall.<\/p>\n<p>Wein<br \/>\nAlkoholgehalt 14 %vol.<br \/>\nEnth\u00e4lt Sulfite<br \/>\nSCEA Chateau Moyau 11560 St Pierre La Mer, Frankreich<\/p>\n","protected":false},"excerpt":{"rendered":"<p><strong><em>Languedoc, Frankreich<\/em><\/strong><\/p>\n<p>Der &#8222;Sauvage&#8220; ist eine teilweise im Holzfass gereifte Cuv\u00e9e aus Carignan, Grenache Noir und Syrah. Die von Hand gelesenen Trauben stammen von Reben die teilweise bis zu 70 Jahre alt sind. Der Wein zeigt eine wunderbare Nase von Himbeeren, Kirschen, Pflaume, Zimt, Mokka, Unterholz, Leder, Thymian, Geranien und \u00e4therische Nuancen. Am Gaumen vollmundig, beeindruckend strukturiert, vielschichtig, saftig, samtig, mit viel Frucht, feinw\u00fcrzigen und mineralischen Noten. Der Wein ist elegant verspr\u00fcht einen unwiderstehlichen Charme und verf\u00fcgt \u00fcber einen sehr langen Nachhall.<\/p>\n<p>Wein<br \/>\nAlkoholgehalt 14 %vol.<br \/>\nEnth\u00e4lt Sulfite<br \/>\nSCEA Chateau Moyau 11560 St Pierre La Mer, Frankreich<\/p>\n","protected":false},"featured_media":31340,"comment_status":"closed","ping_status":"closed","template":"","meta":{"_acf_changed":false},"product_brand":[],"product_cat":[1505,1514,1516],"product_tag":[1088],"class_list":{"0":"post-7653","1":"product","2":"type-product","3":"status-publish","4":"has-post-thumbnail","6":"product_cat-rotweine","7":"product_cat-frankreich","8":"product_cat-languedoc-roussillon-und-der-suedwesten","9":"product_tag-moyau-sauvage-chateau-chateau-moyau-syrah-grenache-mourvedre-kaspar-frankreich-franzoesisch-nrw-essen-languedoc-rousillon-wein-weinbau-weine-weinversand-weinanbaugebiet","11":"first","12":"instock","13":"taxable","14":"shipping-taxable","15":"purchasable","16":"product-type-simple"},"acf":[],"_links":{"self":[{"href":"https:\/\/www.kaspar-spirituosen.de\/shop\/wp-json\/wp\/v2\/product\/7653","targetHints":{"allow":["GET"]}}],"collection":[{"href":"https:\/\/www.kaspar-spirituosen.de\/shop\/wp-json\/wp\/v2\/product"}],"about":[{"href":"https:\/\/www.kaspar-spirituosen.de\/shop\/wp-json\/wp\/v2\/types\/product"}],"replies":[{"embeddable":true,"href":"https:\/\/www.kaspar-spirituosen.de\/shop\/wp-json\/wp\/v2\/comments?post=7653"}],"wp:featuredmedia":[{"embeddable":true,"href":"https:\/\/www.kaspar-spirituosen.de\/shop\/wp-json\/wp\/v2\/media\/31340"}],"wp:attachment":[{"href":"https:\/\/www.kaspar-spirituosen.de\/shop\/wp-json\/wp\/v2\/media?parent=7653"}],"wp:term":[{"taxonomy":"product_brand","embeddable":true,"href":"https:\/\/www.kaspar-spirituosen.de\/shop\/wp-json\/wp\/v2\/product_brand?post=7653"},{"taxonomy":"product_cat","embeddable":true,"href":"https:\/\/www.kaspar-spirituosen.de\/shop\/wp-json\/wp\/v2\/product_cat?post=7653"},{"taxonomy":"product_tag","embeddable":true,"href":"https:\/\/www.kaspar-spirituosen.de\/shop\/wp-json\/wp\/v2\/product_tag?post=7653"}],"curies":[{"name":"wp","href":"https:\/\/api.w.org\/{rel}","templated":true}]}}