{"id":7655,"date":"2025-05-05T16:51:59","date_gmt":"2025-05-05T14:51:59","guid":{"rendered":"https:\/\/www.kaspar-spirituosen.de\/shop\/produkt\/2015-chateau-moyau-terre-de-pierres-075-lt\/"},"modified":"2025-10-24T16:15:36","modified_gmt":"2025-10-24T14:15:36","slug":"2015-chateau-moyau-terre-de-pierres-075-lt","status":"publish","type":"product","link":"https:\/\/www.kaspar-spirituosen.de\/shop\/produkt\/2015-chateau-moyau-terre-de-pierres-075-lt\/","title":{"rendered":"2015 Ch\u00e2teau Moyau Terre de Pierres 0,75 lt."},"content":{"rendered":"<p><strong>Languedoc, Frankreich<\/strong><\/p>\n<p>Der &#8222;Terre de Pierres&#8220; ist eine Cuv\u00e9e aus Grenache Noir, Carignan, Mourvedre und Syrah. Ausgebaut wurde der Wein f\u00fcr rund ein Jahr in Barriques aus franz\u00f6sischer Eiche. Die von Hand gelesenen Trauben stammen von Reben die im Schnitt \u00fcber 40 Jahre alt sind. Der Ertrag ist auf geringe 25 Hektoliter pro Hektar begrenzt. Der Wein verstr\u00f6mt ein bet\u00f6rendes Bukett von Cassis, Brombeere, Lakritz, Tabak, Nelken, Pfeffer, Tr\u00fcffel, Leder, Schokolade, Mandeln und Veilchen. Am Gaumen kr\u00e4ftig, vielschichtig, viel samtenes Tannin, mineralisch, enorme F\u00fclle und Frucht, saftiger Biss, feine Holznoten, sehr elegant und mit fast endlos langem Nachhall.<\/p>\n<p>Wein<br \/>\nAlkoholgehalt 14,5 %vol.<br \/>\nEnth\u00e4lt Sulfite<br \/>\nSCEA Chateau Moyau 11560 St Pierre La Mer, Frankreich<\/p>\n","protected":false},"excerpt":{"rendered":"<p><strong>Languedoc, Frankreich<\/strong><\/p>\n<p>Der &#8222;Terre de Pierres&#8220; ist eine Cuv\u00e9e aus Grenache Noir, Carignan, Mourvedre und Syrah. Ausgebaut wurde der Wein f\u00fcr rund ein Jahr in Barriques aus franz\u00f6sischer Eiche. Die von Hand gelesenen Trauben stammen von Reben die im Schnitt \u00fcber 40 Jahre alt sind. Der Ertrag ist auf geringe 25 Hektoliter pro Hektar begrenzt. Der Wein verstr\u00f6mt ein bet\u00f6rendes Bukett von Cassis, Brombeere, Lakritz, Tabak, Nelken, Pfeffer, Tr\u00fcffel, Leder, Schokolade, Mandeln und Veilchen. Am Gaumen kr\u00e4ftig, vielschichtig, viel samtenes Tannin, mineralisch, enorme F\u00fclle und Frucht, saftiger Biss, feine Holznoten, sehr elegant und mit fast endlos langem Nachhall.<\/p>\n<p>Wein<br \/>\nAlkoholgehalt 14,5 %vol.<br \/>\nEnth\u00e4lt Sulfite<br \/>\nSCEA Chateau Moyau 11560 St Pierre La Mer, Frankreich<\/p>\n","protected":false},"featured_media":31341,"comment_status":"closed","ping_status":"closed","template":"","meta":{"_acf_changed":false},"product_brand":[],"product_cat":[1505,1514,1516],"product_tag":[1089],"class_list":{"0":"post-7655","1":"product","2":"type-product","3":"status-publish","4":"has-post-thumbnail","6":"product_cat-rotweine","7":"product_cat-frankreich","8":"product_cat-languedoc-roussillon-und-der-suedwesten","9":"product_tag-moyau-terre-de-pierres-chateau-chateau-moyau-syrah-grenache-mourvedre-frankreich-franzoesisch-kaspar-rolf-nrw-essen-languedoc-rousillon-wein-weinbau-weine-weinversand-weinanbaugebiet","11":"first","12":"instock","13":"taxable","14":"shipping-taxable","15":"purchasable","16":"product-type-simple"},"acf":[],"_links":{"self":[{"href":"https:\/\/www.kaspar-spirituosen.de\/shop\/wp-json\/wp\/v2\/product\/7655","targetHints":{"allow":["GET"]}}],"collection":[{"href":"https:\/\/www.kaspar-spirituosen.de\/shop\/wp-json\/wp\/v2\/product"}],"about":[{"href":"https:\/\/www.kaspar-spirituosen.de\/shop\/wp-json\/wp\/v2\/types\/product"}],"replies":[{"embeddable":true,"href":"https:\/\/www.kaspar-spirituosen.de\/shop\/wp-json\/wp\/v2\/comments?post=7655"}],"wp:featuredmedia":[{"embeddable":true,"href":"https:\/\/www.kaspar-spirituosen.de\/shop\/wp-json\/wp\/v2\/media\/31341"}],"wp:attachment":[{"href":"https:\/\/www.kaspar-spirituosen.de\/shop\/wp-json\/wp\/v2\/media?parent=7655"}],"wp:term":[{"taxonomy":"product_brand","embeddable":true,"href":"https:\/\/www.kaspar-spirituosen.de\/shop\/wp-json\/wp\/v2\/product_brand?post=7655"},{"taxonomy":"product_cat","embeddable":true,"href":"https:\/\/www.kaspar-spirituosen.de\/shop\/wp-json\/wp\/v2\/product_cat?post=7655"},{"taxonomy":"product_tag","embeddable":true,"href":"https:\/\/www.kaspar-spirituosen.de\/shop\/wp-json\/wp\/v2\/product_tag?post=7655"}],"curies":[{"name":"wp","href":"https:\/\/api.w.org\/{rel}","templated":true}]}}