{"id":7659,"date":"2025-05-05T16:51:59","date_gmt":"2025-05-05T14:51:59","guid":{"rendered":"https:\/\/www.kaspar-spirituosen.de\/shop\/produkt\/2012-chateau-moyau-hallucinant-075-lt\/"},"modified":"2025-10-24T16:15:37","modified_gmt":"2025-10-24T14:15:37","slug":"2012-chateau-moyau-hallucinant-075-lt","status":"publish","type":"product","link":"https:\/\/www.kaspar-spirituosen.de\/shop\/produkt\/2012-chateau-moyau-hallucinant-075-lt\/","title":{"rendered":"2012 Ch\u00e2teau Moyau Hallucinant 0,75 lt"},"content":{"rendered":"<p>Beim Hallucinant handelt es sich um das neue Flagschiff von Ch\u00e2teau Moyau. Der Wein basiert fast ausnahmslos auf der Rebsorte Mourvedre und wurde f\u00fcr rund 24 Monate in neuen Barriques aus franz\u00f6sischer Eiche ausgebaut. Animalisch, konzentriert, intensiv und gro\u00df!<br \/>\nDas konzentrierte Bukett zeigt Aromen von Kirschen, Pflaumen, Brombeeren, Vanille, Zeder, Lakritz, Leder, balsamische Noten, Bitterschokolade, Kr\u00e4uter, Gew\u00fcrze und Veilchen. Am Gaumen komplex, viel dunkle Frucht, intensive Aromatik, w\u00fcrzig, bet\u00f6rende Saftigkeit, tief mineralisch, vielschichtig, dichte Tanninstruktur, samtig, enorm konzentriert, aber dennoch auch elegant. Der fast endlose Nachhall zeigt dezente Bitternoten, Gew\u00fcrze und Frucht. Ein Wein, der wirklich Sinne raubt \u2013 eben \u201eHallucinant\u201c.<\/p>\n<p>Wein<br \/>\nAlkoholgehalt 14,5%vol.<br \/>\nEnth\u00e4lt Sulfite<br \/>\nSCEA Chateau Moyau 11560 St Pierre La Mer, Frankreich<\/p>\n","protected":false},"excerpt":{"rendered":"<p>Beim Hallucinant handelt es sich um das neue Flagschiff von Ch\u00e2teau Moyau. Der Wein basiert fast ausnahmslos auf der Rebsorte Mourvedre und wurde f\u00fcr rund 24 Monate in neuen Barriques aus franz\u00f6sischer Eiche ausgebaut. Animalisch, konzentriert, intensiv und gro\u00df!<br \/>\nDas konzentrierte Bukett zeigt Aromen von Kirschen, Pflaumen, Brombeeren, Vanille, Zeder, Lakritz, Leder, balsamische Noten, Bitterschokolade, Kr\u00e4uter, Gew\u00fcrze und Veilchen. Am Gaumen komplex, viel dunkle Frucht, intensive Aromatik, w\u00fcrzig, bet\u00f6rende Saftigkeit, tief mineralisch, vielschichtig, dichte Tanninstruktur, samtig, enorm konzentriert, aber dennoch auch elegant. Der fast endlose Nachhall zeigt dezente Bitternoten, Gew\u00fcrze und Frucht. Ein Wein, der wirklich Sinne raubt \u2013 eben \u201eHallucinant\u201c.<\/p>\n<p>Wein<br \/>\nAlkoholgehalt 14,5%vol.<br \/>\nEnth\u00e4lt Sulfite<br \/>\nSCEA Chateau Moyau 11560 St Pierre La Mer, Frankreich<\/p>\n","protected":false},"featured_media":31343,"comment_status":"closed","ping_status":"closed","template":"","meta":{"_acf_changed":false},"product_brand":[],"product_cat":[1505,1514,1516],"product_tag":[1091],"class_list":{"0":"post-7659","1":"product","2":"type-product","3":"status-publish","4":"has-post-thumbnail","6":"product_cat-rotweine","7":"product_cat-frankreich","8":"product_cat-languedoc-roussillon-und-der-suedwesten","9":"product_tag-moyau-chateau-chateau-moyau-mourvedre-kaspar-frankreich-franzoesisch-rolf-nrw-essen-languedoc-roussillon-clape-wein-weine","11":"first","12":"instock","13":"taxable","14":"shipping-taxable","15":"purchasable","16":"product-type-simple"},"acf":[],"_links":{"self":[{"href":"https:\/\/www.kaspar-spirituosen.de\/shop\/wp-json\/wp\/v2\/product\/7659","targetHints":{"allow":["GET"]}}],"collection":[{"href":"https:\/\/www.kaspar-spirituosen.de\/shop\/wp-json\/wp\/v2\/product"}],"about":[{"href":"https:\/\/www.kaspar-spirituosen.de\/shop\/wp-json\/wp\/v2\/types\/product"}],"replies":[{"embeddable":true,"href":"https:\/\/www.kaspar-spirituosen.de\/shop\/wp-json\/wp\/v2\/comments?post=7659"}],"wp:featuredmedia":[{"embeddable":true,"href":"https:\/\/www.kaspar-spirituosen.de\/shop\/wp-json\/wp\/v2\/media\/31343"}],"wp:attachment":[{"href":"https:\/\/www.kaspar-spirituosen.de\/shop\/wp-json\/wp\/v2\/media?parent=7659"}],"wp:term":[{"taxonomy":"product_brand","embeddable":true,"href":"https:\/\/www.kaspar-spirituosen.de\/shop\/wp-json\/wp\/v2\/product_brand?post=7659"},{"taxonomy":"product_cat","embeddable":true,"href":"https:\/\/www.kaspar-spirituosen.de\/shop\/wp-json\/wp\/v2\/product_cat?post=7659"},{"taxonomy":"product_tag","embeddable":true,"href":"https:\/\/www.kaspar-spirituosen.de\/shop\/wp-json\/wp\/v2\/product_tag?post=7659"}],"curies":[{"name":"wp","href":"https:\/\/api.w.org\/{rel}","templated":true}]}}