{"id":7661,"date":"2025-05-05T16:51:59","date_gmt":"2025-05-05T14:51:59","guid":{"rendered":"https:\/\/www.kaspar-spirituosen.de\/shop\/produkt\/2018-la-prade-mari-conte-des-garrigues-075-lt\/"},"modified":"2025-10-24T16:15:38","modified_gmt":"2025-10-24T14:15:38","slug":"2018-la-prade-mari-conte-des-garrigues-075-lt","status":"publish","type":"product","link":"https:\/\/www.kaspar-spirituosen.de\/shop\/produkt\/2018-la-prade-mari-conte-des-garrigues-075-lt\/","title":{"rendered":"2018 La Prade Mari Conte des Garrigues 0,75 lt"},"content":{"rendered":"<p>In der Nase macht sich ein molliges Bouquet bemerkbar. Intensiv r\u00f6stig und feiner Duft nach frischer Eiche. Extrem viel schwarze, reife Beeren und Rauch. Im Mund sehr kompakt, mit s\u00fc\u00dflichem Schmelz und viel Alkohol. Getragen wird der Wein von reifen, noch jugendlichen Tanninen. Dar\u00fcber hinaus sehr pr\u00e4sentes, schokoladig-r\u00f6stiges Holz. Dieser dunkle Wein hat eine bemerkenswerte Tiefe mit Gew\u00fcrz- und Kr\u00e4uternoten im Hintergrund. Im Ausklang reife Frucht und R\u00f6staromen. Dekantieren Sie ihn ruhig eine halbe Stunde vorher. Sie werden \u00fcber die Ver\u00e4nderungen staunen!<\/p>\n<p><span class=\"lettrine\">R<\/span>ebsorten: Grenache 50%, Syrah 50%<br \/>\n<span class=\"lettrine\">A<\/span>lter der Weinst\u00f6cke: 8 bis 20 Jahre<br \/>\n<span class=\"lettrine\">R<\/span>eifezeit : 12 Monate Reife im Holzfass, franz\u00f6sische Eiche (Nadali\u00e9, Demptos )<\/p>\n<p>Wein<br \/>\nAlkoholgehalt 14,5%vol.<br \/>\nEnth\u00e4lt Sulfite<br \/>\nDomaine La Prade Mari Proprietaire Recoltante a Aigne F 34210 Frankreich<\/p>\n","protected":false},"excerpt":{"rendered":"<p>In der Nase macht sich ein molliges Bouquet bemerkbar. Intensiv r\u00f6stig und feiner Duft nach frischer Eiche. Extrem viel schwarze, reife Beeren und Rauch. Im Mund sehr kompakt, mit s\u00fc\u00dflichem Schmelz und viel Alkohol. Getragen wird der Wein von reifen, noch jugendlichen Tanninen. Dar\u00fcber hinaus sehr pr\u00e4sentes, schokoladig-r\u00f6stiges Holz. Dieser dunkle Wein hat eine bemerkenswerte Tiefe mit Gew\u00fcrz- und Kr\u00e4uternoten im Hintergrund. Im Ausklang reife Frucht und R\u00f6staromen. Dekantieren Sie ihn ruhig eine halbe Stunde vorher. Sie werden \u00fcber die Ver\u00e4nderungen staunen!<\/p>\n<p><span class=\"lettrine\">R<\/span>ebsorten: Grenache 50%, Syrah 50%<br \/>\n<span class=\"lettrine\">A<\/span>lter der Weinst\u00f6cke: 8 bis 20 Jahre<br \/>\n<span class=\"lettrine\">R<\/span>eifezeit : 12 Monate Reife im Holzfass, franz\u00f6sische Eiche (Nadali\u00e9, Demptos )<\/p>\n<p>Wein<br \/>\nAlkoholgehalt 14,5%vol.<br \/>\nEnth\u00e4lt Sulfite<br \/>\nDomaine La Prade Mari Proprietaire Recoltante a Aigne F 34210 Frankreich<\/p>\n","protected":false},"featured_media":31344,"comment_status":"closed","ping_status":"closed","template":"","meta":{"_acf_changed":false},"product_brand":[],"product_cat":[1505,1514,1516],"product_tag":[1092],"class_list":{"0":"post-7661","1":"product","2":"type-product","3":"status-publish","4":"has-post-thumbnail","6":"product_cat-rotweine","7":"product_cat-frankreich","8":"product_cat-languedoc-roussillon-und-der-suedwesten","9":"product_tag-conte-des-garrigues-la-prade-mari-minervois-languedoc-rousillon-suedfrankreich-wein-rotwein-weine-weinprobe-weinversand-rolf-kaspar-nrw","11":"first","12":"instock","13":"taxable","14":"shipping-taxable","15":"purchasable","16":"product-type-simple"},"acf":[],"_links":{"self":[{"href":"https:\/\/www.kaspar-spirituosen.de\/shop\/wp-json\/wp\/v2\/product\/7661","targetHints":{"allow":["GET"]}}],"collection":[{"href":"https:\/\/www.kaspar-spirituosen.de\/shop\/wp-json\/wp\/v2\/product"}],"about":[{"href":"https:\/\/www.kaspar-spirituosen.de\/shop\/wp-json\/wp\/v2\/types\/product"}],"replies":[{"embeddable":true,"href":"https:\/\/www.kaspar-spirituosen.de\/shop\/wp-json\/wp\/v2\/comments?post=7661"}],"wp:featuredmedia":[{"embeddable":true,"href":"https:\/\/www.kaspar-spirituosen.de\/shop\/wp-json\/wp\/v2\/media\/31344"}],"wp:attachment":[{"href":"https:\/\/www.kaspar-spirituosen.de\/shop\/wp-json\/wp\/v2\/media?parent=7661"}],"wp:term":[{"taxonomy":"product_brand","embeddable":true,"href":"https:\/\/www.kaspar-spirituosen.de\/shop\/wp-json\/wp\/v2\/product_brand?post=7661"},{"taxonomy":"product_cat","embeddable":true,"href":"https:\/\/www.kaspar-spirituosen.de\/shop\/wp-json\/wp\/v2\/product_cat?post=7661"},{"taxonomy":"product_tag","embeddable":true,"href":"https:\/\/www.kaspar-spirituosen.de\/shop\/wp-json\/wp\/v2\/product_tag?post=7661"}],"curies":[{"name":"wp","href":"https:\/\/api.w.org\/{rel}","templated":true}]}}